{"id":116952,"date":"2021-12-30T00:00:00","date_gmt":"2021-12-29T23:00:00","guid":{"rendered":"http:\/\/gpl-love.com\/fr\/produit\/mycred-pour-user-pro\/"},"modified":"2026-03-20T23:26:05","modified_gmt":"2026-03-20T22:26:05","slug":"mycred-pour-user-pro","status":"publish","type":"product","link":"https:\/\/gpl-love.com\/fr\/produit\/mycred-pour-user-pro\/","title":{"rendered":"myCred pour User Pro 1.1.7"},"content":{"rendered":"<h3>myCred pour User Pro Traits<\/h3>\n<p>MyCred for User Pro est un plugin incroyablement robuste et dynamique qui offre aux propri\u00e9taires de sites Web un outil exceptionnel pour cr\u00e9er des exp\u00e9riences captivantes et gratifiantes pour leurs pr\u00e9cieux utilisateurs. Gr\u00e2ce \u00e0 l&rsquo;utilisation de MYCRED pour User Pro, les utilisateurs peuvent accumuler des points, acqu\u00e9rir des badges et obtenir des r\u00e9compenses en fonction de leurs diverses activit\u00e9s sur le site Web, y compris les commentaires, les aides, le partage et les achats. De plus, ce plugin exceptionnel offre aux propri\u00e9taires de sites Web la capacit\u00e9 extraordinaire \u00e0 \u00e9tablir des r\u00e8gles et des incitations personnalis\u00e9es adapt\u00e9es \u00e0 des groupes d&rsquo;utilisateurs sp\u00e9cifiques, tout en surveillant l&rsquo;engagement et l&rsquo;activit\u00e9 des utilisateurs gr\u00e2ce \u00e0 des rapports et des analyses complets. L&rsquo;utilisation efficace de MYCRED pour User Pro permet aux propri\u00e9taires de sites Web \u00e0 accro\u00eetre consid\u00e9rablement l&rsquo;engagement des utilisateurs, \u00e0 favoriser la fid\u00e9lit\u00e9 et \u00e0 renforcer la r\u00e9tention des utilisateurs, ce qui a finalement abouti \u00e0 une exp\u00e9rience utilisateur in\u00e9gal\u00e9e qui est vraiment enrichissante et \u00e9panouissante.<\/p>\n<ul>\n<li>Plugin convivial pour la gestion et l&rsquo;attribution des points aux utilisateurs de UserPro<\/li>\n<li>S&rsquo;int\u00e8gre parfaitement \u00e0 UserPro, permettant des programmes de r\u00e9compense bas\u00e9s sur des points faciles<\/li>\n<li>Propose divers m\u00e9canismes de revenu de point tels que la connexion, les commentaires, le partage social, et plus encore<\/li>\n<li>Fournit des options de rachat de points personnalisables pour les utilisateurs tels que des remises, des coupons et un acc\u00e8s exclusif<\/li>\n<li>Syst\u00e8me de suivi avanc\u00e9 pour les administrateurs afin de surveiller les points et transactions des utilisateurs<\/li>\n<li>Interface conviviale pour les utilisateurs pour afficher leurs points et leurs options de rachat<\/li>\n<li>Syst\u00e8me de mod\u00e8les int\u00e9gr\u00e9 pour une modification facile des aspects ponctuels sur le front-end du site Web<\/li>\n<li>Documentation et soutien approfondies pour assurer une int\u00e9gration en douceur avec votre site Web.<\/li>\n<\/ul>\n","protected":false},"excerpt":{"rendered":"<p>MyCred for User Pro, un plugin WordPress de haute qualit\u00e9, offre aux propri\u00e9taires de sites Web d&rsquo;occasion d&rsquo;incorporer de mani\u00e8re transparente des programmes de gestion et de fid\u00e9lit\u00e9 des utilisateurs sophistiqu\u00e9s dans leurs plateformes en ligne. En tirant parti de MyCred pour User Pro, ces personnes peuvent \u00e9tablir sans effort des points et r\u00e9compenses personnalis\u00e9s, surveiller les comportements des utilisateurs et superviser les r\u00f4les et autorisations des utilisateurs. Ce plugin r\u00e9volutionnaire s&rsquo;av\u00e8re inestimable pour les propri\u00e9taires de sites Web aspirant \u00e0 inspirer et \u00e0 satisfaire leurs utilisateurs pour avoir particip\u00e9 activement \u00e0 leur contenu, accomplir des t\u00e2ches d\u00e9sign\u00e9es ou atteindre des objectifs pr\u00e9d\u00e9termin\u00e9s. Embrasser MyCred pour l&rsquo;utilisateur Pro ouvre la voie \u00e0 la culture d&rsquo;une communaut\u00e9 d&rsquo;utilisateurs d\u00e9vou\u00e9e comme jamais auparavant!<\/p>\n","protected":false},"featured_media":144614,"comment_status":"open","ping_status":"open","template":"","meta":[],"product_brand":[2599],"product_cat":[1189,1181,1186],"product_tag":[2238],"class_list":{"0":"post-116952","1":"product","2":"type-product","3":"status-publish","4":"has-post-thumbnail","6":"product_brand-mycred","7":"product_cat-personnalisation","8":"product_cat-plugins","9":"product_cat-wordpress-plugins","10":"product_tag-mycred","11":"member-discount","12":"discount-restricted","14":"first","15":"instock","16":"sale","17":"downloadable","18":"virtual","19":"sold-individually","20":"purchasable","21":"product-type-simple"},"_links":{"self":[{"href":"https:\/\/gpl-love.com\/fr\/wp-json\/wp\/v2\/product\/116952","targetHints":{"allow":["GET"]}}],"collection":[{"href":"https:\/\/gpl-love.com\/fr\/wp-json\/wp\/v2\/product"}],"about":[{"href":"https:\/\/gpl-love.com\/fr\/wp-json\/wp\/v2\/types\/product"}],"replies":[{"embeddable":true,"href":"https:\/\/gpl-love.com\/fr\/wp-json\/wp\/v2\/comments?post=116952"}],"wp:featuredmedia":[{"embeddable":true,"href":"https:\/\/gpl-love.com\/fr\/wp-json\/wp\/v2\/media\/144614"}],"wp:attachment":[{"href":"https:\/\/gpl-love.com\/fr\/wp-json\/wp\/v2\/media?parent=116952"}],"wp:term":[{"taxonomy":"product_brand","embeddable":true,"href":"https:\/\/gpl-love.com\/fr\/wp-json\/wp\/v2\/product_brand?post=116952"},{"taxonomy":"product_cat","embeddable":true,"href":"https:\/\/gpl-love.com\/fr\/wp-json\/wp\/v2\/product_cat?post=116952"},{"taxonomy":"product_tag","embeddable":true,"href":"https:\/\/gpl-love.com\/fr\/wp-json\/wp\/v2\/product_tag?post=116952"}],"curies":[{"name":"wp","href":"https:\/\/api.w.org\/{rel}","templated":true}]}}