{"id":116950,"date":"2021-08-15T00:00:00","date_gmt":"2021-08-14T22:00:00","guid":{"rendered":"http:\/\/gpl-love.com\/fr\/produit\/mycred-pour-wpbakery-page-builder\/"},"modified":"2026-04-10T18:32:23","modified_gmt":"2026-04-10T16:32:23","slug":"mycred-pour-wpbakery-page-builder","status":"publish","type":"product","link":"https:\/\/gpl-love.com\/fr\/produit\/mycred-pour-wpbakery-page-builder\/","title":{"rendered":"myCred pour WPBakery Page Builder 1.2.1"},"content":{"rendered":"<h3>myCred pour WPBakery Page Builder Traits<\/h3>\n<p>MyCred pour WPBakery Page Builder est un module compl\u00e9mentaire incroyablement robuste qui offre aux utilisateurs la commodit\u00e9 d&rsquo;incorporer sans effort un syst\u00e8me de gestion des points sophistiqu\u00e9 dans leur site Web WordPress. En tirant parti de ce plugin exceptionnel, les utilisateurs sont autoris\u00e9s \u00e0 donner des points \u00e0 leurs visiteurs estim\u00e9s en r\u00e9ponse \u00e0 un \u00e9ventail d&rsquo;activit\u00e9s diverses, allant du simple acte de partage de contenu captivant pour s&rsquo;engager activement dans des interactions fructueuses en laissant des commentaires perspicaces ou en engageant des achats lucratifs. Ce qui distingue vraiment ce plugin, c&rsquo;est sa capacit\u00e9 \u00e0 permettre \u00e0 ces visiteurs reconnaissants de racheter leurs points accumul\u00e9s avec diligence en \u00e9change d&rsquo;une gamme \u00e9clectique de r\u00e9compenses captivantes ou de prestations attrayantes, cultivant ainsi une incitation ind\u00e9niablement in\u00e9gal . En tant que solution extr\u00eamement agile, le plugin offre des niveaux de personnalisation non annonc\u00e9s, offrant aux utilisateurs le privil\u00e8ge incontestable de fabriquer m\u00e9ticuleusement leur propre ensemble de r\u00e8gles de syst\u00e8me ponctuel et de concevoir leur propre s\u00e9lection d&rsquo;options de r\u00e9compense s\u00e9duisantes. En outre, le processus d&rsquo;installation et d&rsquo;utilisation simple associ\u00e9 \u00e0 MYCRED pour WPBAKERY Page Builder le rend un choix sans \u00e9quivoque pour les entreprises astucieuses qui cherchent ardemment \u00e0 \u00e9lever le niveau d&rsquo;engagement des utilisateurs sur leur site Web estim\u00e9.<\/p>\n<ul>\n<li>Permet aux utilisateurs d&rsquo;utiliser facilement MyCred dans WPBAKERY PAGE BUILDER<\/li>\n<li>Fournit une int\u00e9gration transparente entre MyCred et WPBakery Page Builder<\/li>\n<li>Permet aux utilisateurs de personnaliser et de configurer les fonctionnalit\u00e9s MYCRED dans WPBakery Page Builder<\/li>\n<li>\u00c9conomise le temps et les ressources en \u00e9liminant la n\u00e9cessit\u00e9 de basculer entre les diff\u00e9rentes plateformes<\/li>\n<li>Am\u00e9liore l&rsquo;exp\u00e9rience utilisateur en permettant des interactions plus puissantes et engageantes sur les sites Web WordPress<\/li>\n<li>Offre une interface intuitive et conviviale avec aucune comp\u00e9tence de codage ou technique requise<\/li>\n<li>Prend en charge plusieurs langues et est enti\u00e8rement compatible avec la derni\u00e8re version WordPress<\/li>\n<li>Fournit un support client fiable et r\u00e9actif pour assurer une exp\u00e9rience utilisateur fluide<\/li>\n<\/ul>\n","protected":false},"excerpt":{"rendered":"<p>MyCred pour WPBakery Page Builder est un plugin incroyablement robuste et influent, sans pr\u00e9c\u00e9dent dans sa capacit\u00e9 \u00e0 permettre aux utilisateurs de donner ou de soustraire des points fond\u00e9s sur des actions cibl\u00e9es pr\u00e9cis\u00e9ment ex\u00e9cut\u00e9es sur leur site WordPress. L&rsquo;interface du plugin est con\u00e7ue ing\u00e9nieusement, permettant aux utilisateurs de modifier et de pr\u00e9senter sans effort la cr\u00e9ation de points, de badges et de rangs sur les pages qu&rsquo;ils ont m\u00e9ticuleusement construites en utilisant le constructeur de page WPBakery. Ce plugin in\u00e9gal\u00e9 s&rsquo;int\u00e8gre de mani\u00e8re transparente \u00e0 MyCred, conf\u00e9rant ainsi aux utilisateurs le degr\u00e9 d&rsquo;adaptabilit\u00e9 et d&rsquo;autorit\u00e9 quintessentiel dans la gestion des programmes ax\u00e9s sur les points destin\u00e9s \u00e0 renforcer l&rsquo;engagement des utilisateurs et \u00e0 cultiver une fid\u00e9lit\u00e9 in\u00e9branlable. Par cons\u00e9quent, ce plugin repr\u00e9sente une solution id\u00e9ale pour les entreprises et les institutions en d\u00e9sirant avec ferveur pour augmenter l&rsquo;engagement des utilisateurs et favoriser la r\u00e9tention durable de la client\u00e8le.<\/p>\n","protected":false},"featured_media":144616,"comment_status":"open","ping_status":"open","template":"","meta":[],"product_brand":[2599],"product_cat":[1189,1181,1186],"product_tag":[2238],"class_list":{"0":"post-116950","1":"product","2":"type-product","3":"status-publish","4":"has-post-thumbnail","6":"product_brand-mycred","7":"product_cat-personnalisation","8":"product_cat-plugins","9":"product_cat-wordpress-plugins","10":"product_tag-mycred","11":"member-discount","12":"discount-restricted","14":"first","15":"instock","16":"sale","17":"downloadable","18":"virtual","19":"sold-individually","20":"purchasable","21":"product-type-simple"},"_links":{"self":[{"href":"https:\/\/gpl-love.com\/fr\/wp-json\/wp\/v2\/product\/116950","targetHints":{"allow":["GET"]}}],"collection":[{"href":"https:\/\/gpl-love.com\/fr\/wp-json\/wp\/v2\/product"}],"about":[{"href":"https:\/\/gpl-love.com\/fr\/wp-json\/wp\/v2\/types\/product"}],"replies":[{"embeddable":true,"href":"https:\/\/gpl-love.com\/fr\/wp-json\/wp\/v2\/comments?post=116950"}],"wp:featuredmedia":[{"embeddable":true,"href":"https:\/\/gpl-love.com\/fr\/wp-json\/wp\/v2\/media\/144616"}],"wp:attachment":[{"href":"https:\/\/gpl-love.com\/fr\/wp-json\/wp\/v2\/media?parent=116950"}],"wp:term":[{"taxonomy":"product_brand","embeddable":true,"href":"https:\/\/gpl-love.com\/fr\/wp-json\/wp\/v2\/product_brand?post=116950"},{"taxonomy":"product_cat","embeddable":true,"href":"https:\/\/gpl-love.com\/fr\/wp-json\/wp\/v2\/product_cat?post=116950"},{"taxonomy":"product_tag","embeddable":true,"href":"https:\/\/gpl-love.com\/fr\/wp-json\/wp\/v2\/product_tag?post=116950"}],"curies":[{"name":"wp","href":"https:\/\/api.w.org\/{rel}","templated":true}]}}