{"id":116948,"date":"2025-08-09T00:00:00","date_gmt":"2025-08-08T22:00:00","guid":{"rendered":"http:\/\/gpl-love.com\/fr\/produit\/mycred-level-cred\/"},"modified":"2026-04-10T18:32:25","modified_gmt":"2026-04-10T16:32:25","slug":"mycred-level-cred","status":"publish","type":"product","link":"https:\/\/gpl-love.com\/fr\/produit\/mycred-level-cred\/","title":{"rendered":"myCred Level Cred 1.2.4"},"content":{"rendered":"<h3>myCred Level Cred Traits<\/h3>\n<p>MyCred Level Cred, un outil tr\u00e8s robuste et efficace, sert d&rsquo;attention inestimable pour g\u00e9rer et inciter efficacement l&rsquo;engagement des utilisateurs sur votre site Web. Gr\u00e2ce \u00e0 l&rsquo;utilisation de ce plugin exceptionnel, vous \u00eates autoris\u00e9 \u00e0 cr\u00e9er des syst\u00e8mes de points personnalis\u00e9s, \u00e0 suivre m\u00e9ticuleusement l&rsquo;activit\u00e9 des utilisateurs et \u00e0 consacrer des r\u00e9compenses et des badges bien m\u00e9rit\u00e9es sur vos utilisateurs les plus z\u00e9l\u00e9s et les plus proactifs. En adoptant un cr\u00e9dit de niveau, vous \u00eates en mesure de motiver efficacement les utilisateurs \u00e0 s&rsquo;immerger dans votre contenu, \u00e0 cultiver un sentiment de communaut\u00e9 et de loyaut\u00e9 in\u00e9branlable, et finalement d&rsquo;am\u00e9liorer le taux de conversions. Que vous soyez exploit\u00e9 un site d&rsquo;adh\u00e9sion, une boutique en ligne ou un forum communautaire, MyCred Level CRED est un instrument indispensable pour stimuler l&rsquo;engagement des utilisateurs et favoriser la croissance exponentielle.<\/p>\n<ul>\n<li>MyCred Level Cred est un plugin con\u00e7u pour les sites Web WordPress qui permet aux utilisateurs de r\u00e9compenser les points \u00e0 leurs visiteurs et clients.<\/li>\n<li>Il permet aux propri\u00e9taires de sites Web de cr\u00e9er leur propre syst\u00e8me de r\u00e9compense, avec des points gagn\u00e9s pour une vari\u00e9t\u00e9 d&rsquo;actions telles que l&rsquo;inscription, le fait de laisser un commentaire ou de faire un achat.<\/li>\n<li>Avec MyCred Level Cred, les utilisateurs peuvent \u00e9galement mettre en place diff\u00e9rents niveaux avec des avantages et des r\u00e9compenses sp\u00e9cifiques pour chaque niveau, ce qui contribue \u00e0 encourager encore plus d&rsquo;engagement et de loyaut\u00e9 de leur public.<\/li>\n<li>Le plugin a une interface conviviale et peut \u00eatre facilement personnalis\u00e9e pour correspondre \u00e0 la conception et \u00e0 l&rsquo;image de marque de n&rsquo;importe quel site Web.<\/li>\n<li>Il prend en charge l&rsquo;int\u00e9gration avec plusieurs plugins populaires, tels que WooCommerce, Buddypress et Gravity Forms, pour fournir une exp\u00e9rience utilisateur transparente.<\/li>\n<li>Les propri\u00e9taires de sites Web peuvent \u00e9galement suivre leurs m\u00e9triques et analyses pour comprendre et optimiser leur programme de r\u00e9compenses en utilisant les fonctionnalit\u00e9s de rapport du plugin.<\/li>\n<li>Avec MyCred Level Cred, les propri\u00e9taires de sites Web peuvent cr\u00e9er une exp\u00e9rience de site Web plus engageante et interactive pour leurs visiteurs, augmentant leur r\u00e9tention et leur fid\u00e9lit\u00e9.<\/li>\n<\/ul>\n","protected":false},"excerpt":{"rendered":"<p>MyCred Level Cred est un instrument exceptionnel qui offre des capacit\u00e9s robustes pour la gestion et la gratification des utilisateurs sur votre site Web. En utilisant ce plugin remarquable, vous pouvez concevoir des programmes de fid\u00e9lit\u00e9 sur mesure et accorder des points aux utilisateurs car ils remplissent avec succ\u00e8s des t\u00e2ches et des objectifs pr\u00e9d\u00e9finis. Utilisez ce plugin exceptionnel pour stimuler efficacement la participation des utilisateurs, am\u00e9liorer la fid\u00e9lit\u00e9 des utilisateurs et \u00e9lever l&rsquo;efficacit\u00e9 globale de votre site Web. Que vous soyez exploit\u00e9 un site d&rsquo;adh\u00e9sion, une boutique de commerce \u00e9lectronique ou une communaut\u00e9 en ligne, MyCred Level Cred est sans \u00e9quivoque la r\u00e9solution id\u00e9ale pour compenser correctement votre client\u00e8le et vos utilisateurs estim\u00e9s.<\/p>\n","protected":false},"featured_media":144618,"comment_status":"open","ping_status":"open","template":"","meta":[],"product_brand":[2599],"product_cat":[1189,1181,1186],"product_tag":[2238],"class_list":{"0":"post-116948","1":"product","2":"type-product","3":"status-publish","4":"has-post-thumbnail","6":"product_brand-mycred","7":"product_cat-personnalisation","8":"product_cat-plugins","9":"product_cat-wordpress-plugins","10":"product_tag-mycred","11":"member-discount","12":"discount-restricted","14":"first","15":"instock","16":"sale","17":"downloadable","18":"virtual","19":"sold-individually","20":"purchasable","21":"product-type-simple"},"_links":{"self":[{"href":"https:\/\/gpl-love.com\/fr\/wp-json\/wp\/v2\/product\/116948","targetHints":{"allow":["GET"]}}],"collection":[{"href":"https:\/\/gpl-love.com\/fr\/wp-json\/wp\/v2\/product"}],"about":[{"href":"https:\/\/gpl-love.com\/fr\/wp-json\/wp\/v2\/types\/product"}],"replies":[{"embeddable":true,"href":"https:\/\/gpl-love.com\/fr\/wp-json\/wp\/v2\/comments?post=116948"}],"wp:featuredmedia":[{"embeddable":true,"href":"https:\/\/gpl-love.com\/fr\/wp-json\/wp\/v2\/media\/144618"}],"wp:attachment":[{"href":"https:\/\/gpl-love.com\/fr\/wp-json\/wp\/v2\/media?parent=116948"}],"wp:term":[{"taxonomy":"product_brand","embeddable":true,"href":"https:\/\/gpl-love.com\/fr\/wp-json\/wp\/v2\/product_brand?post=116948"},{"taxonomy":"product_cat","embeddable":true,"href":"https:\/\/gpl-love.com\/fr\/wp-json\/wp\/v2\/product_cat?post=116948"},{"taxonomy":"product_tag","embeddable":true,"href":"https:\/\/gpl-love.com\/fr\/wp-json\/wp\/v2\/product_tag?post=116948"}],"curies":[{"name":"wp","href":"https:\/\/api.w.org\/{rel}","templated":true}]}}