{"id":116946,"date":"2021-11-22T00:00:00","date_gmt":"2021-11-21T23:00:00","guid":{"rendered":"http:\/\/gpl-love.com\/fr\/produit\/mycred-zapier-addon\/"},"modified":"2026-03-20T23:26:23","modified_gmt":"2026-03-20T22:26:23","slug":"mycred-zapier-addon","status":"publish","type":"product","link":"https:\/\/gpl-love.com\/fr\/produit\/mycred-zapier-addon\/","title":{"rendered":"myCred Zapier Addon 2.0.1"},"content":{"rendered":"<h3>myCred Zapier Addon Traits<\/h3>\n<p>L&rsquo;addon MyCred Zapier sert d&rsquo;outil extr\u00eamement puissant qui pr\u00e9sente l&rsquo;occasion in\u00e9gal\u00e9e d&rsquo;int\u00e9grer de mani\u00e8re transparente votre syst\u00e8me de points MyCred avec un arsenal \u00e9tendu de plus de 1 500 applications et services suppl\u00e9mentaires via la plate-forme remarquable qui est plus zapie. \u00c0 l&rsquo;aide de cet addon extraordinaire, vous avez la capacit\u00e9 de fabriquer sans effort des flux de travail sur mesure qui automatisent efficacement la satisfaction des points conform\u00e9ment \u00e0 une myriade de d\u00e9clencheurs et d&rsquo;actions diverses trouv\u00e9s dans votre myriade d&rsquo;autres applications, allant de la soumission de formulaires aux formulaires aux formulaires aux formulaires aux formulaires aux formulaires aux formulaires aux formulaires aux formulaires aux formulaires aux formulaires au sein de la myriade d&rsquo;autres applications, allant de la soumission des formulaires aux formulaires aux formulaires aux formulaires aux formulaires aux formulaires aux formulaires aux formulaires \u00e0 la Myriad Ouverture d&rsquo;e-mails et au-del\u00e0. Cette innovation r\u00e9volutionnaire amplifie magnanimement les capacit\u00e9s de votre pr\u00e9cieuse configuration MyCred, vous permettant ainsi de construire des exp\u00e9riences extr\u00eamement captivantes et gratifiantes pour vos utilisateurs ch\u00e9ris. Que vous pr\u00e9siiez un site d&rsquo;adh\u00e9sion, une boutique en ligne ou toute autre forme de plate-forme, l&rsquo;indispensabilit\u00e9 de l&rsquo;addon MyCred Zapier pour toute organisation aspirant \u00e0 rationaliser son syst\u00e8me de points et \u00e0 renforcer l&rsquo;engagement des utilisateurs est ind\u00e9niablement profond\u00e9ment.<\/p>\n<ul>\n<li>Int\u00e8gre de mani\u00e8re transparente votre syst\u00e8me de points MyCred avec Zapier<\/li>\n<li>Permet l&rsquo;automatisation des r\u00e9compenses de points MyCred et des d\u00e9ductions pour une vari\u00e9t\u00e9 d&rsquo;actions et de d\u00e9clencheurs<\/li>\n<li>Fournit des options de personnalisation pour les points attribu\u00e9s, y compris des valeurs fixes ou des calculs bas\u00e9s sur le pourcentage<\/li>\n<li>Permet aux r\u00e8gles et conditions sp\u00e9cifiques de d\u00e9clencher des points, tels que l&rsquo;octroi de points uniquement \u00e0 certains r\u00f4les utilisateur ou \u00e0 des produits ou des pages sp\u00e9cifiques<\/li>\n<li>Suivi toutes les transactions ponctuelles dans le tableau de bord Zapier pour une surveillance et une analyse faciles<\/li>\n<li>Gave le temps et les efforts en automatisant la gestion de votre syst\u00e8me de points MyCred<\/li>\n<li>Augmente l&rsquo;engagement et la motivation des utilisateurs en fournissant des r\u00e9compenses pour les actions et les comportements souhait\u00e9s<\/li>\n<li>Am\u00e9liore la fonctionnalit\u00e9 globale et l&rsquo;efficacit\u00e9 de votre syst\u00e8me de points MyCred en le connectant \u00e0 d&rsquo;autres applications et outils utiles via Zapier<\/li>\n<\/ul>\n","protected":false},"excerpt":{"rendered":"<p>L&rsquo;addon Mycred Zapier est un outil incroyablement robuste et sophistiqu\u00e9 qui a \u00e9t\u00e9 m\u00e9ticuleusement con\u00e7u dans le seul but de l&rsquo;automatisation et de la rationalisation de votre syst\u00e8me de points MyCred, entra\u00eenant une efficacit\u00e9 et une commodit\u00e9 sans pr\u00e9c\u00e9dent. En int\u00e9grant de mani\u00e8re transparente MyCred avec Zapier, cet addon extraordinaire vous permet de provoquer sans effort l&rsquo;immense potentiel d&rsquo;automatisation, de d\u00e9bloquer un vaste \u00e9ventail de possibilit\u00e9s et de vous permettre d&rsquo;orchestrer sans effort une vaste gamme de t\u00e2ches et de flux de travail in\u00e9gal\u00e9s avec une facilit\u00e9 et une pr\u00e9cision in\u00e9gal\u00e9es. Avec l&rsquo;addon MyCred Zapier, vous poss\u00e9dez la capacit\u00e9 remarquable de cr\u00e9er et de personnaliser sans effort des d\u00e9clencheurs et des actions, surveiller et suivre avec diligence et suivre m\u00e9ticuleusement les activit\u00e9s des utilisateurs, accordez avec transparence et en toute transparence les utilisateurs avec des points bien m\u00e9rit\u00e9s pour la r\u00e9ussite de t\u00e2ches sp\u00e9cifiques et pr\u00e9d\u00e9termin\u00e9es. De la cr\u00e9ation remarquablement pratique et efficace de notifications par e-mail automatis\u00e9es \u00e0 la pratique tr\u00e8s gratifiante de l&rsquo;incitation et de la compensation des utilisateurs pour avoir r\u00e9ussi \u00e0 r\u00e9f\u00e9rer de nouveaux membres, l&rsquo;addon MyCred Zapier est sans \u00e9quivoque la solution primordiale pour g\u00e9rer et efficacement efficacement votre syst\u00e8me de points MyCred, ce qui r\u00e9sulte in\u00e9vitablement la gestion approfondie et efficace d&rsquo;optimiser efficacement votre syst\u00e8me de points MyCred, r\u00e9sultant in\u00e9vitablement par Une augmentation sans pr\u00e9c\u00e9dent de l&rsquo;engagement et de la satisfaction des utilisateurs.<\/p>\n","protected":false},"featured_media":144635,"comment_status":"open","ping_status":"open","template":"","meta":[],"product_brand":[2599],"product_cat":[1189,1181,1186],"product_tag":[2238],"class_list":{"0":"post-116946","1":"product","2":"type-product","3":"status-publish","4":"has-post-thumbnail","6":"product_brand-mycred","7":"product_cat-personnalisation","8":"product_cat-plugins","9":"product_cat-wordpress-plugins","10":"product_tag-mycred","11":"member-discount","12":"discount-restricted","14":"first","15":"instock","16":"sale","17":"downloadable","18":"virtual","19":"sold-individually","20":"purchasable","21":"product-type-simple"},"_links":{"self":[{"href":"https:\/\/gpl-love.com\/fr\/wp-json\/wp\/v2\/product\/116946","targetHints":{"allow":["GET"]}}],"collection":[{"href":"https:\/\/gpl-love.com\/fr\/wp-json\/wp\/v2\/product"}],"about":[{"href":"https:\/\/gpl-love.com\/fr\/wp-json\/wp\/v2\/types\/product"}],"replies":[{"embeddable":true,"href":"https:\/\/gpl-love.com\/fr\/wp-json\/wp\/v2\/comments?post=116946"}],"wp:featuredmedia":[{"embeddable":true,"href":"https:\/\/gpl-love.com\/fr\/wp-json\/wp\/v2\/media\/144635"}],"wp:attachment":[{"href":"https:\/\/gpl-love.com\/fr\/wp-json\/wp\/v2\/media?parent=116946"}],"wp:term":[{"taxonomy":"product_brand","embeddable":true,"href":"https:\/\/gpl-love.com\/fr\/wp-json\/wp\/v2\/product_brand?post=116946"},{"taxonomy":"product_cat","embeddable":true,"href":"https:\/\/gpl-love.com\/fr\/wp-json\/wp\/v2\/product_cat?post=116946"},{"taxonomy":"product_tag","embeddable":true,"href":"https:\/\/gpl-love.com\/fr\/wp-json\/wp\/v2\/product_tag?post=116946"}],"curies":[{"name":"wp","href":"https:\/\/api.w.org\/{rel}","templated":true}]}}