{"id":116944,"date":"2025-08-09T00:00:00","date_gmt":"2025-08-08T22:00:00","guid":{"rendered":"http:\/\/gpl-love.com\/fr\/produit\/mycred-bp-charges\/"},"modified":"2026-04-10T18:32:19","modified_gmt":"2026-04-10T16:32:19","slug":"mycred-bp-charges","status":"publish","type":"product","link":"https:\/\/gpl-love.com\/fr\/produit\/mycred-bp-charges\/","title":{"rendered":"myCred BP Charges 1.4.9"},"content":{"rendered":"<h3>myCred BP Charges Traits<\/h3>\n<p>MyCred BP Charges sert de plugin tr\u00e8s robuste qui a \u00e9t\u00e9 m\u00e9ticuleusement con\u00e7u dans le but d&rsquo;enrichir l&rsquo;engagement des utilisateurs et de favoriser la fid\u00e9lit\u00e9. En vertu de ce plugin, les propri\u00e9taires de sites Web sont offerts \u00e0 l&rsquo;occasion inestimable d&rsquo;accorder \u00e0 leurs utilisateurs des points en jeton d&rsquo;appr\u00e9ciation. Il convient de noter que MYCRED BP charge de mani\u00e8re transparente s&rsquo;int\u00e8gre de mani\u00e8re transparente \u00e0 Buddypress, un plugin de r\u00e9seau social largement renomm\u00e9 qui est facilement accessible sur la plate-forme WordPress. En incorporant les frais de BP MyCred dans leurs sites Web, les propri\u00e9taires sont autoris\u00e9s \u00e0 susciter des charges ponctuelles personnalis\u00e9es pour une pl\u00e9thore d&rsquo;activit\u00e9s de bouddypress distinctes, y compris, mais sans s&rsquo;y limiter, la formation de groupe et la messagerie priv\u00e9e. Par cons\u00e9quent, les utilisateurs sont incit\u00e9s \u00e0 participer \u00e0 ces activit\u00e9s sp\u00e9cifiques, leur permettant ainsi d&rsquo;amasser des points qui peuvent par la suite \u00eatre \u00e9chang\u00e9s contre diverses r\u00e9compenses gratifiantes. Arm\u00e9s de charges BP MyCred, les propri\u00e9taires de sites Web sont ainsi pr\u00eats \u00e0 fa\u00e7onner une exp\u00e9rience utilisateur immersive et \u00e9panouissante, qui est destin\u00e9e \u00e0 engendrer un sentiment de loyaut\u00e9 et \u00e0 assurer la prolif\u00e9ration de l&rsquo;engagement des utilisateurs.<\/p>\n<ul>\n<li>Vous permet de facturer aux utilisateurs des activit\u00e9s de copain, telles que la cr\u00e9ation de groupes ou l&rsquo;envoi de messages priv\u00e9s<\/li>\n<li>Prend en charge plusieurs passerelles de paiement, y compris PayPal et Stripe<\/li>\n<li>Facile \u00e0 personnaliser la structure des prix et de la facturation pour votre site<\/li>\n<li>Enti\u00e8rement int\u00e9gr\u00e9 \u00e0 MyCred, vous pouvez donc attribuer ou d\u00e9duire des points en fonction des paiements des utilisateurs<\/li>\n<li>Suffisamment flexible pour utiliser pour les abonnements, abonnements ou transactions uniques<\/li>\n<li>Livr\u00e9 avec une documentation d\u00e9taill\u00e9e et un excellent support client<\/li>\n<li>Fonctionne de mani\u00e8re transparente avec d&rsquo;autres modules compl\u00e9mentaires MyCred et plugins WordPress<\/li>\n<li>Ajoute un nouveau flux de revenus \u00e0 votre site BuddyPress et vous aide \u00e0 mon\u00e9tiser votre communaut\u00e9<\/li>\n<li>Vous fait gagner du temps et des tracas de gestion des paiements manuellement<\/li>\n<li>Con\u00e7u pour \u00eatre s\u00e9curis\u00e9 et fiable pour les administrateurs et les utilisateurs du site<\/li>\n<\/ul>\n","protected":false},"excerpt":{"rendered":"<p>MyCred BP Charges est un plugin WordPress exceptionnellement robuste avec des capacit\u00e9s \u00e9tendues qui permettent de r\u00e9compenser les points pour les utilisateurs pour un \u00e9ventail d&rsquo;activit\u00e9s de copain, englobant les go\u00fbts de la cr\u00e9ation de groupe, la publication de forum, la messagerie priv\u00e9e et une pl\u00e9thore d&rsquo;autres poursuites engageantes. Gr\u00e2ce \u00e0 la fourniture de valeurs ponctuelles personnalisables pour chaque activit\u00e9 individuelle, ce plugin sert effectivement de catalyseur pour stimuler une implication accrue des utilisateurs au sein de votre communaut\u00e9 de copains ch\u00e9ris. De plus, le plugin MyCred BP facture de mani\u00e8re transparente la d\u00e9duction de points en r\u00e9ponse \u00e0 des actions ind\u00e9sirables ou n\u00e9gatives, tout en facilitant simultan\u00e9ment la r\u00e9demption de points accumul\u00e9s via une gamme diversifi\u00e9e d&rsquo;int\u00e9gations. En renfor\u00e7ant sans effort l&rsquo;engagement des utilisateurs et en favorisant la fid\u00e9lit\u00e9 in\u00e9branlable, MyCred BP charge sans aucun doute un atout in\u00e9gal\u00e9 \u00e0 votre plateforme en ligne.<\/p>\n","protected":false},"featured_media":144608,"comment_status":"open","ping_status":"open","template":"","meta":[],"product_brand":[2599],"product_cat":[1189,1181,1186],"product_tag":[2238],"class_list":{"0":"post-116944","1":"product","2":"type-product","3":"status-publish","4":"has-post-thumbnail","6":"product_brand-mycred","7":"product_cat-personnalisation","8":"product_cat-plugins","9":"product_cat-wordpress-plugins","10":"product_tag-mycred","11":"member-discount","12":"discount-restricted","14":"first","15":"instock","16":"sale","17":"downloadable","18":"virtual","19":"sold-individually","20":"purchasable","21":"product-type-simple"},"_links":{"self":[{"href":"https:\/\/gpl-love.com\/fr\/wp-json\/wp\/v2\/product\/116944","targetHints":{"allow":["GET"]}}],"collection":[{"href":"https:\/\/gpl-love.com\/fr\/wp-json\/wp\/v2\/product"}],"about":[{"href":"https:\/\/gpl-love.com\/fr\/wp-json\/wp\/v2\/types\/product"}],"replies":[{"embeddable":true,"href":"https:\/\/gpl-love.com\/fr\/wp-json\/wp\/v2\/comments?post=116944"}],"wp:featuredmedia":[{"embeddable":true,"href":"https:\/\/gpl-love.com\/fr\/wp-json\/wp\/v2\/media\/144608"}],"wp:attachment":[{"href":"https:\/\/gpl-love.com\/fr\/wp-json\/wp\/v2\/media?parent=116944"}],"wp:term":[{"taxonomy":"product_brand","embeddable":true,"href":"https:\/\/gpl-love.com\/fr\/wp-json\/wp\/v2\/product_brand?post=116944"},{"taxonomy":"product_cat","embeddable":true,"href":"https:\/\/gpl-love.com\/fr\/wp-json\/wp\/v2\/product_cat?post=116944"},{"taxonomy":"product_tag","embeddable":true,"href":"https:\/\/gpl-love.com\/fr\/wp-json\/wp\/v2\/product_tag?post=116944"}],"curies":[{"name":"wp","href":"https:\/\/api.w.org\/{rel}","templated":true}]}}