{"id":116942,"date":"2026-01-24T00:00:00","date_gmt":"2026-01-23T23:00:00","guid":{"rendered":"http:\/\/gpl-love.com\/fr\/produit\/mycred-rest-api\/"},"modified":"2026-04-10T18:32:29","modified_gmt":"2026-04-10T16:32:29","slug":"mycred-rest-api","status":"publish","type":"product","link":"https:\/\/gpl-love.com\/fr\/produit\/mycred-rest-api\/","title":{"rendered":"myCred Rest API 1.2.6.1"},"content":{"rendered":"<h3>myCred Rest API Traits<\/h3>\n<p>L&rsquo;API MyCred REST offre une multitude de capacit\u00e9s pour les d\u00e9veloppeurs qui cherchent \u00e0 incorporer les fonctionnalit\u00e9s MYCRED dans leurs applications Web. Cette API robuste permet aux d\u00e9veloppeurs d&rsquo;acc\u00e9der et de manipuler sans effort divers aspects des donn\u00e9es des utilisateurs, y compris des points, des rangs et des badges, tout en permettant \u00e0 la cr\u00e9ation de crochets MyCred personnalis\u00e9s pour compl\u00e9ter les fonctionnalit\u00e9s existantes. En outre, l&rsquo;API MYCRED REST s&rsquo;int\u00e8gre de mani\u00e8re transparente avec des syst\u00e8mes de gestion de contenu populaires comme WordPress et Drupal, ce qui le rend un choix optimal pour la construction d&rsquo;applications Web captivantes et interactives qui incitent efficacement l&rsquo;engagement des utilisateurs. Peu importe que l&rsquo;on se lance dans le d\u00e9veloppement d&rsquo;un r\u00e9seau social, d&rsquo;une plate-forme de commerce \u00e9lectronique ou d&rsquo;un site Web de jeu, l&rsquo;API MyCred REST sert de bo\u00eete \u00e0 outils compl\u00e8te, \u00e9quipant les d\u00e9veloppeurs de toutes les ressources n\u00e9cessaires pour fa\u00e7onner une exp\u00e9rience utilisateur gratifiante qui favorise l&rsquo;utilisateur de durcissement loyaut\u00e9.<\/p>\n<ul>\n<li>Fournit une API RESTful pour acc\u00e9der aux fonctions et fonctionnalit\u00e9s MyCred<\/li>\n<li>Permet aux d\u00e9veloppeurs d&rsquo;int\u00e9grer les fonctionnalit\u00e9s MYCRED dans leurs propres applications<\/li>\n<li>Offre un moyen s\u00e9curis\u00e9 et flexible d&rsquo;interagir avec MyCred Points and Rewards System<\/li>\n<li>Prend en charge l&rsquo;authentification et l&rsquo;autorisation pour un acc\u00e8s s\u00e9curis\u00e9 et contr\u00f4l\u00e9<\/li>\n<li>Permet une r\u00e9cup\u00e9ration facile et une manipulation des utilisateurs, des points, des badges et d&rsquo;autres donn\u00e9es MYCRED<\/li>\n<li>Facilite la cr\u00e9ation et la gestion des types de points personnalis\u00e9s, des crochets et des mod\u00e8les<\/li>\n<li>Fournit une documentation compl\u00e8te et un soutien aux d\u00e9veloppeurs<\/li>\n<li>Peut \u00eatre utilis\u00e9 pour un large \u00e9ventail d&rsquo;applications, notamment le commerce \u00e9lectronique, les jeux, les r\u00e9seaux sociaux, et plus encore<\/li>\n<li>Aide \u00e0 am\u00e9liorer l&rsquo;engagement, la fid\u00e9lit\u00e9 et la motivation des utilisateurs gr\u00e2ce \u00e0 l&rsquo;utilisation de points et de r\u00e9compenses.<\/li>\n<\/ul>\n","protected":false},"excerpt":{"rendered":"<p>L&rsquo;API MyCred REST sert d&rsquo;instrument incroyablement robuste et influent, ce qui permet aux d\u00e9veloppeurs de la capacit\u00e9 d&rsquo;incorporer sans effort le plugin MyCred dans leurs applications respectives. Au moyen de cette API polyvalente et dynamique, les utilisateurs se voient accorder la capacit\u00e9 transparente \u00e0 r\u00e9cup\u00e9rer et \u00e0 manipuler avec comp\u00e9tence un \u00e9ventail de donn\u00e9es relatives aux soldes de cr\u00e9dit, aux transactions et aux r\u00e9compenses. L&rsquo;adaptabilit\u00e9 inh\u00e9rente de cette API facilite davantage la personnalisation simple afin de s&rsquo;aligner m\u00e9ticuleusement sur les exigences uniques de votre entreprise individuelle. Sans un ombre de doute, l&rsquo;API MyCred REST appara\u00eet comme une ressource \u00e9minemment conviviale, remarquablement adaptable et indubitablement indispensable pour les d\u00e9veloppeurs qui se lancent dans un voyage d&rsquo;int\u00e9gration avec MyCred.<\/p>\n","protected":false},"featured_media":144625,"comment_status":"open","ping_status":"open","template":"","meta":[],"product_brand":[2599],"product_cat":[1189,1181,1186],"product_tag":[2238],"class_list":{"0":"post-116942","1":"product","2":"type-product","3":"status-publish","4":"has-post-thumbnail","6":"product_brand-mycred","7":"product_cat-personnalisation","8":"product_cat-plugins","9":"product_cat-wordpress-plugins","10":"product_tag-mycred","11":"member-discount","12":"discount-restricted","14":"first","15":"instock","16":"sale","17":"downloadable","18":"virtual","19":"sold-individually","20":"purchasable","21":"product-type-simple"},"_links":{"self":[{"href":"https:\/\/gpl-love.com\/fr\/wp-json\/wp\/v2\/product\/116942","targetHints":{"allow":["GET"]}}],"collection":[{"href":"https:\/\/gpl-love.com\/fr\/wp-json\/wp\/v2\/product"}],"about":[{"href":"https:\/\/gpl-love.com\/fr\/wp-json\/wp\/v2\/types\/product"}],"replies":[{"embeddable":true,"href":"https:\/\/gpl-love.com\/fr\/wp-json\/wp\/v2\/comments?post=116942"}],"wp:featuredmedia":[{"embeddable":true,"href":"https:\/\/gpl-love.com\/fr\/wp-json\/wp\/v2\/media\/144625"}],"wp:attachment":[{"href":"https:\/\/gpl-love.com\/fr\/wp-json\/wp\/v2\/media?parent=116942"}],"wp:term":[{"taxonomy":"product_brand","embeddable":true,"href":"https:\/\/gpl-love.com\/fr\/wp-json\/wp\/v2\/product_brand?post=116942"},{"taxonomy":"product_cat","embeddable":true,"href":"https:\/\/gpl-love.com\/fr\/wp-json\/wp\/v2\/product_cat?post=116942"},{"taxonomy":"product_tag","embeddable":true,"href":"https:\/\/gpl-love.com\/fr\/wp-json\/wp\/v2\/product_tag?post=116942"}],"curies":[{"name":"wp","href":"https:\/\/api.w.org\/{rel}","templated":true}]}}