{"id":116940,"date":"2025-08-09T00:00:00","date_gmt":"2025-08-08T22:00:00","guid":{"rendered":"http:\/\/gpl-love.com\/fr\/produit\/mycred-beaver-builder\/"},"modified":"2026-04-10T18:32:18","modified_gmt":"2026-04-10T16:32:18","slug":"mycred-beaver-builder","status":"publish","type":"product","link":"https:\/\/gpl-love.com\/fr\/produit\/mycred-beaver-builder\/","title":{"rendered":"myCred Beaver Builder 1.0.5"},"content":{"rendered":"<h3>myCred Beaver Builder Traits<\/h3>\n<p>MyCred Beaver Builder, un module compl\u00e9mentaire con\u00e7u pour augmenter l&rsquo;exp\u00e9rience utilisateur du plugin WordPress de Beaver Popular Builder, poss\u00e8de un niveau de puissance consid\u00e9rable. Ce module compl\u00e9mentaire remarquable permet aux utilisateurs de leur permettre d&rsquo;accumuler des points et de recevoir des r\u00e9compenses \u00e0 la r\u00e9ussite d&rsquo;actions sp\u00e9cifiques, allant de la participation \u00e0 des discussions \u00e0 la distribution de contenu sur diverses plateformes. L&rsquo;un des aspects les plus remarquables de ce plugin est son syst\u00e8me de gestion des points inclusif et \u00e9tendu, qui permet aux propri\u00e9taires de sites Web de surveiller facilement et d&rsquo;inciter de mani\u00e8re ad\u00e9quate l&rsquo;engagement des utilisateurs. De plus, MyCred Beaver Builder s&rsquo;int\u00e8gre de mani\u00e8re transparente avec d&rsquo;autres modules compl\u00e9mentaires MyCred, \u00e9largissant ainsi la port\u00e9e des options de personnalisation disponibles pour les propri\u00e9taires de sites Web. \u00c0 la lumi\u00e8re de ces capacit\u00e9s impressionnantes, il est \u00e9vident que MyCred Beaver Builder est un outil inestimable pour optimiser l&rsquo;engagement des utilisateurs et favoriser un environnement en ligne dynamique et interactif.<\/p>\n<ul>\n<li>Attribuer des badges et des indications aux utilisateurs pour diverses activit\u00e9s sur votre site Web<\/li>\n<li>G\u00e9n\u00e9rer des rapports et des statistiques en temps r\u00e9el sur l&rsquo;engagement des utilisateurs<\/li>\n<li>Permettre aux utilisateurs d&rsquo;\u00e9changer des points contre des r\u00e9compenses ou des r\u00e9ductions<\/li>\n<li>Int\u00e9grer parfaitement \u00e0 Beaver Builder, cr\u00e9ant une interface conviviale<\/li>\n<li>Personnaliser les valeurs ponctuelles, les images de badge et les options de r\u00e9compense<\/li>\n<li>Configurez des d\u00e9ductions de points automatiques pour des actions sp\u00e9cifiques ou des p\u00e9riodes d&rsquo;inactivit\u00e9<\/li>\n<li>Offrez des affichages de classement pour encourager la concurrence des utilisateurs et l&rsquo;engagement<\/li>\n<li>Utilisez le vaste syst\u00e8me de documentation et de support de MyCred pour une impl\u00e9mentation et un d\u00e9pannage faciles.<\/li>\n<\/ul>\n","protected":false},"excerpt":{"rendered":"<p>Le MyCred Beaver Builder est un plugin extr\u00eamement robuste qui offre la possibilit\u00e9 d&rsquo;int\u00e9grer de mani\u00e8re transparente MyCred Points et se classe dans votre site Web Beaver Builder. En utilisant cet outil extraordinaire, vous avez la possibilit\u00e9 d&rsquo;augmenter l&rsquo;engagement des utilisateurs et de favoriser un sentiment de loyaut\u00e9 parmi les clients gr\u00e2ce \u00e0 la mise en \u0153uvre de la gamification, en fin de compte d&rsquo;une approche innovante pour reconna\u00eetre et r\u00e9compenser les utilisateurs pour leur participation \u00e0 des activit\u00e9s sp\u00e9cifiques. Ce plugin vous offre une flexibilit\u00e9 in\u00e9gal\u00e9e pour personnaliser les \u00e9crans MyCred en fonction de vos pr\u00e9f\u00e9rences, vous permettant de pr\u00e9senter sans effort les classements et les r\u00e9alisations des utilisateurs sur tout votre site Web. Que votre objectif soit de renforcer la r\u00e9tention de la client\u00e8le ou simplement de cr\u00e9er une rencontre captivante et interactive pour vos utilisateurs, le Mycred Beaver Builder sert de ressource exceptionnelle pour actualiser vos aspirations.<\/p>\n","protected":false},"featured_media":144607,"comment_status":"open","ping_status":"open","template":"","meta":[],"product_brand":[2599],"product_cat":[1189,1181,1186],"product_tag":[2238],"class_list":{"0":"post-116940","1":"product","2":"type-product","3":"status-publish","4":"has-post-thumbnail","6":"product_brand-mycred","7":"product_cat-personnalisation","8":"product_cat-plugins","9":"product_cat-wordpress-plugins","10":"product_tag-mycred","11":"member-discount","12":"discount-restricted","14":"first","15":"instock","16":"sale","17":"downloadable","18":"virtual","19":"sold-individually","20":"purchasable","21":"product-type-simple"},"_links":{"self":[{"href":"https:\/\/gpl-love.com\/fr\/wp-json\/wp\/v2\/product\/116940","targetHints":{"allow":["GET"]}}],"collection":[{"href":"https:\/\/gpl-love.com\/fr\/wp-json\/wp\/v2\/product"}],"about":[{"href":"https:\/\/gpl-love.com\/fr\/wp-json\/wp\/v2\/types\/product"}],"replies":[{"embeddable":true,"href":"https:\/\/gpl-love.com\/fr\/wp-json\/wp\/v2\/comments?post=116940"}],"wp:featuredmedia":[{"embeddable":true,"href":"https:\/\/gpl-love.com\/fr\/wp-json\/wp\/v2\/media\/144607"}],"wp:attachment":[{"href":"https:\/\/gpl-love.com\/fr\/wp-json\/wp\/v2\/media?parent=116940"}],"wp:term":[{"taxonomy":"product_brand","embeddable":true,"href":"https:\/\/gpl-love.com\/fr\/wp-json\/wp\/v2\/product_brand?post=116940"},{"taxonomy":"product_cat","embeddable":true,"href":"https:\/\/gpl-love.com\/fr\/wp-json\/wp\/v2\/product_cat?post=116940"},{"taxonomy":"product_tag","embeddable":true,"href":"https:\/\/gpl-love.com\/fr\/wp-json\/wp\/v2\/product_tag?post=116940"}],"curies":[{"name":"wp","href":"https:\/\/api.w.org\/{rel}","templated":true}]}}