{"id":116938,"date":"2021-08-15T00:00:00","date_gmt":"2021-08-14T22:00:00","guid":{"rendered":"http:\/\/gpl-love.com\/fr\/produit\/wikb-knowledgebase-et-help-desk-wp-theme\/"},"modified":"2026-04-10T18:45:40","modified_gmt":"2026-04-10T16:45:40","slug":"wikb-knowledgebase-et-help-desk-wp-theme","status":"publish","type":"product","link":"https:\/\/gpl-love.com\/fr\/produit\/wikb-knowledgebase-et-help-desk-wp-theme\/","title":{"rendered":"Wikb Knowledgebase et Help Desk WP Theme 1.3"},"content":{"rendered":"<h3>Wikb Knowledgebase et Help Desk WP Theme Traits<\/h3>\n<p>Le th\u00e8me WP WIKB Knowledgebase and Help Desk WP pr\u00e9sente une solution nouvelle et r\u00e9volutionnaire pour les entreprises qui cherchent \u00e0 am\u00e9liorer leur soutien client et leurs efforts de gestion des connaissances. Ce th\u00e8me extraordinaire offre aux utilisateurs la possibilit\u00e9 de construire une base de connaissances interactive et conviviale qui poss\u00e8de un large \u00e9ventail d&rsquo;articles pr\u00e9cieux, des questions fr\u00e9quemment pos\u00e9es et des forums interactifs. En raison de sa conception intuitive et centr\u00e9e sur l&rsquo;utilisateur, ce th\u00e8me facilite de mani\u00e8re transparente la navigation et la r\u00e9cup\u00e9ration sans effort des utilisateurs des informations souhait\u00e9es. Notamment, l&rsquo;inclusion d&rsquo;une fonctionnalit\u00e9 de service d&rsquo;assistance permet aux entreprises de fournir un soutien exceptionnel et opportun \u00e0 leur client\u00e8le estim\u00e9e au moyen d&rsquo;une gestion efficace des billets et de la fourniture d&rsquo;une aide au chat en temps r\u00e9el. Par cons\u00e9quent, le th\u00e8me WP WIKB Knowledgebase et Help Desk WP appara\u00eet comme l&rsquo;option par excellence pour les entreprises aspirant \u00e0 optimiser leur exp\u00e9rience de service \u00e0 la client\u00e8le et \u00e0 rationaliser leurs protocoles de gestion des connaissances.<\/p>\n<ul>\n<li>Un th\u00e8me WordPress professionnel et moderne con\u00e7u pour cr\u00e9er des bases de connaissances et des bureaux d&rsquo;aide<\/li>\n<li>Conception enti\u00e8rement r\u00e9active qui a fi\u00e8re allure sur tous les appareils<\/li>\n<li>Page d&rsquo;accueil personnalisable avec g\u00e9n\u00e9rateur de pages glisser-d\u00e9poser<\/li>\n<li>Fonction de recherche puissante pour trouver rapidement les informations dont les utilisateurs ont besoin<\/li>\n<li>Fournit une navigation intuitive et conviviale pour que les visiteurs trouvent facilement ce qu&rsquo;ils recherchent<\/li>\n<li>Plusieurs options de mise en page pour afficher des articles et des FAQ<\/li>\n<li>Prise en charge int\u00e9gr\u00e9e pour ajouter les commentaires et les notes des utilisateurs<\/li>\n<li>Formulaires de contact personnalisables pour se connecter directement avec les clients<\/li>\n<li>Offre une int\u00e9gration avec des plugins populaires tels que WooCommerce pour la vente de produits et services<\/li>\n<li>Documentation et support approfondies incluses pour assurer une configuration et une utilisation faciles.<\/li>\n<\/ul>\n","protected":false},"excerpt":{"rendered":"<p>Le th\u00e8me WIKB Knowledgebase et Help Desk WP, avec son interface conviviale et ses vastes options de personnalisation, sert de th\u00e8me WordPress tr\u00e8s efficace adapt\u00e9 aux entreprises visant \u00e0 \u00e9tablir une base de connaissances et un syst\u00e8me de support client efficaces. \u00c9quip\u00e9 d&rsquo;un syst\u00e8me de recherche et de navigation int\u00e9gr\u00e9 sophistiqu\u00e9, ce th\u00e8me rationalise le processus de recherche d&rsquo;informations pour votre client\u00e8le. De plus, WikB poss\u00e8de un design \u00e9l\u00e9gant et contemporain, en vous assurant que votre contenu est pr\u00e9sent\u00e9 de mani\u00e8re esth\u00e9tiquement agr\u00e9able sur tous les appareils. De plus, ce th\u00e8me offre une prise en charge de plusieurs langues, vous permettant de r\u00e9pondre \u00e0 un public mondial diversifi\u00e9. De toute \u00e9vidence, l&rsquo;utilisation de WIKB vous permet de construire sans effort une rencontre de service client professionnel.<\/p>\n","protected":false},"featured_media":145767,"comment_status":"open","ping_status":"open","template":"","meta":[],"product_brand":[2433],"product_cat":[1242,1212,1213],"product_tag":[1366],"class_list":{"0":"post-116938","1":"product","2":"type-product","3":"status-publish","4":"has-post-thumbnail","6":"product_brand-themeforest","7":"product_cat-creatif","8":"product_cat-themes","9":"product_cat-wordpress-themes","10":"product_tag-themeforest","11":"member-discount","12":"discount-restricted","14":"first","15":"instock","16":"sale","17":"downloadable","18":"virtual","19":"sold-individually","20":"purchasable","21":"product-type-simple"},"_links":{"self":[{"href":"https:\/\/gpl-love.com\/fr\/wp-json\/wp\/v2\/product\/116938","targetHints":{"allow":["GET"]}}],"collection":[{"href":"https:\/\/gpl-love.com\/fr\/wp-json\/wp\/v2\/product"}],"about":[{"href":"https:\/\/gpl-love.com\/fr\/wp-json\/wp\/v2\/types\/product"}],"replies":[{"embeddable":true,"href":"https:\/\/gpl-love.com\/fr\/wp-json\/wp\/v2\/comments?post=116938"}],"wp:featuredmedia":[{"embeddable":true,"href":"https:\/\/gpl-love.com\/fr\/wp-json\/wp\/v2\/media\/145767"}],"wp:attachment":[{"href":"https:\/\/gpl-love.com\/fr\/wp-json\/wp\/v2\/media?parent=116938"}],"wp:term":[{"taxonomy":"product_brand","embeddable":true,"href":"https:\/\/gpl-love.com\/fr\/wp-json\/wp\/v2\/product_brand?post=116938"},{"taxonomy":"product_cat","embeddable":true,"href":"https:\/\/gpl-love.com\/fr\/wp-json\/wp\/v2\/product_cat?post=116938"},{"taxonomy":"product_tag","embeddable":true,"href":"https:\/\/gpl-love.com\/fr\/wp-json\/wp\/v2\/product_tag?post=116938"}],"curies":[{"name":"wp","href":"https:\/\/api.w.org\/{rel}","templated":true}]}}