{"id":116934,"date":"2021-08-15T00:00:00","date_gmt":"2021-08-14T22:00:00","guid":{"rendered":"http:\/\/gpl-love.com\/fr\/produit\/secure-file-manager-pro\/"},"modified":"2026-04-10T18:39:09","modified_gmt":"2026-04-10T16:39:09","slug":"secure-file-manager-pro","status":"publish","type":"product","link":"https:\/\/gpl-love.com\/fr\/produit\/secure-file-manager-pro\/","title":{"rendered":"Secure File Manager Pro 1.5"},"content":{"rendered":"<h3>Secure File Manager Pro Traits<\/h3>\n<p>Secure File Manager Pro, un outil logiciel incroyablement puissant, offre aux utilisateurs la possibilit\u00e9 de g\u00e9rer et d&rsquo;organiser des fichiers de mani\u00e8re experte sur leurs ordinateurs personnels. Ce programme remarquablement r\u00e9silient englobe un large \u00e9ventail de fonctionnalit\u00e9s, telles que le chiffrement, la protection des mots de passe et les outils avanc\u00e9s de gestion des fichiers, qui fonctionnent harmonieusement pour garantir la confidentialit\u00e9 et la s\u00e9curit\u00e9 la plus importante pour toutes les donn\u00e9es sensibles. Gr\u00e2ce \u00e0 l&rsquo;utilisation de Secure File Manager Pro, les individus peuvent \u00e9tablir sans effort des dossiers crypt\u00e9s, effacer en toute s\u00e9curit\u00e9 les fichiers et administrer efficacement les autorisations de fichiers pour exercer un contr\u00f4le sur ceux qui peuvent acc\u00e9der et modifier leurs fichiers inestimables. R\u00e9pondant aux besoins des entreprises, des organisations et des individus, ce logiciel s&rsquo;av\u00e8re \u00eatre une solution impeccable pour ceux qui sont oblig\u00e9s de prot\u00e9ger perp\u00e9tuellement leurs informations classifi\u00e9es. Que son objectif implique de s\u00e9curiser leurs fichiers personnels ou de pr\u00e9server le caract\u00e8re sacr\u00e9 de leurs donn\u00e9es li\u00e9es aux entreprises, l&rsquo;efficacit\u00e9 in\u00e9gal\u00e9e du gestionnaire de fichiers s\u00e9curis\u00e9 le rend la r\u00e9solution ultime.<\/p>\n<ul>\n<li>Aide \u00e0 s\u00e9curiser et \u00e0 g\u00e9rer des fichiers sensibles sur votre appareil ou votre r\u00e9seau<\/li>\n<li>Permet le cryptage des fichiers et des dossiers pour \u00e9viter un acc\u00e8s non autoris\u00e9<\/li>\n<li>Transf\u00e9rer en toute s\u00e9curit\u00e9 les fichiers entre les appareils et les r\u00e9seaux<\/li>\n<li>Fournit des contr\u00f4les d&rsquo;acc\u00e8s personnalisables pour diff\u00e9rents utilisateurs ou groupes<\/li>\n<li>Interface intuitive et conviviale pour une gestion des fichiers faciles<\/li>\n<li>Prend en charge divers formats de fichiers et types<\/li>\n<li>Peut \u00eatre int\u00e9gr\u00e9 aux syst\u00e8mes ou protocoles de s\u00e9curit\u00e9 existants<\/li>\n<li>Fournit des journaux d&rsquo;audit d\u00e9taill\u00e9s pour le suivi et la surveillance de l&rsquo;activit\u00e9 des fichiers<\/li>\n<li>Offre des sauvegardes automatis\u00e9es et des options de reprise apr\u00e8s sinistre pour \u00e9viter la perte de donn\u00e9es<\/li>\n<li>Garantit une s\u00e9curit\u00e9 de haut niveau avec des mises \u00e0 jour r\u00e9guli\u00e8res et un support technique.<\/li>\n<\/ul>\n","protected":false},"excerpt":{"rendered":"<p>Secure File Manager Pro est une application de logiciel de gestion de fichiers remarquablement avanc\u00e9 qui garantit le plus grand niveau de s\u00e9curit\u00e9 pour vos pr\u00e9cieux fichiers. Gr\u00e2ce \u00e0 l&rsquo;utilisation d&rsquo;algorithmes de cryptage complexes et \u00e0 la mise en \u0153uvre des capacit\u00e9s d&rsquo;authentification \u00e0 distance, Secure File Manager pro a effectivement prot\u00e9ger vos fichiers, en les laissant imperm\u00e9ables \u00e0 toutes les tentatives d&rsquo;acc\u00e8s non autoris\u00e9es. En plus de sa fonction principale de fournir un environnement hautement s\u00e9curis\u00e9 et crypt\u00e9 pour vos fichiers, ce logiciel multiforme facilite \u00e9galement le stockage transparent, la gestion efficace et le partage pratique de vos fichiers. Que vous soyez un propri\u00e9taire d&rsquo;entreprise, une entit\u00e9 gouvernementale ou un individu priv\u00e9, Secure File Manager Pro se pr\u00e9sente comme l&rsquo;outil par excellence pour prot\u00e9ger vos informations sensibles et pr\u00e9server la confidentialit\u00e9 de vos donn\u00e9es pr\u00e9cieuses, l&#8217;emp\u00eachant efficacement de tomber dans les embrayages des yeux indress\u00e9s.<\/p>\n","protected":false},"featured_media":145206,"comment_status":"open","ping_status":"open","template":"","meta":[],"product_brand":[2651],"product_cat":[1187,1181,1186],"product_tag":[2237],"class_list":{"0":"post-116934","1":"product","2":"type-product","3":"status-publish","4":"has-post-thumbnail","6":"product_brand-themexa","7":"product_cat-administration-wordpress-plugins","8":"product_cat-plugins","9":"product_cat-wordpress-plugins","10":"product_tag-themexa","11":"member-discount","12":"discount-restricted","14":"first","15":"instock","16":"sale","17":"downloadable","18":"virtual","19":"sold-individually","20":"purchasable","21":"product-type-simple"},"_links":{"self":[{"href":"https:\/\/gpl-love.com\/fr\/wp-json\/wp\/v2\/product\/116934","targetHints":{"allow":["GET"]}}],"collection":[{"href":"https:\/\/gpl-love.com\/fr\/wp-json\/wp\/v2\/product"}],"about":[{"href":"https:\/\/gpl-love.com\/fr\/wp-json\/wp\/v2\/types\/product"}],"replies":[{"embeddable":true,"href":"https:\/\/gpl-love.com\/fr\/wp-json\/wp\/v2\/comments?post=116934"}],"wp:featuredmedia":[{"embeddable":true,"href":"https:\/\/gpl-love.com\/fr\/wp-json\/wp\/v2\/media\/145206"}],"wp:attachment":[{"href":"https:\/\/gpl-love.com\/fr\/wp-json\/wp\/v2\/media?parent=116934"}],"wp:term":[{"taxonomy":"product_brand","embeddable":true,"href":"https:\/\/gpl-love.com\/fr\/wp-json\/wp\/v2\/product_brand?post=116934"},{"taxonomy":"product_cat","embeddable":true,"href":"https:\/\/gpl-love.com\/fr\/wp-json\/wp\/v2\/product_cat?post=116934"},{"taxonomy":"product_tag","embeddable":true,"href":"https:\/\/gpl-love.com\/fr\/wp-json\/wp\/v2\/product_tag?post=116934"}],"curies":[{"name":"wp","href":"https:\/\/api.w.org\/{rel}","templated":true}]}}