{"id":116930,"date":"2023-06-13T00:00:00","date_gmt":"2023-06-12T22:00:00","guid":{"rendered":"http:\/\/gpl-love.com\/fr\/produit\/neptunus-water-et-amusement-park-wordpress-theme\/"},"modified":"2026-04-10T18:33:33","modified_gmt":"2026-04-10T16:33:33","slug":"neptunus-water-et-amusement-park-wordpress-theme","status":"publish","type":"product","link":"https:\/\/gpl-love.com\/fr\/produit\/neptunus-water-et-amusement-park-wordpress-theme\/","title":{"rendered":"Neptunus Water et Amusement Park WordPress Theme 1.0.6"},"content":{"rendered":"<h3>Neptunus Water et Amusement Park WordPress Theme Traits<\/h3>\n<p>Le th\u00e8me WordPress de Neptunus Water and Amusement Park se pr\u00e9sente comme une solution optimale pour les personnes qui aspirent \u00e0 \u00e9riger un site Web qui se rapporte \u00e0 un parc d&rsquo;eau et d&rsquo;amusement. Ce th\u00e8me englobe une multitude de fonctionnalit\u00e9s impressionnantes qui permettra sans \u00e9quivoque \u00e0 votre site Web de se d\u00e9marquer au milieu de la concurrence f\u00e9roce. En raison de sa conception r\u00e9active, votre site Web d\u00e9gagera un air de magnificence quel que soit l&rsquo;appareil \u00e0 partir de laquelle il est accessible. De plus, vous avez la possibilit\u00e9 de personnaliser sans effort le th\u00e8me conform\u00e9ment \u00e0 votre marque et \u00e0 votre style, tandis que l&rsquo;inclusion de mod\u00e8les de pages facilite la cr\u00e9ation facile de nouvelles pages. De plus, soyez assur\u00e9 que ce th\u00e8me a \u00e9t\u00e9 m\u00e9ticuleusement optimis\u00e9 pour les moteurs de recherche, garantissant ainsi que votre site Web sera d\u00e9couverte sans effort. \u00c0 la lumi\u00e8re de tous ces facteurs, il devient \u00e9vident que le th\u00e8me WordPress de Neptunus Water and Amusement Park repr\u00e9sente un choix vraiment exceptionnel pour quiconque s&rsquo;efforce de fabriquer un site Web qui r\u00e9pond aux besoins et aux demandes d&rsquo;un parc d&rsquo;eau et d&rsquo;amusement.<\/p>\n<ul>\n<li>Conception enti\u00e8rement r\u00e9active &#8211; a fi\u00e8re allure sur tous les appareils<\/li>\n<li>Construit avec les derni\u00e8res technologies, optimis\u00e9es pour le chargement rapide<\/li>\n<li>Plusieurs options de page d&rsquo;accueil au choix<\/li>\n<li>7 variations de d\u00e9monstration diff\u00e9rentes disponibles<\/li>\n<li>Comprend un plugin d&rsquo;\u00e9v\u00e9nements personnalis\u00e9s<\/li>\n<li>Prend en charge WooCommerce pour les ventes de billets faciles<\/li>\n<li>Comprend une documentation d\u00e9taill\u00e9e et un support gratuit<\/li>\n<li>Facile \u00e0 personnaliser avec le constructeur de pages glisser-d\u00e9poser int\u00e9gr\u00e9<\/li>\n<li>Design moderne et \u00e9l\u00e9gant parfait pour les parcs d&rsquo;eau et d&rsquo;attractions<\/li>\n<li>Compatible avec tous les principaux navigateurs<\/li>\n<\/ul>\n","protected":false},"excerpt":{"rendered":"<p>Le th\u00e8me WordPress de Neptunus Water and Amusement Park se pr\u00e9sente comme la solution ultime lorsqu&rsquo;il s&rsquo;agit de construire un site Web visuellement frappant pour votre parc aquatique, votre parc d&rsquo;attractions ou toute autre forme d&rsquo;\u00e9tablissement de divertissement. Ce th\u00e8me particulier poss\u00e8de un \u00e9ventail de caract\u00e9ristiques essentielles qui non seulement vous permettent de pr\u00e9senter efficacement vos attractions, vos man\u00e8ges et vos \u00e9v\u00e9nements, mais aident \u00e9galement \u00e0 propulser un trafic et des ventes plus \u00e9lev\u00e9s. Sa nature conviviale permet une personnalisation facile gr\u00e2ce \u00e0 l&rsquo;utilisation de divers mod\u00e8les de pages, de widgets personnalisables et de styles de police, permettant ainsi la cr\u00e9ation d&rsquo;une apparence distinctive qui co\u00efncide magnifiquement avec l&rsquo;identit\u00e9 unique de votre marque. En outre, sa conception r\u00e9active garantit que votre site Web d\u00e9gagera de l&rsquo;excellence et fonctionnera admirablement sur n&rsquo;importe quel appareil ou taille d&rsquo;\u00e9cran. De plus, les immenses capacit\u00e9s du Panel Options de th\u00e8me puissant permettent une gestion sans effort de tous les aspects de votre site. Le th\u00e8me WordPress de Neptunus Water and Amatement Park est sans aucun doute le choix primordial de garantir que votre entreprise de divertissement se d\u00e9veloppe dans le domaine num\u00e9rique, car il facilite la distinction et le succ\u00e8s in\u00e9gal\u00e9s.<\/p>\n","protected":false},"featured_media":144718,"comment_status":"open","ping_status":"open","template":"","meta":[],"product_brand":[2433],"product_cat":[1242,1212,1213],"product_tag":[1366],"class_list":{"0":"post-116930","1":"product","2":"type-product","3":"status-publish","4":"has-post-thumbnail","6":"product_brand-themeforest","7":"product_cat-creatif","8":"product_cat-themes","9":"product_cat-wordpress-themes","10":"product_tag-themeforest","11":"member-discount","12":"discount-restricted","14":"first","15":"instock","16":"sale","17":"downloadable","18":"virtual","19":"sold-individually","20":"purchasable","21":"product-type-simple"},"_links":{"self":[{"href":"https:\/\/gpl-love.com\/fr\/wp-json\/wp\/v2\/product\/116930","targetHints":{"allow":["GET"]}}],"collection":[{"href":"https:\/\/gpl-love.com\/fr\/wp-json\/wp\/v2\/product"}],"about":[{"href":"https:\/\/gpl-love.com\/fr\/wp-json\/wp\/v2\/types\/product"}],"replies":[{"embeddable":true,"href":"https:\/\/gpl-love.com\/fr\/wp-json\/wp\/v2\/comments?post=116930"}],"wp:featuredmedia":[{"embeddable":true,"href":"https:\/\/gpl-love.com\/fr\/wp-json\/wp\/v2\/media\/144718"}],"wp:attachment":[{"href":"https:\/\/gpl-love.com\/fr\/wp-json\/wp\/v2\/media?parent=116930"}],"wp:term":[{"taxonomy":"product_brand","embeddable":true,"href":"https:\/\/gpl-love.com\/fr\/wp-json\/wp\/v2\/product_brand?post=116930"},{"taxonomy":"product_cat","embeddable":true,"href":"https:\/\/gpl-love.com\/fr\/wp-json\/wp\/v2\/product_cat?post=116930"},{"taxonomy":"product_tag","embeddable":true,"href":"https:\/\/gpl-love.com\/fr\/wp-json\/wp\/v2\/product_tag?post=116930"}],"curies":[{"name":"wp","href":"https:\/\/api.w.org\/{rel}","templated":true}]}}