{"id":116928,"date":"2025-08-31T00:00:00","date_gmt":"2025-08-30T22:00:00","guid":{"rendered":"http:\/\/gpl-love.com\/fr\/produit\/aurum-minimalist-shopping-wordpress-theme\/"},"modified":"2026-03-20T22:55:14","modified_gmt":"2026-03-20T21:55:14","slug":"aurum-minimalist-shopping-wordpress-theme","status":"publish","type":"product","link":"https:\/\/gpl-love.com\/fr\/produit\/aurum-minimalist-shopping-wordpress-theme\/","title":{"rendered":"Aurum Minimalist Shopping WordPress Theme 4.0.9"},"content":{"rendered":"<h3>Aurum Minimalist Shopping WordPress Theme Traits<\/h3>\n<p>Le th\u00e8me WordPress de shopping minimaliste Aurum, qui poss\u00e8de une conception visuellement captivante et extr\u00eamement fonctionnelle, a \u00e9t\u00e9 m\u00e9ticuleusement con\u00e7u sp\u00e9cifiquement pour r\u00e9pondre aux besoins des sites Web de commerce \u00e9lectronique. Ce th\u00e8me, avec son esth\u00e9tique contemporaine et simpliste, offre aux utilisateurs un voyage de magasinage impeccablement \u00e9l\u00e9gant et rationalis\u00e9. Notamment, il pr\u00e9sente une conception r\u00e9active qui s&rsquo;adapte sans effort \u00e0 diverses tailles d&rsquo;\u00e9cran, garantissant ainsi une exp\u00e9rience d&rsquo;achat sans effort pour les clients utilisant leurs ordinateurs de bureau, tablettes ou smartphones. De plus, ce th\u00e8me est \u00e9quip\u00e9 d&rsquo;une gamme robuste de fonctionnalit\u00e9s, y compris, mais sans s&rsquo;y limiter, le filtrage des produits, l&rsquo;int\u00e9gration WooCommerce, une page d&rsquo;accueil personnalisable et un support multi-langues. De plus, ce th\u00e8me se targue de son interface conviviale et de ses options de personnalisation flexibles, ce qui en fait un choix exceptionnel pour les entreprises en ligne qui aspirent \u00e0 forger une empreinte en ligne ind\u00e9l\u00e9bile et professionnelle. Tout bien consid\u00e9r\u00e9, le th\u00e8me WordPress de shopping minimaliste Aurum se distingue sans aucun doute comme une option exemplaire pour les individus aspirant \u00e0 construire un site Web de commerce \u00e9lectronique prosp\u00e8re.<\/p>\n<ul>\n<li>Design propre et minimaliste, parfait pour pr\u00e9senter des produits et cr\u00e9er une boutique en ligne professionnelle<\/li>\n<li>La disposition r\u00e9active garantit que votre magasin aura fi\u00e8re allure sur tous les appareils, du bureau au mobile<\/li>\n<li>Des options de couleurs personnalisables vous permettent de faire correspondre votre vitrine \u00e0 votre marque ou de cr\u00e9er un nouveau look enti\u00e8rement<\/li>\n<li>Les options de personnalisation faciles \u00e0 utiliser signifient que vous n&rsquo;avez pas besoin d&rsquo;\u00eatre d\u00e9veloppeur pour rendre votre magasin g\u00e9nial<\/li>\n<li>Plusieurs dispositions de page d&rsquo;accueil offrent une flexibilit\u00e9 dans la fa\u00e7on dont vous souhaitez pr\u00e9senter vos produits<\/li>\n<li>La compatibilit\u00e9 WooCommerce int\u00e9gr\u00e9e garantit que vous pouvez facilement ajouter des produits, g\u00e9rer les commandes et plus<\/li>\n<li>La fonctionnalit\u00e9 de navigation et de recherche conviviale permet aux clients de trouver facilement ce qu&rsquo;ils recherchent<\/li>\n<li>La compatibilit\u00e9 avec les plugins populaires tels que le formulaire de contact 7 et MailChimp signifie que vous pouvez facilement int\u00e9grer votre magasin avec d&rsquo;autres services<\/li>\n<li>La documentation d\u00e9taill\u00e9e et le soutien des cr\u00e9ateurs du th\u00e8me signifie que vous pourrez toujours obtenir l&rsquo;aide dont vous avez besoin<\/li>\n<li>Les mises \u00e0 jour et les am\u00e9liorations r\u00e9guli\u00e8res garantissent que votre magasin reste \u00e0 jour avec les derni\u00e8res fonctionnalit\u00e9s et mesures de s\u00e9curit\u00e9.<\/li>\n<\/ul>\n","protected":false},"excerpt":{"rendered":"<p>D\u00e9couvrez le design \u00e9l\u00e9gant et moderne du th\u00e8me WordPress de shopping minimaliste Aurum. Con\u00e7u avec le commerce \u00e9lectronique \u00e0 l&rsquo;esprit, ce th\u00e8me propose une interface utilisateur intuitive qui fait du shopping un jeu d&rsquo;enfant. Il dispose d&rsquo;une conception r\u00e9active qui garantit que votre site Web a fi\u00e8re allure sur n&rsquo;importe quel appareil, des ordinateurs de bureau aux tablettes et smartphones. Le th\u00e8me comprend une vari\u00e9t\u00e9 d&rsquo;options de personnalisation, vous permettant d&rsquo;adapter votre site \u00e0 l&rsquo;esth\u00e9tique unique de votre marque. Avec son constructeur de page de glisser-d\u00e9poser et de pages de d\u00e9pression facile \u00e0 utiliser, vous pouvez cr\u00e9er des pages \u00e9poustouflantes en un rien de temps. Pour plus de commodit\u00e9, le th\u00e8me Aurum est convivial, contribuant \u00e0 stimuler la visibilit\u00e9 de votre site sur les moteurs de recherche. D&rsquo;autres fonctionnalit\u00e9s notables incluent un mega menu, une fonctionnalit\u00e9 de listes de souhaits pour les clients et une compatibilit\u00e9 avec WooCommerce pour la gestion des produits sans effort. Le th\u00e8me WordPress de shopping minimaliste Aurum est non seulement visuellement attrayant mais \u00e9galement fonctionnel, offrant une exp\u00e9rience d&rsquo;achat sans couture \u00e0 vos clients.<\/p>\n","protected":false},"featured_media":143170,"comment_status":"open","ping_status":"open","template":"","meta":[],"product_brand":[2433],"product_cat":[1516,1212,1213],"product_tag":[1366],"class_list":{"0":"post-116928","1":"product","2":"type-product","3":"status-publish","4":"has-post-thumbnail","6":"product_brand-themeforest","7":"product_cat-entreprise","8":"product_cat-themes","9":"product_cat-wordpress-themes","10":"product_tag-themeforest","11":"member-discount","12":"discount-restricted","14":"first","15":"instock","16":"sale","17":"downloadable","18":"virtual","19":"sold-individually","20":"purchasable","21":"product-type-simple"},"_links":{"self":[{"href":"https:\/\/gpl-love.com\/fr\/wp-json\/wp\/v2\/product\/116928","targetHints":{"allow":["GET"]}}],"collection":[{"href":"https:\/\/gpl-love.com\/fr\/wp-json\/wp\/v2\/product"}],"about":[{"href":"https:\/\/gpl-love.com\/fr\/wp-json\/wp\/v2\/types\/product"}],"replies":[{"embeddable":true,"href":"https:\/\/gpl-love.com\/fr\/wp-json\/wp\/v2\/comments?post=116928"}],"wp:featuredmedia":[{"embeddable":true,"href":"https:\/\/gpl-love.com\/fr\/wp-json\/wp\/v2\/media\/143170"}],"wp:attachment":[{"href":"https:\/\/gpl-love.com\/fr\/wp-json\/wp\/v2\/media?parent=116928"}],"wp:term":[{"taxonomy":"product_brand","embeddable":true,"href":"https:\/\/gpl-love.com\/fr\/wp-json\/wp\/v2\/product_brand?post=116928"},{"taxonomy":"product_cat","embeddable":true,"href":"https:\/\/gpl-love.com\/fr\/wp-json\/wp\/v2\/product_cat?post=116928"},{"taxonomy":"product_tag","embeddable":true,"href":"https:\/\/gpl-love.com\/fr\/wp-json\/wp\/v2\/product_tag?post=116928"}],"curies":[{"name":"wp","href":"https:\/\/api.w.org\/{rel}","templated":true}]}}