{"id":116926,"date":"2022-06-12T00:00:00","date_gmt":"2022-06-11T22:00:00","guid":{"rendered":"http:\/\/gpl-love.com\/fr\/produit\/wordpress-multisite-user-sync-unsync\/"},"modified":"2026-03-20T23:49:09","modified_gmt":"2026-03-20T22:49:09","slug":"wordpress-multisite-user-sync-unsync","status":"publish","type":"product","link":"https:\/\/gpl-love.com\/fr\/produit\/wordpress-multisite-user-sync-unsync\/","title":{"rendered":"WordPress Multisite User Sync Unsync 2.1.3"},"content":{"rendered":"<h3>WordPress Multisite User Sync Unsync Traits<\/h3>\n<p>Le WordPress MultiSite User Sync UNSYNC est un outil incroyablement robuste et tr\u00e8s efficace qui vous offre la capacit\u00e9 exceptionnelle de synchroniser et de d\u00e9shabronera et non un synchronisation sans effort sur de nombreux sites WordPress. Ce plugin remarquable vous accorde la commodit\u00e9 de g\u00e9rer efficacement les comptes d&rsquo;utilisateurs, les r\u00f4les et les autorisations sur tous vos sites directement \u00e0 partir d&rsquo;un seul emplacement centralis\u00e9. Que vous vous trouviez n\u00e9cessitant l&rsquo;addition ou la suppression des utilisateurs de votre r\u00e9seau multisite, la synchronisation des donn\u00e9es utilisateur vitales sur tous vos sites ou la mise \u00e0 jour essentielle des r\u00f4les et autorisations utilisateur, ce plugin garantit un processus sans effort sans faille et in\u00e9branlable. Il pr\u00e9sente une interface intuitivement conviviale et une vaste gamme d&rsquo;options personnalisables sp\u00e9cifiquement adapt\u00e9es pour r\u00e9pondre \u00e0 vos exigences uniques et individualis\u00e9es. En adoptant les capacit\u00e9s remarquables de la synchronisation des utilisateurs MultiSite WordPress UNSYNC, vous pouvez rationaliser efficacement votre processus de gestion des utilisateurs, garantissant ainsi une exp\u00e9rience impeccablement douce et compl\u00e8tement sans tracas pour tous vos pr\u00e9cieux utilisateurs.<\/p>\n<ul>\n<li>Un plugin puissant pour synchroniser et d\u00e9nouer les utilisateurs sur plusieurs sites sur un r\u00e9seau multisite WordPress<\/li>\n<li>G\u00e9rer facilement l&rsquo;acc\u00e8s et les privil\u00e8ges des utilisateurs sur les sites en quelques clics seulement<\/li>\n<li>\u00c9conomisez du temps et des efforts en automatisant les t\u00e2ches de gestion des utilisateurs<\/li>\n<li>Les param\u00e8tres hautement personnalisables permettent un contr\u00f4le granulaire sur la synchronisation des utilisateurs et le d\u00e9sinscription<\/li>\n<li>Compatible avec toutes les installations multisites WordPress et peut \u00eatre facilement int\u00e9gr\u00e9e dans les configurations existantes<\/li>\n<li>Fournit des journaux d\u00e9taill\u00e9s de l&rsquo;activit\u00e9 de synchronisation des utilisateurs pour un d\u00e9pannage et un audit faciles<\/li>\n<li>Des mesures de s\u00e9curit\u00e9 robustes garantissent que les donn\u00e9es de l&rsquo;utilisateur sont prot\u00e9g\u00e9es \u00e0 tout moment<\/li>\n<li>L&rsquo;interface conviviale permet aux administrateurs de sites de tous les niveaux de comp\u00e9tence \u00e0 utiliser et \u00e0 g\u00e9rer<\/li>\n<li>Les mises \u00e0 jour r\u00e9guli\u00e8res et le support client garantissent que le plugin reste \u00e0 jour avec les derniers d\u00e9veloppements WordPress et les besoins des utilisateurs.<\/li>\n<\/ul>\n","protected":false},"excerpt":{"rendered":"<p>Le plugin de synchronisation des utilisateurs MultiSite WordPress est un outil incroyablement pratique et efficace qui vous accorde la possibilit\u00e9 de synchroniser et de se synchroniser de mani\u00e8re transparente des comptes d&rsquo;utilisateurs sur de nombreux sites WordPress dans votre r\u00e9seau. Gr\u00e2ce \u00e0 un processus simple impliquant quelques clics, vous pouvez superviser sans effort l&rsquo;acc\u00e8s et les autorisations, ce qui entra\u00eene des \u00e9conomies de temps et une productivit\u00e9 accrue. Cet outil remarquable et robuste est particuli\u00e8rement id\u00e9al pour les personnes charg\u00e9es de la gestion de plusieurs sites Web, car il propose une solution rationalis\u00e9e et globale pour la gestion des utilisateurs.<\/p>\n","protected":false},"featured_media":146111,"comment_status":"open","ping_status":"open","template":"","meta":[],"product_brand":[2435],"product_cat":[1187,1181,1186],"product_tag":[1231],"class_list":{"0":"post-116926","1":"product","2":"type-product","3":"status-publish","4":"has-post-thumbnail","6":"product_brand-codecanyon","7":"product_cat-administration-wordpress-plugins","8":"product_cat-plugins","9":"product_cat-wordpress-plugins","10":"product_tag-codecanyon","11":"member-discount","12":"discount-restricted","14":"first","15":"instock","16":"sale","17":"downloadable","18":"virtual","19":"sold-individually","20":"purchasable","21":"product-type-simple"},"_links":{"self":[{"href":"https:\/\/gpl-love.com\/fr\/wp-json\/wp\/v2\/product\/116926","targetHints":{"allow":["GET"]}}],"collection":[{"href":"https:\/\/gpl-love.com\/fr\/wp-json\/wp\/v2\/product"}],"about":[{"href":"https:\/\/gpl-love.com\/fr\/wp-json\/wp\/v2\/types\/product"}],"replies":[{"embeddable":true,"href":"https:\/\/gpl-love.com\/fr\/wp-json\/wp\/v2\/comments?post=116926"}],"wp:featuredmedia":[{"embeddable":true,"href":"https:\/\/gpl-love.com\/fr\/wp-json\/wp\/v2\/media\/146111"}],"wp:attachment":[{"href":"https:\/\/gpl-love.com\/fr\/wp-json\/wp\/v2\/media?parent=116926"}],"wp:term":[{"taxonomy":"product_brand","embeddable":true,"href":"https:\/\/gpl-love.com\/fr\/wp-json\/wp\/v2\/product_brand?post=116926"},{"taxonomy":"product_cat","embeddable":true,"href":"https:\/\/gpl-love.com\/fr\/wp-json\/wp\/v2\/product_cat?post=116926"},{"taxonomy":"product_tag","embeddable":true,"href":"https:\/\/gpl-love.com\/fr\/wp-json\/wp\/v2\/product_tag?post=116926"}],"curies":[{"name":"wp","href":"https:\/\/api.w.org\/{rel}","templated":true}]}}