{"id":116924,"date":"2021-08-14T00:00:00","date_gmt":"2021-08-13T22:00:00","guid":{"rendered":"http:\/\/gpl-love.com\/fr\/produit\/embed-any-document-plus-wordpress-plugin\/"},"modified":"2026-03-20T23:03:54","modified_gmt":"2026-03-20T22:03:54","slug":"embed-any-document-plus-wordpress-plugin","status":"publish","type":"product","link":"https:\/\/gpl-love.com\/fr\/produit\/embed-any-document-plus-wordpress-plugin\/","title":{"rendered":"Embed Any Document Plus WordPress Plugin 2.7.0"},"content":{"rendered":"<h3>Embed Any Document Plus WordPress Plugin Traits<\/h3>\n<p>Int\u00e9grer n&rsquo;importe quel document Plus est un plugin WordPress incroyablement robuste qui rationalise l&rsquo;ensemble du processus d&rsquo;int\u00e9gration d&rsquo;une large gamme de diff\u00e9rents types de documents sur votre site Web. Plut\u00f4t que de vous limiter \u00e0 une ou deux options, ce plugin offre une prise en charge d&rsquo;une vari\u00e9t\u00e9 de formats de fichiers, y compris des PDF, des pr\u00e9sentations PowerPoint, des documents Word et des feuilles de calcul Excel. Cela signifie que vous avez la libert\u00e9 d&rsquo;afficher tout type de document de mani\u00e8re transparente sur votre site Web, sans aucun probl\u00e8me de tracas ou de compatibilit\u00e9.<\/p>\n<p>L&rsquo;une des fonctionnalit\u00e9s remarquables de l&rsquo;int\u00e9gration de n&rsquo;importe quel document Plus est son interface conviviale et ses options de personnalisation flexibles. Vous avez la possibilit\u00e9 de r\u00e9gler la taille, les couleurs et le style global de vos documents int\u00e9gr\u00e9s, en vous assurant qu&rsquo;ils se m\u00e9langent de mani\u00e8re transparente dans le th\u00e8me et la conception globaux de votre site Web. Ce niveau de personnalisation vous permet de cr\u00e9er une exp\u00e9rience visuellement coh\u00e9rente pour vos visiteurs, ce qui rend encore plus probable qu&rsquo;ils s&rsquo;engageront et interagiront avec les documents que vous avez int\u00e9gr\u00e9s.<\/p>\n<p>De plus, ENCHED TOUT DOCUMENT PLUS propose une gamme de fonctionnalit\u00e9s suppl\u00e9mentaires qui peuvent am\u00e9liorer la fonctionnalit\u00e9 et la s\u00e9curit\u00e9 de vos documents int\u00e9gr\u00e9s. Par exemple, vous avez la possibilit\u00e9 d&rsquo;activer ou de d\u00e9sactiver la possibilit\u00e9 de t\u00e9l\u00e9charger, d&rsquo;imprimer ou de zoomer sur vos documents. Cela vous donne un contr\u00f4le complet sur la fa\u00e7on dont les utilisateurs peuvent interagir avec le contenu que vous avez partag\u00e9. De plus, vous pouvez \u00e9galement choisir de prot\u00e9ger vos documents en ajoutant des mots de passe pour une visualisation s\u00e9curis\u00e9e. Cela garantit que seuls les personnes autoris\u00e9es sont en mesure d&rsquo;acc\u00e9der et de visualiser vos documents int\u00e9gr\u00e9s, ajoutant une couche suppl\u00e9mentaire de s\u00e9curit\u00e9 et de tranquillit\u00e9 d&rsquo;esprit.<\/p>\n<p>En conclusion, que vous soyez un blogueur qui cherche \u00e0 partager des PDF informatifs, un propri\u00e9taire d&rsquo;entreprise souhaitant pr\u00e9senter des pr\u00e9sentations PowerPoint, ou un \u00e9ducateur cherchant \u00e0 partager des documents de mots ou \u00e0 exceller des feuilles de calcul avec vos \u00e9tudiants, int\u00e9grer n&rsquo;importe quel document plus est la solution ultime pour int\u00e9grer des documents sur des documents sur votre site web. Ce plugin puissant simplifie non seulement le processus, mais il \u00e9l\u00e8ve \u00e9galement l&rsquo;exp\u00e9rience utilisateur globale, ce qui rend votre site Web plus attrayant, interactif et professionnel. Alors pourquoi attendre? Commencez \u00e0 utiliser int\u00e9grer n&rsquo;importe quel document plus aujourd&rsquo;hui et transformez la fa\u00e7on dont vous partagez et pr\u00e9sentez des documents sur votre site Web.<\/p>\n<ul>\n<li>Int\u00e9grer n&rsquo;importe quel document Plus est un plugin WordPress qui vous permet d&rsquo;int\u00e9grer facilement n&rsquo;importe quel type de document dans votre site Web.<\/li>\n<li>Pas besoin de services externes ou d&rsquo;outils tiers &#8211; T\u00e9l\u00e9chargez simplement votre document et int\u00e9grez n&rsquo;importe quel document et s&rsquo;occupe du reste.<\/li>\n<li>Prend en charge un large \u00e9ventail de types de fichiers, y compris les PDF, les documents Word, les feuilles de calcul Excel, les pr\u00e9sentations PowerPoint, etc.<\/li>\n<li>Tous les fichiers sont convertis en HTML5 pour des temps de chargement rapide et une exp\u00e9rience utilisateur optimale.<\/li>\n<li>Vous pouvez personnaliser l&rsquo;apparence du document int\u00e9gr\u00e9 pour correspondre \u00e0 la conception de votre site Web de mani\u00e8re transparente.<\/li>\n<li>La conception r\u00e9active garantit que votre document a fi\u00e8re allure sur n&rsquo;importe quel appareil, que ce soit le bureau, la tablette ou le mobile.<\/li>\n<li>De plus, vous avez un contr\u00f4le complet sur l&rsquo;acc\u00e8s \u00e0 vos fichiers &#8211; choisissez de rendre les documents publics ou priv\u00e9s, ou permettez aux utilisateurs sp\u00e9cifiques de les visualiser.<\/li>\n<li>Que vous partagiez des rapports d&rsquo;entreprise, des articles acad\u00e9miques ou des pr\u00e9sentations multim\u00e9dias, int\u00e9grer n&rsquo;importe quel document et facilite la pr\u00e9sentation de votre contenu sur votre site Web.<\/li>\n<\/ul>\n","protected":false},"excerpt":{"rendered":"<p>Le plugin int\u00e9gr\u00e9 tout document plus WordPress est un outil incroyablement polyvalent qui r\u00e9pond aux besoins des particuliers et des entreprises qui cherchent \u00e0 int\u00e9grer de mani\u00e8re transparente des documents dans leurs sites Web WordPress. Sa vaste gamme de fonctionnalit\u00e9s robustes permet aux utilisateurs de t\u00e9l\u00e9charger et d&rsquo;int\u00e9grer sans effort une gamme diversifi\u00e9e de formats de documents, y compris les PDF, DOCX, PPTX, etc. directement sur leur site Web. B\u00e9n\u00e9ficiant d&rsquo;une interface intuitive et d&rsquo;une fonctionnalit\u00e9 conviviale, ce plugin repr\u00e9sente un choix optimal pour ceux qui s&rsquo;efforcent d&rsquo;\u00e9lever l&rsquo;exp\u00e9rience utilisateur de leur site Web. Si vous souhaitez insuffler \u00e0 votre site Web le dynamisme et captiver votre public, l&rsquo;int\u00e9gration de tout document plus le plugin WordPress \u00e9merge sans aucun doute comme la solution ultime.<\/p>\n","protected":false},"featured_media":143740,"comment_status":"open","ping_status":"open","template":"","meta":[],"product_brand":[2435],"product_cat":[1189,1181,1186],"product_tag":[1231],"class_list":{"0":"post-116924","1":"product","2":"type-product","3":"status-publish","4":"has-post-thumbnail","6":"product_brand-codecanyon","7":"product_cat-personnalisation","8":"product_cat-plugins","9":"product_cat-wordpress-plugins","10":"product_tag-codecanyon","11":"member-discount","12":"discount-restricted","14":"first","15":"instock","16":"sale","17":"downloadable","18":"virtual","19":"sold-individually","20":"purchasable","21":"product-type-simple"},"_links":{"self":[{"href":"https:\/\/gpl-love.com\/fr\/wp-json\/wp\/v2\/product\/116924","targetHints":{"allow":["GET"]}}],"collection":[{"href":"https:\/\/gpl-love.com\/fr\/wp-json\/wp\/v2\/product"}],"about":[{"href":"https:\/\/gpl-love.com\/fr\/wp-json\/wp\/v2\/types\/product"}],"replies":[{"embeddable":true,"href":"https:\/\/gpl-love.com\/fr\/wp-json\/wp\/v2\/comments?post=116924"}],"wp:featuredmedia":[{"embeddable":true,"href":"https:\/\/gpl-love.com\/fr\/wp-json\/wp\/v2\/media\/143740"}],"wp:attachment":[{"href":"https:\/\/gpl-love.com\/fr\/wp-json\/wp\/v2\/media?parent=116924"}],"wp:term":[{"taxonomy":"product_brand","embeddable":true,"href":"https:\/\/gpl-love.com\/fr\/wp-json\/wp\/v2\/product_brand?post=116924"},{"taxonomy":"product_cat","embeddable":true,"href":"https:\/\/gpl-love.com\/fr\/wp-json\/wp\/v2\/product_cat?post=116924"},{"taxonomy":"product_tag","embeddable":true,"href":"https:\/\/gpl-love.com\/fr\/wp-json\/wp\/v2\/product_tag?post=116924"}],"curies":[{"name":"wp","href":"https:\/\/api.w.org\/{rel}","templated":true}]}}