{"id":116918,"date":"2022-04-15T00:00:00","date_gmt":"2022-04-14T22:00:00","guid":{"rendered":"http:\/\/gpl-love.com\/fr\/produit\/agency-cynic-digital-startup-creative-wordpress-theme\/"},"modified":"2026-03-20T22:54:05","modified_gmt":"2026-03-20T21:54:05","slug":"agency-cynic-digital-startup-creative-wordpress-theme","status":"publish","type":"product","link":"https:\/\/gpl-love.com\/fr\/produit\/agency-cynic-digital-startup-creative-wordpress-theme\/","title":{"rendered":"Agency Cynic Digital Startup Creative WordPress Theme 1.16.2"},"content":{"rendered":"<h3>Agency Cynic Digital Startup Creative WordPress Theme Traits<\/h3>\n<p>L&rsquo;agence Cynic Digital Startup Creative WordPress Th\u00e8me, avec sa polyvalence et son dynamisme, se pr\u00e9sente comme une solution remarquable adapt\u00e9e pr\u00e9cis\u00e9ment aux besoins des startups num\u00e9riques et des agences de cr\u00e9ation. Son design, caract\u00e9ris\u00e9 par la propret\u00e9 et la modernit\u00e9, est non seulement convivial mais aussi esth\u00e9tique. Le th\u00e8me propose une gamme d&rsquo;options personnalisables, englobant divers mod\u00e8les de page d&rsquo;accueil, des dispositions de portefeuille et une vaste s\u00e9lection de polices et de couleurs. De plus, sa r\u00e9activit\u00e9 compl\u00e8te et son optimisation des moteurs de recherche garantissent une apparence impeccable et d&rsquo;excellentes performances sur tous les appareils. En vertu du th\u00e8me de l&rsquo;agence Cynic Digital Startup Creative WordPress, vous \u00eates autoris\u00e9 \u00e0 pr\u00e9senter sans effort vos services, projets et membres de l&rsquo;\u00e9quipe, cultivant ainsi une pr\u00e9sence en ligne robuste pour votre entreprise.<\/p>\n<ul>\n<li>Un th\u00e8me WordPress d&rsquo;agence num\u00e9rique de pointe con\u00e7u pour les startups cr\u00e9atives<\/li>\n<li>Design \u00e9l\u00e9gant et moderne avec des options personnalisables pour s&rsquo;adapter \u00e0 votre marque<\/li>\n<li>Int\u00e9gr\u00e9 \u00e0 un puissant constructeur de pages pour la cr\u00e9ation et la personnalisation des sites Web faciles<\/li>\n<li>Comprend des mod\u00e8les pr\u00e9fabriqu\u00e9s pour diff\u00e9rentes pages, y compris le blog, le portefeuille et \u00e0 propos de nous<\/li>\n<li>Enti\u00e8rement r\u00e9actif et convivial pour une exp\u00e9rience utilisateur sans couture sur n&rsquo;importe quel appareil<\/li>\n<li>Prend en charge les plugins populaires tels que WooCommerce, Contact Form 7 et Yoast SEO<\/li>\n<li>Optimis\u00e9 pour le r\u00e9f\u00e9rencement et les vitesses de chargement de pages rapides pour am\u00e9liorer les classements des moteurs de recherche<\/li>\n<li>Livr\u00e9 avec une documentation approfondie et un support client fiable pour le d\u00e9pannage et l&rsquo;aide \u00e0 la personnalisation<\/li>\n<li>Con\u00e7u avec une navigation facile et une interface conviviale pour am\u00e9liorer l&rsquo;engagement des utilisateurs et les taux de conversion.<\/li>\n<\/ul>\n","protected":false},"excerpt":{"rendered":"<p>D\u00e9couvrez le summum de la cr\u00e9ativit\u00e9 et de l&rsquo;ing\u00e9niosit\u00e9 illimit\u00e9es dans la conception Web avec l&rsquo;agence m\u00e9ticuleusement con\u00e7ue Cynic Digital Startup Creative WordPress. Ce th\u00e8me WordPress \u00e9l\u00e9gant et contemporain est impeccablement con\u00e7u, ce qui en fait un choix id\u00e9al pour les agences de d\u00e9marrage num\u00e9rique de toutes tailles. Il se d\u00e9marque de son adaptabilit\u00e9 et de sa polyvalence, avec une multitude de fonctionnalit\u00e9s de pointe dans les th\u00e8mes WordPress qui distingueront sans aucun doute votre agence de la concurrence.<\/p>\n<p>En outre, la conception WordPress d\u00e9licieusement fabriqu\u00e9e garantit une conception r\u00e9active pour les agences de d\u00e9marrage, permettant \u00e0 votre site Web de d\u00e9gager une brillance et une allure in\u00e9gal\u00e9es, captivant facilement les utilisateurs sur toutes les plateformes. N&rsquo;h\u00e9sitez pas et entrez dans un voyage transformateur avec l&rsquo;agence cynique, propulsant efficacement la pr\u00e9sence en ligne de votre startup \u00e0 des hauteurs sans pr\u00e9c\u00e9dent avec WordPress Design.<\/p>\n<p>Avec ces th\u00e8mes cr\u00e9atifs WordPress pour les startups, vous pouvez vous attendre \u00e0 ce que votre startup obtienne du succ\u00e8s et de la reconnaissance avec des th\u00e8mes cr\u00e9atifs. Pr\u00e9parez-vous \u00e0 assister \u00e0 votre startup de monter \u00e0 des sommets sans pr\u00e9c\u00e9dent de succ\u00e8s et de reconnaissance en distinguant votre agence avec un design cr\u00e9atif. Vraiment, avec l&rsquo;agence C<\/p>\n","protected":false},"featured_media":143094,"comment_status":"open","ping_status":"open","template":"","meta":[],"product_brand":[2433],"product_cat":[1242,1212,1213],"product_tag":[1366],"class_list":{"0":"post-116918","1":"product","2":"type-product","3":"status-publish","4":"has-post-thumbnail","6":"product_brand-themeforest","7":"product_cat-creatif","8":"product_cat-themes","9":"product_cat-wordpress-themes","10":"product_tag-themeforest","11":"member-discount","12":"discount-restricted","14":"first","15":"instock","16":"sale","17":"downloadable","18":"virtual","19":"sold-individually","20":"purchasable","21":"product-type-simple"},"_links":{"self":[{"href":"https:\/\/gpl-love.com\/fr\/wp-json\/wp\/v2\/product\/116918","targetHints":{"allow":["GET"]}}],"collection":[{"href":"https:\/\/gpl-love.com\/fr\/wp-json\/wp\/v2\/product"}],"about":[{"href":"https:\/\/gpl-love.com\/fr\/wp-json\/wp\/v2\/types\/product"}],"replies":[{"embeddable":true,"href":"https:\/\/gpl-love.com\/fr\/wp-json\/wp\/v2\/comments?post=116918"}],"wp:featuredmedia":[{"embeddable":true,"href":"https:\/\/gpl-love.com\/fr\/wp-json\/wp\/v2\/media\/143094"}],"wp:attachment":[{"href":"https:\/\/gpl-love.com\/fr\/wp-json\/wp\/v2\/media?parent=116918"}],"wp:term":[{"taxonomy":"product_brand","embeddable":true,"href":"https:\/\/gpl-love.com\/fr\/wp-json\/wp\/v2\/product_brand?post=116918"},{"taxonomy":"product_cat","embeddable":true,"href":"https:\/\/gpl-love.com\/fr\/wp-json\/wp\/v2\/product_cat?post=116918"},{"taxonomy":"product_tag","embeddable":true,"href":"https:\/\/gpl-love.com\/fr\/wp-json\/wp\/v2\/product_tag?post=116918"}],"curies":[{"name":"wp","href":"https:\/\/api.w.org\/{rel}","templated":true}]}}