{"id":116916,"date":"2021-08-13T00:00:00","date_gmt":"2021-08-12T22:00:00","guid":{"rendered":"http:\/\/gpl-love.com\/fr\/produit\/youlive-live-stream-broadcaster-plugin-pour-wordpress\/"},"modified":"2026-03-20T23:54:20","modified_gmt":"2026-03-20T22:54:20","slug":"youlive-live-stream-broadcaster-plugin-pour-wordpress","status":"publish","type":"product","link":"https:\/\/gpl-love.com\/fr\/produit\/youlive-live-stream-broadcaster-plugin-pour-wordpress\/","title":{"rendered":"YouLive Live Stream Broadcaster Plugin pour WordPress 1.1.1"},"content":{"rendered":"<h3>YouLive Live Stream Broadcaster Plugin pour WordPress Traits<\/h3>\n<p>Le plugin de diffuseur en direct YouLive Live pour WordPress est un outil exceptionnellement efficace et efficace qui sert \u00e0 permettre aux utilisateurs de diffuser sans effort et facilement leurs flux en direct sur leurs sites Web WordPress. Ce plugin exceptionnel offre la capacit\u00e9 remarquable de faciliter le streaming des \u00e9v\u00e9nements en direct, y compris, mais sans s&rsquo;y limiter, des webinaires, des conf\u00e9rences et diverses autres formes d&rsquo;\u00e9v\u00e9nements en direct, dans des formats vid\u00e9o et audio extraordinaires de haute qualit\u00e9. Il permet aux utilisateurs de leur accorder la possibilit\u00e9 d&rsquo;\u00e9tablir et de g\u00e9rer leur propre cha\u00eene de flux en direct, leur offrant ainsi le plus grand contr\u00f4le et la flexibilit\u00e9 dans leurs s\u00e9ances de flux en direct. De plus, le plugin accorde \u00e9galement aux utilisateurs l&rsquo;avantage inestimable de mod\u00e9rer les commentaires en temps r\u00e9el, leur permettant ainsi de maintenir un sens de l&rsquo;ordre et de la coh\u00e9rence au sein de leurs communaut\u00e9s virtuelles. Des fonctionnalit\u00e9s interactives remarquables, telles que le partage des sondages, la stimulation des s\u00e9ances de questions-r\u00e9ponses et divers autres m\u00e9canismes interactifs, sont mis \u00e0 la disposition des utilisateurs, am\u00e9liorant ainsi l&rsquo;engagement de l&rsquo;audace des utilisateurs dans une large mesure. Compte tenu des attributs susmentionn\u00e9s, il devient \u00e9vident que vous vivez la fiabilit\u00e9 et la fiabilit\u00e9, car il offre une exp\u00e9rience de streaming en direct sans couture, sans pr\u00e9c\u00e9dent et sans tache pour les utilisateurs de WordPress. Par cons\u00e9quent, il appara\u00eet comme un choix extr\u00eamement souhaitable et optimal pour les entreprises et les individus qui aspirent \u00e0 augmenter et \u00e0 am\u00e9liorer leur pr\u00e9sence en ligne de mani\u00e8re substantielle et significative.<\/p>\n<ul>\n<li>Int\u00e9gration facile avec les sites Web WordPress<\/li>\n<li>Capacit\u00e9s de diffusion en direct pour les propri\u00e9taires de sites Web<\/li>\n<li>Param\u00e8tres personnalisables pour la r\u00e9solution et la qualit\u00e9 vid\u00e9o<\/li>\n<li>Compatibilit\u00e9 avec des plateformes de streaming en direct populaires telles que Twitch et YouTube<\/li>\n<li>Engagement du public en temps r\u00e9el gr\u00e2ce \u00e0 la fonctionnalit\u00e9 de chat et de commentaires<\/li>\n<li>Capacit\u00e9 \u00e0 mon\u00e9tiser les flux en direct gr\u00e2ce \u00e0 des parrainages et des publicit\u00e9s<\/li>\n<li>Int\u00e9gration transparente avec les plateformes de m\u00e9dias sociaux pour une port\u00e9e plus large<\/li>\n<li>Analytiques et fonctionnalit\u00e9s de rapports pour mesurer les performances en direct<\/li>\n<li>Mises \u00e0 jour r\u00e9guli\u00e8res et support technique pour les fonctionnalit\u00e9s optimales<\/li>\n<li>Interface conviviale pour une configuration facile et une gestion des flux en direct.<\/li>\n<\/ul>\n","protected":false},"excerpt":{"rendered":"<p>Le plugin de diffuseur YouLive Live Stream pour WordPress est un outil incroyablement robuste et formidable qui vous accorde la capacit\u00e9 transparente \u00e0 diffuser sans effort et facilement les flux vid\u00e9o en direct directement sur votre site Web estim\u00e9. Dot\u00e9 d&rsquo;une interface exceptionnellement conviviale et d&rsquo;un \u00e9ventail de fonctionnalit\u00e9s de pointe, ce plugin vous permet de g\u00e9n\u00e9rer des flux en direct de qualit\u00e9 in\u00e9gal\u00e9e qui engagent et saisissent efficacement votre public ch\u00e9ri. Que vous vous identifiiez fi\u00e8rement comme un blogueur passionn\u00e9, un sp\u00e9cialiste du marketing avis\u00e9 ou un propri\u00e9taire d&rsquo;entreprise en ligne astucieux, ce plugin remarquable est la quintessence de la perfection lorsqu&rsquo;il s&rsquo;agit de se connecter sans effort avec votre groupe d\u00e9mographique cible d&rsquo;une mani\u00e8re \u00e0 la fois immersive et interactive. Avec la puissance indomptable de vous, vous poss\u00e9dez la capacit\u00e9 d&rsquo;actualiser les flux en direct de qualit\u00e9 professionnelle d\u00e9pourvus de toute d\u00e9pendance \u00e0 l&rsquo;\u00e9gard du mat\u00e9riel ou des logiciels sp\u00e9cialis\u00e9s. Alors pourquoi tarder plus longtemps? Ne perdez pas de temps et permettez-vous le privil\u00e8ge de vous t\u00e9l\u00e9charger sans plus tarder, vous permettant de commencer instantan\u00e9ment le processus de diffusion de votre contenu ch\u00e9ri \u00e0 la vaste \u00e9tendue du monde!<\/p>\n","protected":false},"featured_media":146457,"comment_status":"open","ping_status":"open","template":"","meta":[],"product_brand":[2435],"product_cat":[1189,1181,1186],"product_tag":[1231],"class_list":{"0":"post-116916","1":"product","2":"type-product","3":"status-publish","4":"has-post-thumbnail","6":"product_brand-codecanyon","7":"product_cat-personnalisation","8":"product_cat-plugins","9":"product_cat-wordpress-plugins","10":"product_tag-codecanyon","11":"member-discount","12":"discount-restricted","14":"first","15":"instock","16":"sale","17":"downloadable","18":"virtual","19":"sold-individually","20":"purchasable","21":"product-type-simple"},"_links":{"self":[{"href":"https:\/\/gpl-love.com\/fr\/wp-json\/wp\/v2\/product\/116916","targetHints":{"allow":["GET"]}}],"collection":[{"href":"https:\/\/gpl-love.com\/fr\/wp-json\/wp\/v2\/product"}],"about":[{"href":"https:\/\/gpl-love.com\/fr\/wp-json\/wp\/v2\/types\/product"}],"replies":[{"embeddable":true,"href":"https:\/\/gpl-love.com\/fr\/wp-json\/wp\/v2\/comments?post=116916"}],"wp:featuredmedia":[{"embeddable":true,"href":"https:\/\/gpl-love.com\/fr\/wp-json\/wp\/v2\/media\/146457"}],"wp:attachment":[{"href":"https:\/\/gpl-love.com\/fr\/wp-json\/wp\/v2\/media?parent=116916"}],"wp:term":[{"taxonomy":"product_brand","embeddable":true,"href":"https:\/\/gpl-love.com\/fr\/wp-json\/wp\/v2\/product_brand?post=116916"},{"taxonomy":"product_cat","embeddable":true,"href":"https:\/\/gpl-love.com\/fr\/wp-json\/wp\/v2\/product_cat?post=116916"},{"taxonomy":"product_tag","embeddable":true,"href":"https:\/\/gpl-love.com\/fr\/wp-json\/wp\/v2\/product_tag?post=116916"}],"curies":[{"name":"wp","href":"https:\/\/api.w.org\/{rel}","templated":true}]}}