{"id":116913,"date":"2024-02-17T00:00:00","date_gmt":"2024-02-16T23:00:00","guid":{"rendered":"http:\/\/gpl-love.com\/fr\/produit\/the-team-pro-team-showcase-wordpress-plugin\/"},"modified":"2026-04-10T18:42:23","modified_gmt":"2026-04-10T16:42:23","slug":"the-team-pro-team-showcase-wordpress-plugin","status":"publish","type":"product","link":"https:\/\/gpl-love.com\/fr\/produit\/the-team-pro-team-showcase-wordpress-plugin\/","title":{"rendered":"The Team Pro Team Showcase WordPress Plugin 1.11.2"},"content":{"rendered":"<h3>The Team Pro Team Showcase WordPress Plugin Traits<\/h3>\n<p>Le plugin WordPress de Team Pro Showcase est un outil exceptionnellement remarquable qui offre aux utilisateurs la capacit\u00e9 de cr\u00e9er des vitrines d&rsquo;\u00e9quipe sur leurs sites Web WordPress qui non seulement visuellement attrayants, mais \u00e9galement captivants. Ce plugin est \u00e9quip\u00e9 d&rsquo;une multitude de fonctionnalit\u00e9s qui permettent aux utilisateurs d&rsquo;adapter et de personnaliser leurs vitrines en fonction de leurs pr\u00e9f\u00e9rences. Avec la mise en \u0153uvre du plugin WordPress de Team Pro Showcase, les utilisateurs peuvent incorporer et g\u00e9rer sans effort les membres de l&rsquo;\u00e9quipe, tout en pr\u00e9sentant simultan\u00e9ment leurs comp\u00e9tences, leur exp\u00e9rience et leurs profils de m\u00e9dias sociaux respectifs. De plus, le plugin englobe une interface de glisser-d\u00e9poser navigable sans effort, simplifiant ainsi le processus de cr\u00e9ation et de modification des vitrines de l&rsquo;\u00e9quipe. En outre, il est imp\u00e9ratif de mentionner que le plugin est enti\u00e8rement r\u00e9actif et a \u00e9t\u00e9 optimis\u00e9 de mani\u00e8re transparente pour l&rsquo;utilisation sur tous les appareils, garantissant ainsi que les utilisateurs peuvent montrer de mani\u00e8re transparente leurs \u00e9quipes sur diverses plates-formes. Que l&rsquo;on soit un entrepreneur ind\u00e9pendant, un propri\u00e9taire d&rsquo;une entreprise \u00e0 petite \u00e9chelle, ou m\u00eame d&rsquo;un conglom\u00e9rat, l&#8217;emploi du plugin WordPress de l&rsquo;\u00e9quipe Pro Team WordCas et les r\u00e9alisations.<\/p>\n<ul>\n<li>Pr\u00e9sentez les membres de votre \u00e9quipe de mani\u00e8re professionnelle et \u00e9l\u00e9gante sur votre site Web WordPress<\/li>\n<li>Choisissez parmi plusieurs styles d&rsquo;affichage, y compris la grille, le carrousel et les dispositions de liste<\/li>\n<li>Personnalisez facilement l&rsquo;apparence de votre \u00e9quipe d&rsquo;\u00e9quipe, y compris les sch\u00e9mas de couleurs et les options de police<\/li>\n<li>Ajoutez des membres illimit\u00e9s de l&rsquo;\u00e9quipe et cat\u00e9gorisez-les par d\u00e9partement ou projet<\/li>\n<li>Inclure des profils de membres d\u00e9taill\u00e9s, y compris les biographies, les titres d&#8217;emploi et les liens de m\u00e9dias sociaux<\/li>\n<li>La conception r\u00e9active garantit que votre vitrine d&rsquo;\u00e9quipe a fi\u00e8re allure sur tous les appareils, y compris les smartphones et les tablettes<\/li>\n<li>Int\u00e9grez de mani\u00e8re transparente avec votre th\u00e8me WordPress existant et vos plugins pour une conception de site Web coh\u00e9rente<\/li>\n<li>Utilisez le shortcodes du plugin pour int\u00e9grer facilement votre vitrine de votre \u00e9quipe sur n&rsquo;importe quelle page ou publication sur votre site WordPress<\/li>\n<li>Les mises \u00e0 jour r\u00e9guli\u00e8res et le support d\u00e9di\u00e9 des d\u00e9veloppeurs du plugin garantissent que vous avez toujours un outil fiable et \u00e0 jour pour pr\u00e9senter votre \u00e9quipe.<\/li>\n<\/ul>\n","protected":false},"excerpt":{"rendered":"<p>L&rsquo;utilisation du plugin WordPress de Team Pro Showcase s&rsquo;av\u00e8re \u00eatre un m\u00e9canisme tr\u00e8s efficace pour pr\u00e9senter efficacement les membres d&rsquo;une \u00e9quipe sur n&rsquo;importe quel site Web WordPress. Ce plugin poss\u00e8de une multitude de conceptions personnalisables, ainsi que la capacit\u00e9 d&rsquo;incorporer des biographies individuelles, des liens de m\u00e9dias sociaux et divers autres \u00e9l\u00e9ments. Par cons\u00e9quent, ce logiciel rationalise consid\u00e9rablement le processus de mise en \u00e9vidence de l&rsquo;expertise et des r\u00e9alisations de votre \u00e9quipe. De plus, la conception r\u00e9active incorpor\u00e9e dans le plugin garantit que les membres de votre \u00e9quipe sont esth\u00e9tiquement pr\u00e9sent\u00e9s sur tout type d&rsquo;appareil. De plus, l&rsquo;inclusion d&rsquo;un g\u00e9n\u00e9rateur de shortcode facile \u00e0 op\u00e9rer et d&rsquo;une interface glisser-d\u00e9poser permet aux utilisateurs de construire sans effort des pages d&rsquo;\u00e9quipe captivantes visuellement dans une p\u00e9riode de temps nettement courte. Par cons\u00e9quent, en utilisant le plugin WordPress de Team Pro Showcase, vous am\u00e9liorerez sans aucun doute la visibilit\u00e9 et la pro\u00e9minence de votre \u00e9quipe de mani\u00e8re remarquable.<\/p>\n","protected":false},"featured_media":145478,"comment_status":"open","ping_status":"open","template":"","meta":[],"product_brand":[2435],"product_cat":[1189,1181,1186],"product_tag":[1231],"class_list":{"0":"post-116913","1":"product","2":"type-product","3":"status-publish","4":"has-post-thumbnail","6":"product_brand-codecanyon","7":"product_cat-personnalisation","8":"product_cat-plugins","9":"product_cat-wordpress-plugins","10":"product_tag-codecanyon","11":"member-discount","12":"discount-restricted","14":"first","15":"instock","16":"sale","17":"downloadable","18":"virtual","19":"sold-individually","20":"purchasable","21":"product-type-simple"},"_links":{"self":[{"href":"https:\/\/gpl-love.com\/fr\/wp-json\/wp\/v2\/product\/116913","targetHints":{"allow":["GET"]}}],"collection":[{"href":"https:\/\/gpl-love.com\/fr\/wp-json\/wp\/v2\/product"}],"about":[{"href":"https:\/\/gpl-love.com\/fr\/wp-json\/wp\/v2\/types\/product"}],"replies":[{"embeddable":true,"href":"https:\/\/gpl-love.com\/fr\/wp-json\/wp\/v2\/comments?post=116913"}],"wp:featuredmedia":[{"embeddable":true,"href":"https:\/\/gpl-love.com\/fr\/wp-json\/wp\/v2\/media\/145478"}],"wp:attachment":[{"href":"https:\/\/gpl-love.com\/fr\/wp-json\/wp\/v2\/media?parent=116913"}],"wp:term":[{"taxonomy":"product_brand","embeddable":true,"href":"https:\/\/gpl-love.com\/fr\/wp-json\/wp\/v2\/product_brand?post=116913"},{"taxonomy":"product_cat","embeddable":true,"href":"https:\/\/gpl-love.com\/fr\/wp-json\/wp\/v2\/product_cat?post=116913"},{"taxonomy":"product_tag","embeddable":true,"href":"https:\/\/gpl-love.com\/fr\/wp-json\/wp\/v2\/product_tag?post=116913"}],"curies":[{"name":"wp","href":"https:\/\/api.w.org\/{rel}","templated":true}]}}