{"id":116909,"date":"2025-04-11T00:00:00","date_gmt":"2025-04-10T22:00:00","guid":{"rendered":"http:\/\/gpl-love.com\/fr\/produit\/publishpress-pro-provides-publishing-plugins-pour-wordpress\/"},"modified":"2026-04-10T18:37:24","modified_gmt":"2026-04-10T16:37:24","slug":"publishpress-pro-provides-publishing-plugins-pour-wordpress","status":"publish","type":"product","link":"https:\/\/gpl-love.com\/fr\/produit\/publishpress-pro-provides-publishing-plugins-pour-wordpress\/","title":{"rendered":"PublishPress Pro 4.7.2"},"content":{"rendered":"<h3>PublishPress Pro Traits<\/h3>\n<p>PublishPress Pro est un syst\u00e8me de gestion de contenu de pointe qui r\u00e9pond aux besoins des entreprises et des particuliers, visant \u00e0 rationaliser leur flux de travail et \u00e0 am\u00e9liorer le processus de publication de leur contenu. En offrant une interface utilisateur intuitive et une pl\u00e9thore de fonctionnalit\u00e9s d&rsquo;\u00e9dition robustes, PublishPress Pro simplifie la t\u00e2che de cr\u00e9er et de g\u00e9rer le contenu de premier ordre. De plus, il facilite une collaboration efficace entre les membres de l&rsquo;\u00e9quipe, garantissant que tout le contenu est non seulement optimis\u00e9 pour les moteurs de recherche et les plateformes de m\u00e9dias sociaux, mais aussi la qualit\u00e9. Que vous vous identifiiez en tant que blogueur, marketing ou cr\u00e9ateur de contenu, PublishPress Pro fournit une bo\u00eete \u00e0 outils compl\u00e8te comprenant divers outils et fonctionnalit\u00e9s, vous permettant d&rsquo;acc\u00e9l\u00e9rer la cr\u00e9ation et la publication d&rsquo;un contenu exceptionnel avec une efficacit\u00e9 in\u00e9gal\u00e9e. Avec les capacit\u00e9s in\u00e9gal\u00e9es de PublishPress Pro, vous pouvez \u00e9lever sans effort votre contenu \u00e0 de nouveaux sommets et atteindre sans effort vos objectifs commerciaux.<\/p>\n<ul>\n<li>Processus d&rsquo;\u00e9dition rationalis\u00e9 et efficace<\/li>\n<li>Contr\u00f4le am\u00e9lior\u00e9 sur la publication et la planification du contenu<\/li>\n<li>Des workflows \u00e9ditoriaux approfondis pour optimiser la cr\u00e9ation de contenu<\/li>\n<li>Syst\u00e8me d&rsquo;approbation de contenu robuste pour assurer la qualit\u00e9 et la coh\u00e9rence<\/li>\n<li>Fonctionnalit\u00e9s avanc\u00e9es de revue de contenu et de r\u00e9troaction<\/li>\n<li>Calendrier \u00e9ditorial centralis\u00e9 pour une meilleure planification et organisation<\/li>\n<li>Int\u00e9gration avec les plateformes de m\u00e9dias sociaux populaires<\/li>\n<li>Gestion compl\u00e8te des utilisateurs pour des niveaux d&rsquo;acc\u00e8s vari\u00e9s et des autorisations<\/li>\n<li>Des sentiers de journalisation et d&rsquo;audit d\u00e9taill\u00e9s pour une meilleure responsabilit\u00e9 et rapport<\/li>\n<li>Support client fiable et mises \u00e0 jour et am\u00e9liorations en cours.<\/li>\n<\/ul>\n","protected":false},"excerpt":{"rendered":"<p>PublishPress Pro est un plugin de gestion de contenu remarquablement robuste sp\u00e9cialement con\u00e7u pour WordPress, qui constitue une ressource inestimable pour les entreprises qui cherchent \u00e0 optimiser et \u00e0 rationaliser leur flux de travail d&rsquo;\u00e9dition. B\u00e9n\u00e9ficiant d&rsquo;un \u00e9ventail de fonctionnalit\u00e9s \u00e9ditoriales de pointe et d&rsquo;une interface intuitivement navigable, ce plugin permet aux administrateurs de sites Web de superviser sans effort tous les aspects de leurs efforts de cr\u00e9ation, d&rsquo;\u00e9valuation et de diffusion de contenu. Que vous soyez un propri\u00e9taire d&rsquo;une entreprise modeste, d&rsquo;un blogueur ardent ou d&rsquo;une partie d&rsquo;un consortium de publication plus large, il va sans dire que PublishPress Pro est un atout indispensable pour la gestion efficace de votre production de contenu, facilitant le d\u00e9veloppement de r\u00e9cits stimulants qui r\u00e9sonnent v\u00e9ritablement avec votre public vis\u00e9.<\/p>\n","protected":false},"featured_media":145048,"comment_status":"open","ping_status":"open","template":"","meta":[],"product_brand":[2637],"product_cat":[1189,1181,1186],"product_tag":[2188],"class_list":{"0":"post-116909","1":"product","2":"type-product","3":"status-publish","4":"has-post-thumbnail","6":"product_brand-publishpress","7":"product_cat-personnalisation","8":"product_cat-plugins","9":"product_cat-wordpress-plugins","10":"product_tag-publishpress","11":"member-discount","12":"discount-restricted","14":"first","15":"instock","16":"sale","17":"downloadable","18":"virtual","19":"sold-individually","20":"purchasable","21":"product-type-simple"},"_links":{"self":[{"href":"https:\/\/gpl-love.com\/fr\/wp-json\/wp\/v2\/product\/116909","targetHints":{"allow":["GET"]}}],"collection":[{"href":"https:\/\/gpl-love.com\/fr\/wp-json\/wp\/v2\/product"}],"about":[{"href":"https:\/\/gpl-love.com\/fr\/wp-json\/wp\/v2\/types\/product"}],"replies":[{"embeddable":true,"href":"https:\/\/gpl-love.com\/fr\/wp-json\/wp\/v2\/comments?post=116909"}],"wp:featuredmedia":[{"embeddable":true,"href":"https:\/\/gpl-love.com\/fr\/wp-json\/wp\/v2\/media\/145048"}],"wp:attachment":[{"href":"https:\/\/gpl-love.com\/fr\/wp-json\/wp\/v2\/media?parent=116909"}],"wp:term":[{"taxonomy":"product_brand","embeddable":true,"href":"https:\/\/gpl-love.com\/fr\/wp-json\/wp\/v2\/product_brand?post=116909"},{"taxonomy":"product_cat","embeddable":true,"href":"https:\/\/gpl-love.com\/fr\/wp-json\/wp\/v2\/product_cat?post=116909"},{"taxonomy":"product_tag","embeddable":true,"href":"https:\/\/gpl-love.com\/fr\/wp-json\/wp\/v2\/product_tag?post=116909"}],"curies":[{"name":"wp","href":"https:\/\/api.w.org\/{rel}","templated":true}]}}