{"id":116907,"date":"2022-02-12T00:00:00","date_gmt":"2022-02-11T23:00:00","guid":{"rendered":"http:\/\/gpl-love.com\/fr\/produit\/paper-plane-creative-parallax-wordpress-blog-theme\/"},"modified":"2026-04-10T18:36:12","modified_gmt":"2026-04-10T16:36:12","slug":"paper-plane-creative-parallax-wordpress-blog-theme","status":"publish","type":"product","link":"https:\/\/gpl-love.com\/fr\/produit\/paper-plane-creative-parallax-wordpress-blog-theme\/","title":{"rendered":"Paper Plane Creative Parallax WordPress Blog Theme 1.1.1"},"content":{"rendered":"<h3>Paper Plane Creative Parallax WordPress Blog Theme Traits<\/h3>\n<p>Si vous \u00eates un blogueur \u00e0 la recherche d&rsquo;un site Web non seulement r\u00e9actif et moderne, mais aussi visuellement magnifique, alors le th\u00e8me du blog WordPress de parallax de Paper Plane Creative serait un excellent choix. Ce th\u00e8me a \u00e9t\u00e9 con\u00e7u avec une fonction de parallaxe qui, lorsqu&rsquo;il est impl\u00e9ment\u00e9, cr\u00e9e un sentiment de profondeur et de mouvement dans votre site Web, captivant et engageant ainsi vos lecteurs \u00e0 un tout nouveau niveau. De plus, la disposition de ce th\u00e8me est incroyablement flexible, vous offrant une myriade d&rsquo;options pour votre page d&rsquo;accueil et les dispositions de publication. Un autre aspect notable de ce th\u00e8me est sa compatibilit\u00e9 avec Gutenberg, un outil qui vous accorde un contr\u00f4le encore plus cr\u00e9atif sur votre contenu. Et n&rsquo;oublions pas le fait que le th\u00e8me du plan papier est enti\u00e8rement personnalisable &#8211; des polices aux couleurs aux arri\u00e8re-plans, vous avez le pouvoir de le faire vraiment le v\u00f4tre. De plus, ce th\u00e8me a \u00e9t\u00e9 optimis\u00e9 pour les moteurs de recherche, garantissant que votre contenu sera facilement d\u00e9couvrable par ceux qui le recherchent. Dans l&rsquo;ensemble, si vous \u00eates un blogueur qui aspire \u00e0 un site Web qui non seulement semble professionnel, mais est \u00e9galement convivial et personnalisable, alors le th\u00e8me du blog WordPress parallax de Paper Plane Creative est certainement la voie \u00e0 suivre.<\/p>\n<ul>\n<li>Conception de parallaxe frappante visuelle<\/li>\n<li>Options de disposition flexibles et personnalisables<\/li>\n<li>Construit avec les derni\u00e8res technologies Web<\/li>\n<li>Interface facile \u00e0 utiliser et \u00e0 naviguer<\/li>\n<li>Enti\u00e8rement r\u00e9actif pour une visualisation transparente sur tous les appareils<\/li>\n<li>Optimis\u00e9 pour l&rsquo;optimisation des moteurs de recherche (SEO)<\/li>\n<li>Plusieurs formats de publication, y compris l&rsquo;audio et la vid\u00e9o<\/li>\n<li>Int\u00e9gration avec les plateformes de m\u00e9dias sociaux<\/li>\n<li>Zones de barre lat\u00e9rale et de pied de page widget pour une fonctionnalit\u00e9 am\u00e9lior\u00e9e<\/li>\n<li>Documentation compl\u00e8te et support client.<\/li>\n<\/ul>\n","protected":false},"excerpt":{"rendered":"<p>Nous sommes ravis de vous pr\u00e9senter le th\u00e8me du blog WordPress de parallax de parallaxe de parallax de Papier en papier, une solution exceptionnelle con\u00e7ue sp\u00e9cifiquement pour les blogueurs qui aspirent \u00e0 se distinguer des masses. Ce th\u00e8me poss\u00e8de des effets de parallaxe captivants, une conception r\u00e9active qui s&rsquo;adapte de mani\u00e8re transparente \u00e0 divers appareils, et un \u00e9ventail de fonctionnalit\u00e9s conviviales, ce qui en fait la quintessence de la perfection pour afficher votre contenu in\u00e9gal\u00e9 et favoriser des interactions significatives avec votre lecture d\u00e9vou\u00e9e. Que vous ayez d\u00e9j\u00e0 \u00e9tabli une pr\u00e9sence formidable dans la blogosph\u00e8re ou que vous vous lancez simplement dans ce voyage passionnant, soyez assur\u00e9 que le th\u00e8me du blog WordPress de parallax de Paper Plane Creative \u00e9l\u00e8vera sans aucun doute votre blog \u00e0 des hauteurs in\u00e9gal\u00e9es.<\/p>\n","protected":false},"featured_media":144935,"comment_status":"open","ping_status":"open","template":"","meta":[],"product_brand":[2433],"product_cat":[1242,1212,1213],"product_tag":[1366],"class_list":{"0":"post-116907","1":"product","2":"type-product","3":"status-publish","4":"has-post-thumbnail","6":"product_brand-themeforest","7":"product_cat-creatif","8":"product_cat-themes","9":"product_cat-wordpress-themes","10":"product_tag-themeforest","11":"member-discount","12":"discount-restricted","14":"first","15":"instock","16":"sale","17":"downloadable","18":"virtual","19":"sold-individually","20":"purchasable","21":"product-type-simple"},"_links":{"self":[{"href":"https:\/\/gpl-love.com\/fr\/wp-json\/wp\/v2\/product\/116907","targetHints":{"allow":["GET"]}}],"collection":[{"href":"https:\/\/gpl-love.com\/fr\/wp-json\/wp\/v2\/product"}],"about":[{"href":"https:\/\/gpl-love.com\/fr\/wp-json\/wp\/v2\/types\/product"}],"replies":[{"embeddable":true,"href":"https:\/\/gpl-love.com\/fr\/wp-json\/wp\/v2\/comments?post=116907"}],"wp:featuredmedia":[{"embeddable":true,"href":"https:\/\/gpl-love.com\/fr\/wp-json\/wp\/v2\/media\/144935"}],"wp:attachment":[{"href":"https:\/\/gpl-love.com\/fr\/wp-json\/wp\/v2\/media?parent=116907"}],"wp:term":[{"taxonomy":"product_brand","embeddable":true,"href":"https:\/\/gpl-love.com\/fr\/wp-json\/wp\/v2\/product_brand?post=116907"},{"taxonomy":"product_cat","embeddable":true,"href":"https:\/\/gpl-love.com\/fr\/wp-json\/wp\/v2\/product_cat?post=116907"},{"taxonomy":"product_tag","embeddable":true,"href":"https:\/\/gpl-love.com\/fr\/wp-json\/wp\/v2\/product_tag?post=116907"}],"curies":[{"name":"wp","href":"https:\/\/api.w.org\/{rel}","templated":true}]}}