{"id":116904,"date":"2022-05-10T00:00:00","date_gmt":"2022-05-09T22:00:00","guid":{"rendered":"http:\/\/gpl-love.com\/fr\/produit\/hotel-booking-travel-wordpress-theme\/"},"modified":"2026-03-20T23:19:43","modified_gmt":"2026-03-20T22:19:43","slug":"hotel-booking-travel-wordpress-theme","status":"publish","type":"product","link":"https:\/\/gpl-love.com\/fr\/produit\/hotel-booking-travel-wordpress-theme\/","title":{"rendered":"Hotel Booking Travel WordPress Theme 2.4"},"content":{"rendered":"<h3>Hotel Booking Travel WordPress Theme Traits<\/h3>\n<p>Con\u00e7u pour r\u00e9pondre aux exigences uniques des h\u00f4tels et des entreprises de voyage, le th\u00e8me WordPress de voyage de r\u00e9servation d&rsquo;h\u00f4tel est un mod\u00e8le de site Web exceptionnellement robuste et charg\u00e9 de fonctionnalit\u00e9s. L&rsquo;une de ses fonctionnalit\u00e9s hors concours est son syst\u00e8me de r\u00e9servation enti\u00e8rement personnalisable, qui s&rsquo;adresse aux r\u00e9servations en chambre et en voyage. Ce syst\u00e8me transparent permet aux utilisateurs de s\u00e9curiser et de r\u00e9mun\u00e9rer sans effort les logements et les activit\u00e9s souhait\u00e9s via une plate-forme en ligne. De plus, le th\u00e8me propose un \u00e9ventail de mod\u00e8les et de dispositions pr\u00e9fabriqu\u00e9s, aux c\u00f4t\u00e9s d&rsquo;options de personnalisation conviviales, vous permettant de fa\u00e7onner un site Web visuellement captivant qui incarne parfaitement votre identit\u00e9 de marque. B\u00e9n\u00e9ficiant d&rsquo;une conception r\u00e9active et d&rsquo;une vaste gamme de fonctionnalit\u00e9s, le th\u00e8me WordPress de voyage de r\u00e9servation d&rsquo;h\u00f4tel repr\u00e9sente la solution ultime pour les h\u00f4tels, les stations et les agences de voyage cherchant \u00e0 \u00e9tablir une pr\u00e9sence en ligne polie.<\/p>\n<ul>\n<li>Un th\u00e8me WordPress premium con\u00e7u pour les h\u00f4tels et les entreprises de voyage<\/li>\n<li>Interface personnalisable et facile \u00e0 utiliser<\/li>\n<li>Comprend un syst\u00e8me de r\u00e9servation pour les clients pour r\u00e9server des chambres directement sur le site Web<\/li>\n<li>Compatible avec les moteurs de r\u00e9servation d&rsquo;h\u00f4tel populaires tels que Expedia et Booking.com<\/li>\n<li>Conception propre et moderne avec plusieurs options de mise en page<\/li>\n<li>Conception r\u00e9active pour une visualisation optimale sur le bureau, les tablettes et les appareils mobiles<\/li>\n<li>Offre des options de recherche et de filtrage avanc\u00e9es pour que les clients trouvent la pi\u00e8ce parfaite<\/li>\n<li>S&rsquo;int\u00e8gre aux m\u00e9dias sociaux populaires et aux plateformes d&rsquo;examen<\/li>\n<li>Comprend des pages pr\u00eates \u00e0 l&#8217;emploi pour les caract\u00e9ristiques des h\u00f4tels communs tels que les commodit\u00e9s, la galerie et l&#8217;emplacement<\/li>\n<li>Offre une int\u00e9gration facile avec des passerelles de paiement tierces pour les transactions s\u00e9curis\u00e9es.<\/li>\n<\/ul>\n","protected":false},"excerpt":{"rendered":"<p>Le th\u00e8me WordPress Travel WordPress de la r\u00e9servation d&rsquo;h\u00f4tel est une solution id\u00e9ale et impeccable sp\u00e9cialement adapt\u00e9e aux entreprises op\u00e9rant dans le vaste domaine de l&rsquo;industrie h\u00f4teli\u00e8re. Avec un accent m\u00e9ticuleux sur la restauration d&rsquo;un large \u00e9ventail d&rsquo;\u00e9tablissements tels que des h\u00f4tels, des stations, des motels et des entreprises de location de vacances, ce th\u00e8me remarquablement sophistiqu\u00e9 offre une solution globale et compl\u00e8te pour tous vos besoins de r\u00e9servation de r\u00e9servation, en montrant efficacement une vaste gamme \u00e9tendue des services et des commodit\u00e9s, et promouvant et annon\u00e7ant une publicit\u00e9 vigilante d&rsquo;une s\u00e9lection attrayante d&rsquo;offres et de forfaits sp\u00e9ciaux. Gr\u00e2ce \u00e0 ses options personnalisables sans effort, \u00e0 sa conception de mani\u00e8re transparente et \u00e0 une int\u00e9gration impeccable avec des passerelles de paiement et des syst\u00e8mes de r\u00e9servation de premier plan, ce th\u00e8me remarquablement polyvalent garantit une exp\u00e9rience de r\u00e9servation en ligne sans tracas et rationalis\u00e9e pour vos invit\u00e9s estim\u00e9s, tout en maximisant simultan\u00e9ment votre visibilit\u00e9 en ligne et votre mont\u00e9e en fl\u00e8che en ligne vos revenus \u00e0 des hauteurs sans pr\u00e9c\u00e9dent.<\/p>\n","protected":false},"featured_media":144190,"comment_status":"open","ping_status":"open","template":"","meta":[],"product_brand":[2433],"product_cat":[1558,1212,1213],"product_tag":[1366],"class_list":{"0":"post-116904","1":"product","2":"type-product","3":"status-publish","4":"has-post-thumbnail","6":"product_brand-themeforest","7":"product_cat-hotel-resort","8":"product_cat-themes","9":"product_cat-wordpress-themes","10":"product_tag-themeforest","11":"member-discount","12":"discount-restricted","14":"first","15":"instock","16":"sale","17":"downloadable","18":"virtual","19":"sold-individually","20":"purchasable","21":"product-type-simple"},"_links":{"self":[{"href":"https:\/\/gpl-love.com\/fr\/wp-json\/wp\/v2\/product\/116904","targetHints":{"allow":["GET"]}}],"collection":[{"href":"https:\/\/gpl-love.com\/fr\/wp-json\/wp\/v2\/product"}],"about":[{"href":"https:\/\/gpl-love.com\/fr\/wp-json\/wp\/v2\/types\/product"}],"replies":[{"embeddable":true,"href":"https:\/\/gpl-love.com\/fr\/wp-json\/wp\/v2\/comments?post=116904"}],"wp:featuredmedia":[{"embeddable":true,"href":"https:\/\/gpl-love.com\/fr\/wp-json\/wp\/v2\/media\/144190"}],"wp:attachment":[{"href":"https:\/\/gpl-love.com\/fr\/wp-json\/wp\/v2\/media?parent=116904"}],"wp:term":[{"taxonomy":"product_brand","embeddable":true,"href":"https:\/\/gpl-love.com\/fr\/wp-json\/wp\/v2\/product_brand?post=116904"},{"taxonomy":"product_cat","embeddable":true,"href":"https:\/\/gpl-love.com\/fr\/wp-json\/wp\/v2\/product_cat?post=116904"},{"taxonomy":"product_tag","embeddable":true,"href":"https:\/\/gpl-love.com\/fr\/wp-json\/wp\/v2\/product_tag?post=116904"}],"curies":[{"name":"wp","href":"https:\/\/api.w.org\/{rel}","templated":true}]}}