{"id":116902,"date":"2022-04-15T00:00:00","date_gmt":"2022-04-14T22:00:00","guid":{"rendered":"http:\/\/gpl-love.com\/fr\/produit\/ax-social-stream-wordpress-plugin\/"},"modified":"2026-03-20T22:55:51","modified_gmt":"2026-03-20T21:55:51","slug":"ax-social-stream-wordpress-plugin","status":"publish","type":"product","link":"https:\/\/gpl-love.com\/fr\/produit\/ax-social-stream-wordpress-plugin\/","title":{"rendered":"AX Social Stream WordPress Plugin 3.9.10"},"content":{"rendered":"<h3>AX Social Stream WordPress Plugin Traits<\/h3>\n<p>Le plugin WordPress AX Social Stream est un outil incroyablement robuste et dynamique qui a \u00e9t\u00e9 sp\u00e9cifiquement con\u00e7u pour \u00e9lever et amplifier la pr\u00e9sence sur les r\u00e9seaux sociaux de votre site Web vers de nouveaux sommets. Ce plugin remarquable assocasse et consolide une abondance de contenu diversifi\u00e9 d&rsquo;une multitude de plateformes de m\u00e9dias sociaux tr\u00e8s populaires et largement utilis\u00e9es, y compris Twitter, Facebook, Instagram et YouTube, puis pr\u00e9sente et pr\u00e9sente sans effort cette fusion dans une personnalit\u00e9 enti\u00e8rement personnalisable et sans effort. et un flux sur mesure qui est m\u00e9ticuleusement et complexe int\u00e9gr\u00e9 dans le cadre de votre site Web. Avec ce plugin r\u00e9volutionnaire, vous avez la capacit\u00e9 remarquable et la flexibilit\u00e9 illimit\u00e9e \u00e0 des comptes et des hashtags sp\u00e9cifiques \u00e0 l&rsquo;\u00e9lection de cerises m\u00e9ticuleusement que vous souhaitez pr\u00e9senter et exposer en \u00e9vidence, tout en exer\u00e7ant simultan\u00e9ment toute pr\u00e9rogative faisant autorit\u00e9 pour filtrer et exp\u00e9dier sans effort et exp\u00e9dient sans effort et exp\u00e9dient sans effort et exp\u00e9dient sans effort et exp\u00e9dient sans effort et exp\u00e9di\u00e9 et tous les contenus non pertinents et \u00e9trangers qui peuvent avoir un impact n\u00e9gatif sur la coh\u00e9rence globale et la fluidit\u00e9 de votre site Web. De plus, le plugin AX Social Stream se vante et pr\u00e9sente fi\u00e8rement une sensibilit\u00e9 de conception \u00e9l\u00e9gante, polie et esth\u00e9tique qui s&rsquo;harmonise sans effort et sans transparence avec l&rsquo;identit\u00e9 esth\u00e9tique et visuelle globale de votre site Web, dominant ainsi et autonomisant les visiteurs de votre site Web avec une exp\u00e9rience immersive et captivante et captivante, dominant ainsi ainsi les visiteurs de votre site Web avec une exp\u00e9rience immersive et captivante Cela captivera et ne saisira pas sans aucun doute leurs sens. En outre, ce plugin exemplaire est \u00e9galement impeccablement et parfaitement rationalise et simplifie l&rsquo;exp\u00e9rience globale de l&rsquo;interface utilisateur, en la rendant \u00e9tonnamment conviviale et remarquablement accessible aux individus les plus novices et les plus inexp\u00e9riment\u00e9s. En conclusion, l&rsquo;efficacit\u00e9 et la puissance pure et pure que le plugin de flux social Axe apporte \u00e0 la table proverbiale est in\u00e9gal\u00e9e et indomptable et servira sans aucun doute un atout inestimable et indispensable \u00e0 votre site Web, garantissant que vos visiteurs de site Web estim\u00e9s sont coh\u00e9rentes et constamment engag\u00e9s, \u00e9clair\u00e9 et tenu \u00e0 jour avec les derniers d\u00e9veloppements et activit\u00e9s qui se prolongent dans le domaine vaste et dynamique de votre pr\u00e9sence sur les r\u00e9seaux sociaux.<\/p>\n<ul>\n<li>Affiche les flux de m\u00e9dias sociaux (y compris Facebook, Twitter, Instagram et YouTube) directement sur votre site Web WordPress<\/li>\n<li>Les options d&rsquo;affichage personnalisables vous permettent de choisir le nombre de messages \u00e0 afficher, la disposition du flux et le style du contenu<\/li>\n<li>Comprend une fonction de recherche int\u00e9gr\u00e9e pour trouver des publications sp\u00e9cifiques, ainsi que des options de filtrage par hashtag ou nom d&rsquo;utilisateur<\/li>\n<li>Options de mod\u00e9ration et de filtrage du contenu pour garantir que seuls les publications appropri\u00e9es sont affich\u00e9es sur votre site<\/li>\n<li>Les mises \u00e0 jour automatiques garantissent que votre flux de m\u00e9dias sociaux est toujours \u00e0 jour et \u00e0 jour<\/li>\n<li>La conception r\u00e9active garantit que votre flux social a fi\u00e8re allure sur n&rsquo;importe quel appareil, du bureau au mobile<\/li>\n<li>Les options de partage social permettent \u00e0 vos visiteurs de partager facilement votre contenu sur leurs propres r\u00e9seaux sociaux<\/li>\n<li>Int\u00e8gre de mani\u00e8re transparente avec votre th\u00e8me WordPress existant et vos plugins pour un processus de configuration simple et rationalis\u00e9<\/li>\n<li>Excellent support client et documentation disponibles pour aider \u00e0 toutes les questions ou probl\u00e8mes que vous pouvez rencontrer<\/li>\n<\/ul>\n","protected":false},"excerpt":{"rendered":"<p>D\u00e9couvrez une int\u00e9gration des m\u00e9dias sociaux sans couture sur votre site Web avec notre plugin WordPress Social Stream AX. Ce plugin innovant vous permet de combiner toutes vos interactions sur les r\u00e9seaux sociaux en un seul flux de r\u00e9seau ou de cr\u00e9er un seul flux pour plusieurs profils de r\u00e9seaux sociaux. Il est compatible avec 14 r\u00e9seaux sociaux populaires tels que Facebook, Twitter, Instagram, YouTube, etc., assurant une pr\u00e9sence compl\u00e8te sur les r\u00e9seaux sociaux pour votre plateforme en ligne.<\/p>\n<p>Pour plus de commodit\u00e9, le plugin prend \u00e9galement en charge une disposition enti\u00e8rement r\u00e9active et dispose d&rsquo;un design moderne et \u00e9l\u00e9gant qui peut \u00eatre personnalis\u00e9 pour correspondre \u00e0 l&rsquo;esth\u00e9tique de votre site Web. Il comprend \u00e9galement une fonctionnalit\u00e9 de boutons de partage puissante, ce qui permet \u00e0 vos visiteurs de partager plus facilement votre contenu et d&rsquo;\u00e9largir votre port\u00e9e en ligne.<\/p>\n<p>De plus, le plugin AX Social Stream WordPress propose un syst\u00e8me de filtrage robuste, vous permettant de contr\u00f4ler le type de contenu qui appara\u00eet sur votre flux. Il prend \u00e9galement en charge plusieurs dispositions, notamment une grille, une chronologie, une rotation, etc., offrant une exp\u00e9rience de navigation dynamique et engageante pour vos utilisateurs.<\/p>\n<p>Que vous soyez un blogueur, une entreprise<\/p>\n","protected":false},"featured_media":143213,"comment_status":"open","ping_status":"open","template":"","meta":[],"product_brand":[2435],"product_cat":[1189,1181,1186],"product_tag":[1231],"class_list":{"0":"post-116902","1":"product","2":"type-product","3":"status-publish","4":"has-post-thumbnail","6":"product_brand-codecanyon","7":"product_cat-personnalisation","8":"product_cat-plugins","9":"product_cat-wordpress-plugins","10":"product_tag-codecanyon","11":"member-discount","12":"discount-restricted","14":"first","15":"instock","16":"sale","17":"downloadable","18":"virtual","19":"sold-individually","20":"purchasable","21":"product-type-simple"},"_links":{"self":[{"href":"https:\/\/gpl-love.com\/fr\/wp-json\/wp\/v2\/product\/116902","targetHints":{"allow":["GET"]}}],"collection":[{"href":"https:\/\/gpl-love.com\/fr\/wp-json\/wp\/v2\/product"}],"about":[{"href":"https:\/\/gpl-love.com\/fr\/wp-json\/wp\/v2\/types\/product"}],"replies":[{"embeddable":true,"href":"https:\/\/gpl-love.com\/fr\/wp-json\/wp\/v2\/comments?post=116902"}],"wp:featuredmedia":[{"embeddable":true,"href":"https:\/\/gpl-love.com\/fr\/wp-json\/wp\/v2\/media\/143213"}],"wp:attachment":[{"href":"https:\/\/gpl-love.com\/fr\/wp-json\/wp\/v2\/media?parent=116902"}],"wp:term":[{"taxonomy":"product_brand","embeddable":true,"href":"https:\/\/gpl-love.com\/fr\/wp-json\/wp\/v2\/product_brand?post=116902"},{"taxonomy":"product_cat","embeddable":true,"href":"https:\/\/gpl-love.com\/fr\/wp-json\/wp\/v2\/product_cat?post=116902"},{"taxonomy":"product_tag","embeddable":true,"href":"https:\/\/gpl-love.com\/fr\/wp-json\/wp\/v2\/product_tag?post=116902"}],"curies":[{"name":"wp","href":"https:\/\/api.w.org\/{rel}","templated":true}]}}