{"id":116900,"date":"2022-02-21T00:00:00","date_gmt":"2022-02-20T23:00:00","guid":{"rendered":"http:\/\/gpl-love.com\/fr\/produit\/gutencon-marketing-et-seo-booster-listing-et-review-builder-pour-gutenberg\/"},"modified":"2026-03-20T23:19:16","modified_gmt":"2026-03-20T22:19:16","slug":"gutencon-marketing-et-seo-booster-listing-et-review-builder-pour-gutenberg","status":"publish","type":"product","link":"https:\/\/gpl-love.com\/fr\/produit\/gutencon-marketing-et-seo-booster-listing-et-review-builder-pour-gutenberg\/","title":{"rendered":"Gutencon Marketing et SEO Booster Listing et Review Builder pour Gutenberg 5.2"},"content":{"rendered":"<h3>Gutencon Marketing et SEO Booster Listing et Review Builder pour Gutenberg Traits<\/h3>\n<p>Le Gutencon Marketing et SEO Booster Listing and Review Builder pour Gutenberg est un outil incroyablement puissant qui a \u00e9t\u00e9 m\u00e9ticuleusement con\u00e7u pour am\u00e9liorer consid\u00e9rablement les performances globales de votre site Web en am\u00e9liorant efficacement et en renfor\u00e7ant votre strat\u00e9gie de r\u00e9f\u00e9rencement. En utilisant ce produit exceptionnel, vous pourrez int\u00e9grer sans effort les blocs de liste et d&rsquo;examen dans votre site Web, aidant ainsi grandement \u00e0 attirer un plus grand volume de trafic et \u00e0 amplifier par la suite la visibilit\u00e9 globale de votre site Web. Avec Gutencon, vous poss\u00e9derez la capacit\u00e9 remarquable de g\u00e9n\u00e9rer sans effort un contenu visuellement attrayant et captivant, tout en optimisant syst\u00e9matiquement votre site Web afin de maximiser votre classement sur divers moteurs de recherche. Que vous soyez un professionnel du marketing accompli et chevronn\u00e9 ou un novice naissant qui cherche avec impatience \u00e0 renforcer et \u00e0 am\u00e9liorer les performances de votre site Web, le marketing Gutencon et la liste de booster SEO et l&rsquo;examen du constructeur servent incontestablement un choix exemplaire qui est garanti pour donner des r\u00e9sultats remarquables.<\/p>\n<ul>\n<li>Boostez la visibilit\u00e9 en ligne avec des outils de marketing expert et de r\u00e9f\u00e9rencement<\/li>\n<li>Cr\u00e9ez facilement des pages de liste professionnelle avec Gutenberg<\/li>\n<li>Mod\u00e8les enti\u00e8rement personnalisables pour une pr\u00e9sence en ligne unique et engageante<\/li>\n<li>Optimisez votre contenu pour les mots cl\u00e9s et les phrases cibl\u00e9s<\/li>\n<li>Suivre et analyser les performances de votre site Web avec des analyses d\u00e9taill\u00e9es<\/li>\n<li>Cr\u00e9ez une pr\u00e9sence en ligne dynamique et partageable qui am\u00e8nera de nouveaux clients et clients<\/li>\n<li>Partage int\u00e9gr\u00e9 des m\u00e9dias sociaux pour encore plus d&rsquo;exposition<\/li>\n<li>G\u00e9rer sans effort les avis et les commentaires avec des outils de mod\u00e9ration experts<\/li>\n<li>Augmentez le classement de votre site Web sur les moteurs de recherche pour un plus grand succ\u00e8s en ligne<\/li>\n<\/ul>\n","protected":false},"excerpt":{"rendered":"<p>Gutencon Marketing et SEO Booster, un constructeur innovant de liste et d&rsquo;examen, a \u00e9t\u00e9 sp\u00e9cifiquement con\u00e7u pour Gutenberg afin d&rsquo;offrir une solution avanc\u00e9e et compl\u00e8te. Cet outil poss\u00e8de une interface robuste et intuitive qui amplifie efficacement le marketing et les efforts de r\u00e9f\u00e9rencement de votre site Web. En utilisant Gutencon, vous \u00eates autoris\u00e9 \u00e0 g\u00e9n\u00e9rer sans effort des listes et des critiques qui s&rsquo;alignent parfaitement avec votre style de conception pr\u00e9f\u00e9r\u00e9, tout en optimisant simultan\u00e9ment votre contenu pour atteindre un classement de moteurs de recherche plus \u00e9lev\u00e9. Tirant parti de sa technologie de pointe, Gutencon rationalise le processus de cr\u00e9ation de campagnes de marketing et de r\u00e9f\u00e9rencement tr\u00e8s percutantes, vous permettant d&rsquo;obtenir des r\u00e9sultats remarquables dans un d\u00e9lai consid\u00e9rablement r\u00e9duit. Exp\u00e9rimentez le trafic am\u00e9lior\u00e9, un afflux de prospects et des conversions accrues en adoptant les capacit\u00e9s remarquables de la commercialisation de Gutencon et du SEO Booster. Profitez de cet outil remarquable aujourd&rsquo;hui et assistez \u00e0 son potentiel transformateur de premi\u00e8re main!<\/p>\n","protected":false},"featured_media":144161,"comment_status":"open","ping_status":"open","template":"","meta":[],"product_brand":[2435],"product_cat":[1189,1181,1186],"product_tag":[1231],"class_list":{"0":"post-116900","1":"product","2":"type-product","3":"status-publish","4":"has-post-thumbnail","6":"product_brand-codecanyon","7":"product_cat-personnalisation","8":"product_cat-plugins","9":"product_cat-wordpress-plugins","10":"product_tag-codecanyon","11":"member-discount","12":"discount-restricted","14":"first","15":"instock","16":"sale","17":"downloadable","18":"virtual","19":"sold-individually","20":"purchasable","21":"product-type-simple"},"_links":{"self":[{"href":"https:\/\/gpl-love.com\/fr\/wp-json\/wp\/v2\/product\/116900","targetHints":{"allow":["GET"]}}],"collection":[{"href":"https:\/\/gpl-love.com\/fr\/wp-json\/wp\/v2\/product"}],"about":[{"href":"https:\/\/gpl-love.com\/fr\/wp-json\/wp\/v2\/types\/product"}],"replies":[{"embeddable":true,"href":"https:\/\/gpl-love.com\/fr\/wp-json\/wp\/v2\/comments?post=116900"}],"wp:featuredmedia":[{"embeddable":true,"href":"https:\/\/gpl-love.com\/fr\/wp-json\/wp\/v2\/media\/144161"}],"wp:attachment":[{"href":"https:\/\/gpl-love.com\/fr\/wp-json\/wp\/v2\/media?parent=116900"}],"wp:term":[{"taxonomy":"product_brand","embeddable":true,"href":"https:\/\/gpl-love.com\/fr\/wp-json\/wp\/v2\/product_brand?post=116900"},{"taxonomy":"product_cat","embeddable":true,"href":"https:\/\/gpl-love.com\/fr\/wp-json\/wp\/v2\/product_cat?post=116900"},{"taxonomy":"product_tag","embeddable":true,"href":"https:\/\/gpl-love.com\/fr\/wp-json\/wp\/v2\/product_tag?post=116900"}],"curies":[{"name":"wp","href":"https:\/\/api.w.org\/{rel}","templated":true}]}}