{"id":116880,"date":"2021-08-11T00:00:00","date_gmt":"2021-08-10T22:00:00","guid":{"rendered":"http:\/\/gpl-love.com\/fr\/produit\/foden-multipurpose-woocommerce-theme\/"},"modified":"2026-04-18T06:30:29","modified_gmt":"2026-04-18T04:30:29","slug":"foden-multipurpose-woocommerce-theme","status":"publish","type":"product","link":"https:\/\/gpl-love.com\/fr\/produit\/foden-multipurpose-woocommerce-theme\/","title":{"rendered":"Foden Multipurpose WooCommerce Theme 1.0.8"},"content":{"rendered":"<h3>Foden Multipurpose WooCommerce Theme Traits<\/h3>\n<p>Le th\u00e8me WooCommerce polyvalent Foden offre un large \u00e9ventail de possibilit\u00e9s de personnalisation, ce qui en fait un choix id\u00e9al pour les entreprises en ligne qui cherchent \u00e0 pr\u00e9senter leur diversit\u00e9 de produits et services. B\u00e9n\u00e9ficiant d&rsquo;une esth\u00e9tique \u00e9l\u00e9gante et contemporaine, ce th\u00e8me s&rsquo;adresse de mani\u00e8re transparente \u00e0 tous les types de sites de commerce \u00e9lectronique, que ce soit ceux qui se sp\u00e9cialisent dans la mode et la beaut\u00e9 ou ceux centr\u00e9s sur la technologie et les produits de maison. L&rsquo;int\u00e9gration avec WooCommerce simplifie la gestion de votre magasin, tandis que l&rsquo;inclusion de fonctionnalit\u00e9s impressionnantes telles que la conception r\u00e9active, les en-t\u00eates et les pieds de page personnalisables, et plusieurs dispositions de page d&rsquo;accueil vous permettent de construire une vitrine en ligne distincte qui pr\u00e9sente efficacement votre marque. En utilisant Foden, vous avez les moyens de propulser votre entreprise en ligne \u00e0 de nouveaux sommets et de donner \u00e0 vos clients une exp\u00e9rience d&rsquo;achat sans pr\u00e9c\u00e9dent.<\/p>\n<ul>\n<li>Un th\u00e8me WooCommerce polyvalent et dynamique con\u00e7u pour les entreprises de toutes tailles<\/li>\n<li>Construit avec une gamme de fonctionnalit\u00e9s et de fonctions utiles pour am\u00e9liorer l&rsquo;exp\u00e9rience utilisateur<\/li>\n<li>Fournit un look moderne, \u00e9l\u00e9gant et professionnel pour votre plateforme de commerce \u00e9lectronique<\/li>\n<li>Fonctionnalit\u00e9s personnalisables pour adapter le th\u00e8me de votre identit\u00e9 de marque<\/li>\n<li>Mobile r\u00e9actif pour assurer l&rsquo;accessibilit\u00e9 sur une gamme d&rsquo;appareils<\/li>\n<li>Mod\u00e8les faciles \u00e0 utiliser et personnalisables pour les dispositions de produits et de cat\u00e9gories<\/li>\n<li>Int\u00e9gration avec une vari\u00e9t\u00e9 de plugins et d&rsquo;extensions pour am\u00e9liorer la plate-forme<\/li>\n<li>SEO optimis\u00e9 pour aider vos produits \u00e0 se classer dans les r\u00e9sultats des moteurs de recherche<\/li>\n<li>Une gamme d&rsquo;outils marketing puissants pour les promotions et la gestion de la vente<\/li>\n<li>Mises \u00e0 jour r\u00e9guli\u00e8res et support d\u00e9di\u00e9 pour assurer le bon fonctionnement de votre plate-forme de commerce \u00e9lectronique.<\/li>\n<\/ul>\n","protected":false},"excerpt":{"rendered":"<p>Nous sommes ravis de vous pr\u00e9senter Foden, le th\u00e8me WooCommerce multi-usage, un th\u00e8me robuste et adaptable con\u00e7u sur mesure pour les entreprises en ligne de toutes tailles. Ce th\u00e8me exceptionnel offre un design visuellement captivant et une multitude de fonctionnalit\u00e9s personnalisables qui vous permettent de pr\u00e9senter vos produits de mani\u00e8re optimale, d&rsquo;accro\u00eetre l&rsquo;engagement des utilisateurs et de booster vos ventes. Gr\u00e2ce \u00e0 sa compatibilit\u00e9 native avec WooCommerce, la plateforme e-commerce leader du march\u00e9, cr\u00e9er votre boutique en ligne et mettre vos produits en vente n&rsquo;a jamais \u00e9t\u00e9 aussi simple. De plus, le th\u00e8me Foden est enti\u00e8rement responsive, ce qui le rend accessible sur tous les appareils et garantit ainsi un acc\u00e8s fluide \u00e0 votre boutique pour vos clients, o\u00f9 qu&rsquo;ils soient. Alors n&rsquo;attendez plus\u00a0! Propulsez votre activit\u00e9 en ligne vers de nouveaux sommets en adoptant d\u00e8s aujourd&rsquo;hui les remarquables capacit\u00e9s du th\u00e8me Foden\u00a0!<\/p>\n","protected":false},"featured_media":143889,"comment_status":"open","ping_status":"open","template":"","meta":[],"product_brand":[2433],"product_cat":[1214,1212,1213],"product_tag":[1366],"class_list":{"0":"post-116880","1":"product","2":"type-product","3":"status-publish","4":"has-post-thumbnail","6":"product_brand-themeforest","7":"product_cat-polyvalent","8":"product_cat-themes","9":"product_cat-wordpress-themes","10":"product_tag-themeforest","11":"member-discount","12":"discount-restricted","14":"first","15":"instock","16":"sale","17":"downloadable","18":"virtual","19":"sold-individually","20":"purchasable","21":"product-type-simple"},"_links":{"self":[{"href":"https:\/\/gpl-love.com\/fr\/wp-json\/wp\/v2\/product\/116880","targetHints":{"allow":["GET"]}}],"collection":[{"href":"https:\/\/gpl-love.com\/fr\/wp-json\/wp\/v2\/product"}],"about":[{"href":"https:\/\/gpl-love.com\/fr\/wp-json\/wp\/v2\/types\/product"}],"replies":[{"embeddable":true,"href":"https:\/\/gpl-love.com\/fr\/wp-json\/wp\/v2\/comments?post=116880"}],"wp:featuredmedia":[{"embeddable":true,"href":"https:\/\/gpl-love.com\/fr\/wp-json\/wp\/v2\/media\/143889"}],"wp:attachment":[{"href":"https:\/\/gpl-love.com\/fr\/wp-json\/wp\/v2\/media?parent=116880"}],"wp:term":[{"taxonomy":"product_brand","embeddable":true,"href":"https:\/\/gpl-love.com\/fr\/wp-json\/wp\/v2\/product_brand?post=116880"},{"taxonomy":"product_cat","embeddable":true,"href":"https:\/\/gpl-love.com\/fr\/wp-json\/wp\/v2\/product_cat?post=116880"},{"taxonomy":"product_tag","embeddable":true,"href":"https:\/\/gpl-love.com\/fr\/wp-json\/wp\/v2\/product_tag?post=116880"}],"curies":[{"name":"wp","href":"https:\/\/api.w.org\/{rel}","templated":true}]}}