{"id":116874,"date":"2021-08-11T00:00:00","date_gmt":"2021-08-10T22:00:00","guid":{"rendered":"http:\/\/gpl-love.com\/fr\/produit\/crust-multipurpose-wordpress-theme\/"},"modified":"2026-03-20T22:59:23","modified_gmt":"2026-03-20T21:59:23","slug":"crust-multipurpose-wordpress-theme","status":"publish","type":"product","link":"https:\/\/gpl-love.com\/fr\/produit\/crust-multipurpose-wordpress-theme\/","title":{"rendered":"Crust Multipurpose WordPress Theme 1.0.1"},"content":{"rendered":"<h3>Crust Multipurpose WordPress Theme Traits<\/h3>\n<p>Le th\u00e8me WordPress polyvalent de la cro\u00fbte pr\u00e9sente un degr\u00e9 \u00e9lev\u00e9 de polyvalence et de flexibilit\u00e9, ce qui le rend adapt\u00e9 \u00e0 un vaste \u00e9ventail de sites Web. B\u00e9n\u00e9ficiant d&rsquo;un design propre et contemporain, ce th\u00e8me s&rsquo;av\u00e8re particuli\u00e8rement bien adapt\u00e9 aux entreprises, aux agences de cr\u00e9ation, aux magasins en ligne et au-del\u00e0. Offrant une gamme de fonctionnalit\u00e9s personnalisables, y compris plusieurs dispositions de page d&rsquo;accueil, des options de t\u00eate et de pied de page personnalisables, des s\u00e9lections de typographie avanc\u00e9es, ainsi qu&rsquo;un puissant constructeur de pages, le th\u00e8me s&rsquo;adresse sans aucun doute aux pr\u00e9f\u00e9rences individuelles. En outre, il s&rsquo;adapte de mani\u00e8re transparente \u00e0 divers appareils, \u00e9tant enti\u00e8rement r\u00e9actif et adapt\u00e9 aux mobiles, tout en hi\u00e9rarchiser l&rsquo;optimisation des moteurs de recherche. Quel que soit son niveau d&rsquo;expertise, que ce soit un novice ou un d\u00e9veloppeur chevronn\u00e9, le th\u00e8me WordPress multipurpose de cro\u00fbte permet sans effort la cr\u00e9ation d&rsquo;un site Web visuellement frappant et professionnel qui s&rsquo;aligne sur ses exigences uniques.<\/p>\n<ul>\n<li>Th\u00e8me WordPress polyvalent personnalisable et flexible<\/li>\n<li>12 pages d&rsquo;accueil pr\u00e9-con\u00e7ues et 15 pages int\u00e9rieures pr\u00eates \u00e0 l&#8217;emploi<\/li>\n<li>Builder de page visuelle et personnalisation en direct pour une personnalisation facile<\/li>\n<li>Int\u00e9gration WooCommerce pour la fonctionnalit\u00e9 du commerce \u00e9lectronique<\/li>\n<li>Design enti\u00e8rement r\u00e9actif et convivial<\/li>\n<li>600+ polices Google et options de couleurs illimit\u00e9es<\/li>\n<li>Code optimis\u00e9 pour les temps de chargement plus rapides<\/li>\n<li>S\u00e9o avec un balisage de sch\u00e9ma int\u00e9gr\u00e9<\/li>\n<li>Compatible avec les principaux plugins WordPress<\/li>\n<li>Int\u00e9gration des m\u00e9dias sociaux avec des ic\u00f4nes personnalisables<\/li>\n<li>Support client 24\/7 Disponible<\/li>\n<\/ul>\n","protected":false},"excerpt":{"rendered":"<p>D\u00e9couvrez la puissance et la flexibilit\u00e9 du th\u00e8me WordPress polyvalent de la cro\u00fbte. Parfait pour tout type de site Web, ce th\u00e8me est con\u00e7u pour r\u00e9pondre aux besoins des blogueurs, des entreprises, des pigistes et des cr\u00e9atifs. Avec sa conception r\u00e9active, il s&rsquo;adapte parfaitement \u00e0 n&rsquo;importe quelle taille d&rsquo;\u00e9cran, offrant une exp\u00e9rience utilisateur fantastique sur les appareils de bureau et mobiles. Le th\u00e8me est livr\u00e9 avec une pl\u00e9thore d&rsquo;options de personnalisation, vous permettant de personnaliser facilement votre site et de le faire ressortir. Que vous cr\u00e9iez un portefeuille, une boutique de commerce \u00e9lectronique ou un site Web de l&rsquo;entreprise, la cro\u00fbte est suffisamment polyvalente pour tout g\u00e9rer. De plus, le th\u00e8me est convivial, contribuant \u00e0 stimuler votre visibilit\u00e9 en ligne et \u00e0 attirer plus de visiteurs. D\u00e9couvrez la commodit\u00e9 et la fonctionnalit\u00e9 du th\u00e8me WordPress polyvalent de la cro\u00fbte aujourd&rsquo;hui.<\/p>\n","protected":false},"featured_media":143443,"comment_status":"open","ping_status":"open","template":"","meta":[],"product_brand":[2433],"product_cat":[1214,1212,1213],"product_tag":[1366],"class_list":{"0":"post-116874","1":"product","2":"type-product","3":"status-publish","4":"has-post-thumbnail","6":"product_brand-themeforest","7":"product_cat-polyvalent","8":"product_cat-themes","9":"product_cat-wordpress-themes","10":"product_tag-themeforest","11":"member-discount","12":"discount-restricted","14":"first","15":"instock","16":"sale","17":"downloadable","18":"virtual","19":"sold-individually","20":"purchasable","21":"product-type-simple"},"_links":{"self":[{"href":"https:\/\/gpl-love.com\/fr\/wp-json\/wp\/v2\/product\/116874","targetHints":{"allow":["GET"]}}],"collection":[{"href":"https:\/\/gpl-love.com\/fr\/wp-json\/wp\/v2\/product"}],"about":[{"href":"https:\/\/gpl-love.com\/fr\/wp-json\/wp\/v2\/types\/product"}],"replies":[{"embeddable":true,"href":"https:\/\/gpl-love.com\/fr\/wp-json\/wp\/v2\/comments?post=116874"}],"wp:featuredmedia":[{"embeddable":true,"href":"https:\/\/gpl-love.com\/fr\/wp-json\/wp\/v2\/media\/143443"}],"wp:attachment":[{"href":"https:\/\/gpl-love.com\/fr\/wp-json\/wp\/v2\/media?parent=116874"}],"wp:term":[{"taxonomy":"product_brand","embeddable":true,"href":"https:\/\/gpl-love.com\/fr\/wp-json\/wp\/v2\/product_brand?post=116874"},{"taxonomy":"product_cat","embeddable":true,"href":"https:\/\/gpl-love.com\/fr\/wp-json\/wp\/v2\/product_cat?post=116874"},{"taxonomy":"product_tag","embeddable":true,"href":"https:\/\/gpl-love.com\/fr\/wp-json\/wp\/v2\/product_tag?post=116874"}],"curies":[{"name":"wp","href":"https:\/\/api.w.org\/{rel}","templated":true}]}}