{"id":116872,"date":"2021-08-11T00:00:00","date_gmt":"2021-08-10T22:00:00","guid":{"rendered":"http:\/\/gpl-love.com\/fr\/produit\/multistep-product-configurator-pour-woocommerce\/"},"modified":"2026-04-10T18:32:14","modified_gmt":"2026-04-10T16:32:14","slug":"multistep-product-configurator-pour-woocommerce","status":"publish","type":"product","link":"https:\/\/gpl-love.com\/fr\/produit\/multistep-product-configurator-pour-woocommerce\/","title":{"rendered":"Multistep Product Configurator pour WooCommerce 1.2.5"},"content":{"rendered":"<h3>Multistep Product Configurator pour WooCommerce Traits<\/h3>\n<p>Le configurateur de produit \u00e0 plusieurs \u00e9tapes pour WooCommerce est un outil incroyablement puissant et robuste qui vous donne la possibilit\u00e9 de configurer et de personnaliser sans effort vos produits. Avec sa multitude d&rsquo;\u00e9tapes et sa pl\u00e9thore de fonctionnalit\u00e9s avanc\u00e9es, cet outil simplifie vraiment le processus de configuration du produit. De plus, ce plugin a \u00e9t\u00e9 m\u00e9ticuleusement con\u00e7u pour vous int\u00e9grer de mani\u00e8re transparente \u00e0 WooCommerce, vous offrant la capacit\u00e9 de cr\u00e9er des produits personnalis\u00e9s sans effort. Le configurateur de produit en plusieurs \u00e9tapes vous offre la possibilit\u00e9 de personnaliser les options de produit, d&rsquo;incorporer des champs personnalis\u00e9s et d&rsquo;\u00e9tablir des r\u00e8gles de prix qui s&rsquo;alignent avec vos exigences sp\u00e9cifiques. De plus, ce plugin pr\u00e9sente une interface intuitive et conviviale qui rationalise le processus de configuration du produit, le rendant \u00e0 la fois simple et transparent. En cons\u00e9quence, cet outil facilite finalement une augmentation des ventes et g\u00e9n\u00e8re plus de revenus pour votre entreprise. Que vous vendiez des produits tangibles ou num\u00e9riques, le configurateur de produits \u00e0 plusieurs \u00e9tapes consid\u00e8re comme la solution ultime pour fabriquer des produits sur mesure qui r\u00e9pondent aux demandes et pr\u00e9f\u00e9rences uniques de vos clients.<\/p>\n<ul>\n<li>Un outil puissant et personnalisable qui permet aux clients de configurer et personnaliser facilement leurs produits avant d&rsquo;acheter<\/li>\n<li>Une int\u00e9gration transparente avec WooCommerce, assurant un processus de paiement fluide et efficace<\/li>\n<li>La possibilit\u00e9 de cr\u00e9er des configurations de produits complexes, y compris plusieurs options, d\u00e9pendances et logique conditionnelle<\/li>\n<li>Une interface de glisser-d\u00e9poser qui simplifie le processus de construction et de gestion des configurations des produits<\/li>\n<li>Compl\u00e8te la flexibilit\u00e9 pour d\u00e9finir les r\u00e8gles et les options de tarification, en int\u00e9grant de mani\u00e8re transparente au syst\u00e8me de tarification de votre magasin<\/li>\n<li>La cr\u00e9ation de vues de produits enti\u00e8rement g\u00e9n\u00e9r\u00e9es dynamiquement personnalisables, permettant aux clients de voir leur produit personnalis\u00e9 avant l&rsquo;achat<\/li>\n<li>La possibilit\u00e9 d&rsquo;utiliser le configurateur \u00e0 plusieurs \u00e9tapes pour une grande vari\u00e9t\u00e9 de produits, y compris l&rsquo;\u00e9lectronique personnalisable, les cadeaux personnalis\u00e9s et les produits sur commande<\/li>\n<li>Une large gamme de fonctionnalit\u00e9s de personnalisation, y compris la s\u00e9lection des couleurs, la taille, la pr\u00e9f\u00e9rence de style et plus<\/li>\n<li>Un haut degr\u00e9 de convivialit\u00e9 par les utilisateurs, garantissant que m\u00eame les utilisateurs non techniques peuvent facilement utiliser l&rsquo;outil pour cr\u00e9er des produits uniques et personnalis\u00e9s<\/li>\n<li>La possibilit\u00e9 de surveiller et de suivre la progression de la configuration de chaque client, d&rsquo;enregistrer et de retourner dans les chariots au besoin.<\/li>\n<\/ul>\n","protected":false},"excerpt":{"rendered":"<p>Le configurateur de produit en plusieurs \u00e9tapes pour WooCommerce appara\u00eet comme une solution id\u00e9ale pour les plates-formes de commerce \u00e9lectronique qui se concentrent principalement sur la vente de produits personnalisables. Ce plugin remarquable diss\u00e8que efficacement le processus complexe de personnalisation des produits en une s\u00e9rie d&rsquo;\u00e9tapes commod\u00e9ment g\u00e9rables, pr\u00e9sentant ainsi les clients une opportunit\u00e9 transparente et intuitive de cr\u00e9er leurs propres articles personnalis\u00e9s. De plus, le configurateur s&rsquo;int\u00e8gre parfaitement aux th\u00e8mes existants de WooCommerce, se m\u00e9langeant sans effort dans l&rsquo;esth\u00e9tique globale de la boutique en ligne et facilitant une exp\u00e9rience de paiement rationalis\u00e9e. En capitalisant sur les caract\u00e9ristiques remarquables du configurateur de produit en plusieurs \u00e9tapes pour WooCommerce, les entreprises peuvent augmenter efficacement leurs chiffres de vente et renforcer les niveaux globaux de satisfaction des clients.<\/p>\n","protected":false},"featured_media":144602,"comment_status":"open","ping_status":"open","template":"","meta":[],"product_brand":[2435],"product_cat":[1182,1223,1181],"product_tag":[1231],"class_list":{"0":"post-116872","1":"product","2":"type-product","3":"status-publish","4":"has-post-thumbnail","6":"product_brand-codecanyon","7":"product_cat-commerce-electronique-plugins","8":"product_cat-personnalisation-commerce-electronique-plugins","9":"product_cat-plugins","10":"product_tag-codecanyon","11":"member-discount","12":"discount-restricted","14":"first","15":"instock","16":"sale","17":"downloadable","18":"virtual","19":"sold-individually","20":"purchasable","21":"product-type-simple"},"_links":{"self":[{"href":"https:\/\/gpl-love.com\/fr\/wp-json\/wp\/v2\/product\/116872","targetHints":{"allow":["GET"]}}],"collection":[{"href":"https:\/\/gpl-love.com\/fr\/wp-json\/wp\/v2\/product"}],"about":[{"href":"https:\/\/gpl-love.com\/fr\/wp-json\/wp\/v2\/types\/product"}],"replies":[{"embeddable":true,"href":"https:\/\/gpl-love.com\/fr\/wp-json\/wp\/v2\/comments?post=116872"}],"wp:featuredmedia":[{"embeddable":true,"href":"https:\/\/gpl-love.com\/fr\/wp-json\/wp\/v2\/media\/144602"}],"wp:attachment":[{"href":"https:\/\/gpl-love.com\/fr\/wp-json\/wp\/v2\/media?parent=116872"}],"wp:term":[{"taxonomy":"product_brand","embeddable":true,"href":"https:\/\/gpl-love.com\/fr\/wp-json\/wp\/v2\/product_brand?post=116872"},{"taxonomy":"product_cat","embeddable":true,"href":"https:\/\/gpl-love.com\/fr\/wp-json\/wp\/v2\/product_cat?post=116872"},{"taxonomy":"product_tag","embeddable":true,"href":"https:\/\/gpl-love.com\/fr\/wp-json\/wp\/v2\/product_tag?post=116872"}],"curies":[{"name":"wp","href":"https:\/\/api.w.org\/{rel}","templated":true}]}}