{"id":116870,"date":"2025-12-18T00:00:00","date_gmt":"2025-12-17T23:00:00","guid":{"rendered":"http:\/\/gpl-love.com\/fr\/produit\/relevanssi-premium-wordpress-search-plugin\/"},"modified":"2026-03-20T23:33:32","modified_gmt":"2026-03-20T22:33:32","slug":"relevanssi-premium-wordpress-search-plugin","status":"publish","type":"product","link":"https:\/\/gpl-love.com\/fr\/produit\/relevanssi-premium-wordpress-search-plugin\/","title":{"rendered":"Relevanssi Premium WordPress Search Plugin 2.29.0"},"content":{"rendered":"<h3>Relevanssi Premium WordPress Search Plugin Traits<\/h3>\n<p>Le plugin de recherche WordPress PerfectansSI Premium poss\u00e8de un tableau impressionnant de fonctionnalit\u00e9s qui servent \u00e0 am\u00e9liorer l&rsquo;efficacit\u00e9 de la fonction de recherche de votre site Web WordPress. En exploitant ses capacit\u00e9s avanc\u00e9es, cet outil garantit que les visiteurs de votre site sont pr\u00e9sent\u00e9s avec des r\u00e9sultats de recherche pr\u00e9cis et pertinents, facilitant ainsi leur navigation via votre contenu. De plus, ce plugin vous permet de personnaliser vos param\u00e8tres de recherche \u00e0 un degr\u00e9 approfondi, vous accordant une autorit\u00e9 accrue sur la m\u00e9canique des fonctionnalit\u00e9s de recherche de votre site Web. De plus, il vous fournit des statistiques de recherche compl\u00e8tes, vous offrant ainsi la possibilit\u00e9 d&rsquo;acqu\u00e9rir de pr\u00e9cieuses informations sur le comportement des utilisateurs et, \u00e0 son tour, vous permettant de prendre des d\u00e9cisions bien inform\u00e9es concernant votre contenu. En fin de compte, le plugin de recherche WordPress Perfectanssi Premium est un actif indispensable pour tout propri\u00e9taire de site Web cherchant \u00e0 \u00e9lever la fonctionnalit\u00e9 de recherche et l&rsquo;exp\u00e9rience utilisateur globale de sa plate-forme en ligne.<\/p>\n<ul>\n<li>Am\u00e9liore la fonctionnalit\u00e9 de recherche WordPress avec des fonctionnalit\u00e9s et une r\u00e9activit\u00e9 avanc\u00e9es<\/li>\n<li>Fournit des r\u00e9sultats de recherche plus rapides avec une am\u00e9lioration des performances d&rsquo;indexation et de requ\u00eate<\/li>\n<li>Permet aux utilisateurs de rechercher du contenu par pertinence, date ou termes de taxonomie personnalis\u00e9s<\/li>\n<li>Prend en charge l&rsquo;appariement partiel, le tige et les synonymes pour fournir des r\u00e9sultats de recherche pr\u00e9cis<\/li>\n<li>Facilite la recherche dans plusieurs langues, y compris les langues et langues RTL avec des caract\u00e8res sp\u00e9ciaux<\/li>\n<li>INTRESSE INT\u00c9RATEMENT avec les plugins WordPress populaires comme WooCommerce, BBPress et Advanced Custom Fields (ACF)<\/li>\n<li>Comprend des statistiques de recherche interactives et des analyses de recherche pour g\u00e9n\u00e9rer des analyses du site et am\u00e9liorer l&rsquo;engagement des utilisateurs<\/li>\n<li>Fournit un support fiable d&rsquo;une \u00e9quipe d&rsquo;assistance d\u00e9di\u00e9e et des mises \u00e0 jour logicielles r\u00e9guli\u00e8res pour assurer la poursuite des performances et une compatibilit\u00e9.<\/li>\n<\/ul>\n","protected":false},"excerpt":{"rendered":"<p>Le plugin de recherche WordPress Perfectanssi Premium est une solution de recherche tr\u00e8s sophistiqu\u00e9e et enti\u00e8rement personnalisable, sp\u00e9cialement con\u00e7ue pour les sites Web WordPress. Ses algorithmes de recherche de pointe garantissent que les visiteurs peuvent localiser sans effort et rapidement le contenu sp\u00e9cifique qu&rsquo;ils souhaitent. En plus de ses fonctionnalit\u00e9s exceptionnelles, l&rsquo;it\u00e9ration premium de ce plugin poss\u00e8de une gamme de fonctionnalit\u00e9s suppl\u00e9mentaires, y compris l&rsquo;incorporation de r\u00e9sultats de recherche pond\u00e9r\u00e9s, la capacit\u00e9 de effectuer des recherches dans des champs et des taxonomies personnalis\u00e9s, ainsi que l&rsquo;indexation instantan\u00e9e du contenu nouvellement g\u00e9n\u00e9r\u00e9. En employant Pertinentssi Premium, les propri\u00e9taires de sites Web ont la capacit\u00e9 unique de fournir \u00e0 leurs visiteurs une exp\u00e9rience de recherche in\u00e9gal\u00e9e qui est \u00e0 la fois transparente et exceptionnellement efficace.<\/p>\n","protected":false},"featured_media":145100,"comment_status":"open","ping_status":"open","template":"","meta":[],"product_brand":[2643],"product_cat":[1189,1181,1186],"product_tag":[2233],"class_list":{"0":"post-116870","1":"product","2":"type-product","3":"status-publish","4":"has-post-thumbnail","6":"product_brand-relevanssi","7":"product_cat-personnalisation","8":"product_cat-plugins","9":"product_cat-wordpress-plugins","10":"product_tag-relevanssi","11":"member-discount","12":"discount-restricted","14":"first","15":"instock","16":"sale","17":"downloadable","18":"virtual","19":"sold-individually","20":"purchasable","21":"product-type-simple"},"_links":{"self":[{"href":"https:\/\/gpl-love.com\/fr\/wp-json\/wp\/v2\/product\/116870","targetHints":{"allow":["GET"]}}],"collection":[{"href":"https:\/\/gpl-love.com\/fr\/wp-json\/wp\/v2\/product"}],"about":[{"href":"https:\/\/gpl-love.com\/fr\/wp-json\/wp\/v2\/types\/product"}],"replies":[{"embeddable":true,"href":"https:\/\/gpl-love.com\/fr\/wp-json\/wp\/v2\/comments?post=116870"}],"wp:featuredmedia":[{"embeddable":true,"href":"https:\/\/gpl-love.com\/fr\/wp-json\/wp\/v2\/media\/145100"}],"wp:attachment":[{"href":"https:\/\/gpl-love.com\/fr\/wp-json\/wp\/v2\/media?parent=116870"}],"wp:term":[{"taxonomy":"product_brand","embeddable":true,"href":"https:\/\/gpl-love.com\/fr\/wp-json\/wp\/v2\/product_brand?post=116870"},{"taxonomy":"product_cat","embeddable":true,"href":"https:\/\/gpl-love.com\/fr\/wp-json\/wp\/v2\/product_cat?post=116870"},{"taxonomy":"product_tag","embeddable":true,"href":"https:\/\/gpl-love.com\/fr\/wp-json\/wp\/v2\/product_tag?post=116870"}],"curies":[{"name":"wp","href":"https:\/\/api.w.org\/{rel}","templated":true}]}}