{"id":116868,"date":"2021-10-18T00:00:00","date_gmt":"2021-10-17T22:00:00","guid":{"rendered":"http:\/\/gpl-love.com\/fr\/produit\/wp-safelink-convert-your-download-link-to-adsense\/"},"modified":"2026-03-20T23:50:38","modified_gmt":"2026-03-20T22:50:38","slug":"wp-safelink-convert-your-download-link-to-adsense","status":"publish","type":"product","link":"https:\/\/gpl-love.com\/fr\/produit\/wp-safelink-convert-your-download-link-to-adsense\/","title":{"rendered":"WP Safelink Convert Your Download Link to Adsense 4.3.12"},"content":{"rendered":"<h3>WP Safelink Convert Your Download Link to Adsense Traits<\/h3>\n<p>Le WP Safelink, un outil tr\u00e8s efficace qui a \u00e9t\u00e9 ing\u00e9nieusement d\u00e9velopp\u00e9 pour aider les propri\u00e9taires de sites Web ainsi que les blogueurs pour maximiser leur potentiel de mon\u00e9tisation de contenu, fonctionne en transformant de mani\u00e8re transparente les liens de t\u00e9l\u00e9chargement en publicit\u00e9s AdSense captivantes. En exploitant la puissance du WP Safelink, les utilisateurs sont autoris\u00e9s \u00e0 g\u00e9n\u00e9rer sans effort des liens qui dirigent de mani\u00e8re transparente les utilisateurs vers les publicit\u00e9s AdSense, ce qui leur permet de g\u00e9n\u00e9rer des revenus substantiels par des clics sur ces annonces. Cet outil exceptionnel poss\u00e8de une interface conviviale, permettant aux individus de naviguer sans effort \u00e0 ses diff\u00e9rentes fonctionnalit\u00e9s, tout en offrant simultan\u00e9ment une large gamme d&rsquo;options de personnalisation qui permettent aux utilisateurs d&rsquo;aligner de mani\u00e8re transparente l&rsquo;outil avec leur conception unique de site Web. En outre, le WP Safelink est \u00e9quip\u00e9 de fonctionnalit\u00e9s de pointe telles que la protection anti-robot et l&rsquo;expiration des liens, qui jouent un r\u00f4le central en garantissant que les annonces sont exclusivement pr\u00e9sent\u00e9es aux utilisateurs authentiques, garantissant ainsi que les liens ne sont pas partag\u00e9s sans discrimination ind\u00e9finiment. Que vous soyez un blogueur chevronn\u00e9, un marketing d&rsquo;affiliation accompli ou un propri\u00e9taire de site Web visant \u00e0 augmenter consid\u00e9rablement vos sources de revenus existantes, le WP Safelink repr\u00e9sente incontestablement l&rsquo;outil par excellence qui est m\u00e9ticuleusement adapt\u00e9 pour r\u00e9pondre \u00e0 vos exigences sp\u00e9cifiques.<\/p>\n<ul>\n<li>Convertit vos liens de t\u00e9l\u00e9chargement vers AdSense et vous aide \u00e0 gagner de l&rsquo;argent<\/li>\n<li>Prot\u00e8ge vos liens de t\u00e9l\u00e9chargement et les emp\u00eache d&rsquo;\u00eatre partag\u00e9s ill\u00e9galement<\/li>\n<li>S&rsquo;int\u00e8gre aux sites Web WordPress de mani\u00e8re transparente<\/li>\n<li>Fournit diverses options de personnalisation pour vos annonces AdSense<\/li>\n<li>G\u00e9n\u00e8re des rapports d\u00e9taill\u00e9s sur vos performances publicitaires<\/li>\n<li>Utilise des algorithmes avanc\u00e9s pour garantir les revenus les plus \u00e9lev\u00e9s de vos annonces<\/li>\n<li>Facile \u00e0 utiliser et \u00e0 installer, aucune comp\u00e9tence de codage requise<\/li>\n<li>Compatible avec tous les navigateurs et appareils Web.<\/li>\n<\/ul>\n","protected":false},"excerpt":{"rendered":"<p>WP Safelink est un outil incroyablement robuste et capable qui vous offre la capacit\u00e9 transparente de convertir vos liens de t\u00e9l\u00e9chargement en annonces AdSense de mani\u00e8re remarquablement sans effort. En tirant parti de la puissance de WP Safelink, vous \u00eates autoris\u00e9 \u00e0 augmenter consid\u00e9rablement les revenus de votre site Web en mon\u00e9tisant efficacement vos liens de t\u00e9l\u00e9chargement avec la plate-forme Google Adsense tr\u00e8s estim\u00e9e et largement acclam\u00e9e. Tout ce que vous avez \u00e0 faire est simplement de saisir votre lien de t\u00e9l\u00e9chargement et WP Safelink s&rsquo;occupera habilement du reste, transformant efficacement et automatiquement votre lien en publicit\u00e9s AdSense, facilitant ainsi l&rsquo;accumulation sans effort de ressources financi\u00e8res plus importantes de votre site Web. Par cons\u00e9quent, si votre objectif est d&rsquo;am\u00e9liorer sans effort et efficacement le flux de revenus de votre site Web, WP Safelink repr\u00e9sente sans \u00e9quivoque la solution quintessentielle et id\u00e9ale pour vos besoins.<\/p>\n","protected":false},"featured_media":146204,"comment_status":"open","ping_status":"open","template":"","meta":[],"product_brand":[2732],"product_cat":[1189,1181,1186],"product_tag":[2232],"class_list":{"0":"post-116868","1":"product","2":"type-product","3":"status-publish","4":"has-post-thumbnail","6":"product_brand-themeson","7":"product_cat-personnalisation","8":"product_cat-plugins","9":"product_cat-wordpress-plugins","10":"product_tag-themeson","11":"member-discount","12":"discount-restricted","14":"first","15":"instock","16":"sale","17":"downloadable","18":"virtual","19":"sold-individually","20":"purchasable","21":"product-type-simple"},"_links":{"self":[{"href":"https:\/\/gpl-love.com\/fr\/wp-json\/wp\/v2\/product\/116868","targetHints":{"allow":["GET"]}}],"collection":[{"href":"https:\/\/gpl-love.com\/fr\/wp-json\/wp\/v2\/product"}],"about":[{"href":"https:\/\/gpl-love.com\/fr\/wp-json\/wp\/v2\/types\/product"}],"replies":[{"embeddable":true,"href":"https:\/\/gpl-love.com\/fr\/wp-json\/wp\/v2\/comments?post=116868"}],"wp:featuredmedia":[{"embeddable":true,"href":"https:\/\/gpl-love.com\/fr\/wp-json\/wp\/v2\/media\/146204"}],"wp:attachment":[{"href":"https:\/\/gpl-love.com\/fr\/wp-json\/wp\/v2\/media?parent=116868"}],"wp:term":[{"taxonomy":"product_brand","embeddable":true,"href":"https:\/\/gpl-love.com\/fr\/wp-json\/wp\/v2\/product_brand?post=116868"},{"taxonomy":"product_cat","embeddable":true,"href":"https:\/\/gpl-love.com\/fr\/wp-json\/wp\/v2\/product_cat?post=116868"},{"taxonomy":"product_tag","embeddable":true,"href":"https:\/\/gpl-love.com\/fr\/wp-json\/wp\/v2\/product_tag?post=116868"}],"curies":[{"name":"wp","href":"https:\/\/api.w.org\/{rel}","templated":true}]}}