{"id":116864,"date":"2026-01-28T00:00:00","date_gmt":"2026-01-27T23:00:00","guid":{"rendered":"http:\/\/gpl-love.com\/fr\/produit\/pixelyoursite-super\/"},"modified":"2026-04-10T18:36:37","modified_gmt":"2026-04-10T16:36:37","slug":"pixelyoursite-super","status":"publish","type":"product","link":"https:\/\/gpl-love.com\/fr\/produit\/pixelyoursite-super\/","title":{"rendered":"Pixelyoursite Super Pack 6.2.0"},"content":{"rendered":"<h3>Pixelyoursite Super Pack Traits<\/h3>\n<p>Le Super Pack PixelyOrsite est un outil tout compris s&rsquo;adressant aux entreprises et aux sp\u00e9cialistes du marketing en ligne qui cherchent \u00e0 am\u00e9liorer le suivi et l&rsquo;efficacit\u00e9 de leur site Web et de leurs campagnes marketing. Il sert d&rsquo;int\u00e9gration transparente entre le site Web et diverses plateformes de marketing telles que Facebook Ads et Google Analytics. Le package comprend un large \u00e9ventail de fonctionnalit\u00e9s, y compris, mais sans s&rsquo;y limiter, l&rsquo;optimisation avanc\u00e9e de suivi et de conversion, la possibilit\u00e9 de suivre les \u00e9v\u00e9nements personnalis\u00e9s, les publicit\u00e9s de produits dynamiques et les campagnes de remarketing. En outre, PixelyOrsite Super Pack permet aux utilisateurs de cr\u00e9er des publics sur mesure et de surveiller les performances de la campagne en temps r\u00e9el. Avec ses capacit\u00e9s d&rsquo;interface et de suivi de pointe conviviale, cet outil s&rsquo;av\u00e8re \u00eatre un atout inestimable pour les entreprises de toute \u00e9chelle aspirant \u00e0 \u00e9lever leurs strat\u00e9gies de marketing en ligne.<\/p>\n<ul>\n<li>Ensemble complet d&rsquo;outils pour g\u00e9rer le pixel et le code de suivi sur votre site Web<\/li>\n<li>Permet une int\u00e9gration facile de divers codes de suivi, notamment Facebook, Google Analytics, Pinterest, et plus<\/li>\n<li>Suivi automatique des \u00e9v\u00e9nements pour une vari\u00e9t\u00e9 d&rsquo;actions, y compris les soumissions de formulaires, les clics de lien sortant, les lectures vid\u00e9o, et plus<\/li>\n<li>Suivi de conversion pour les magasins de commerce \u00e9lectronique, y compris l&rsquo;int\u00e9gration avec WooCommerce et les t\u00e9l\u00e9chargements num\u00e9riques faciles<\/li>\n<li>Options de suivi des \u00e9v\u00e9nements personnalis\u00e9s pour le ciblage et la segmentation avanc\u00e9s<\/li>\n<li>Capacit\u00e9s am\u00e9lior\u00e9es de reciblage, y compris les annonces de produits dynamiques pour les publicit\u00e9s Facebook et Google<\/li>\n<li>Int\u00e9gration avec des plateformes publicitaires populaires, y compris les publicit\u00e9s Google, les publicit\u00e9s Facebook et le gestionnaire de balises Google<\/li>\n<li>Cr\u00e9ation et synchronisation du public personnalis\u00e9es avec les publicit\u00e9s Facebook et les publicit\u00e9s Google<\/li>\n<li>Interface conviviale et intuitive pour une configuration et une gestion faciles des codes de suivi et des pixels<\/li>\n<\/ul>\n","protected":false},"excerpt":{"rendered":"<p>Le Super Pack PixelyOrsite, un outil remarquablement robuste et efficace, sert d&rsquo;atout indispensable pour am\u00e9liorer l&rsquo;efficacit\u00e9 globale des efforts de marketing en ligne. En raison de son r\u00e9pertoire complet de fonctionnalit\u00e9s, cet outil garantit un suivi impeccable et pr\u00e9cis des campagnes en ligne, des donn\u00e9es de commerce \u00e9lectronique et du trafic du site. Ce qui le distingue, c&rsquo;est sa capacit\u00e9 in\u00e9gal\u00e9e d&rsquo;int\u00e9grer de mani\u00e8re transparente le suivi des donn\u00e9es sur plusieurs plateformes, y compris Facebook, Google Analytics et AdWords, consolidant toutes les informations pertinentes dans une interface singuli\u00e8re et conviviale. \u00c0 la lumi\u00e8re de ses nombreux avantages, il s&rsquo;agit ind\u00e9niablement d&rsquo;une ressource inestimable pour les entreprises qui cherchent \u00e0 maximiser leurs r\u00e9sultats de marketing en ligne.<\/p>\n","protected":false},"featured_media":144988,"comment_status":"open","ping_status":"open","template":"","meta":[],"product_brand":[2627],"product_cat":[1207,1181,1186],"product_tag":[1327],"class_list":{"0":"post-116864","1":"product","2":"type-product","3":"status-publish","4":"has-post-thumbnail","6":"product_brand-pixelyoursite","7":"product_cat-commercialisation-wordpress-plugins","8":"product_cat-plugins","9":"product_cat-wordpress-plugins","10":"product_tag-pixelyoursite","11":"member-discount","12":"discount-restricted","14":"first","15":"instock","16":"sale","17":"downloadable","18":"virtual","19":"sold-individually","20":"purchasable","21":"product-type-simple"},"_links":{"self":[{"href":"https:\/\/gpl-love.com\/fr\/wp-json\/wp\/v2\/product\/116864","targetHints":{"allow":["GET"]}}],"collection":[{"href":"https:\/\/gpl-love.com\/fr\/wp-json\/wp\/v2\/product"}],"about":[{"href":"https:\/\/gpl-love.com\/fr\/wp-json\/wp\/v2\/types\/product"}],"replies":[{"embeddable":true,"href":"https:\/\/gpl-love.com\/fr\/wp-json\/wp\/v2\/comments?post=116864"}],"wp:featuredmedia":[{"embeddable":true,"href":"https:\/\/gpl-love.com\/fr\/wp-json\/wp\/v2\/media\/144988"}],"wp:attachment":[{"href":"https:\/\/gpl-love.com\/fr\/wp-json\/wp\/v2\/media?parent=116864"}],"wp:term":[{"taxonomy":"product_brand","embeddable":true,"href":"https:\/\/gpl-love.com\/fr\/wp-json\/wp\/v2\/product_brand?post=116864"},{"taxonomy":"product_cat","embeddable":true,"href":"https:\/\/gpl-love.com\/fr\/wp-json\/wp\/v2\/product_cat?post=116864"},{"taxonomy":"product_tag","embeddable":true,"href":"https:\/\/gpl-love.com\/fr\/wp-json\/wp\/v2\/product_tag?post=116864"}],"curies":[{"name":"wp","href":"https:\/\/api.w.org\/{rel}","templated":true}]}}