{"id":116862,"date":"2021-08-11T00:00:00","date_gmt":"2021-08-10T22:00:00","guid":{"rendered":"http:\/\/gpl-love.com\/fr\/produit\/wyzi-social-directory-wordpress-theme\/"},"modified":"2026-03-20T23:52:22","modified_gmt":"2026-03-20T22:52:22","slug":"wyzi-social-directory-wordpress-theme","status":"publish","type":"product","link":"https:\/\/gpl-love.com\/fr\/produit\/wyzi-social-directory-wordpress-theme\/","title":{"rendered":"Wyzi Social Directory WordPress Theme 2.4.4"},"content":{"rendered":"<h3>Wyzi Social Directory WordPress Theme Traits<\/h3>\n<p>Le th\u00e8me Wyzi Social Directory WordPress est un th\u00e8me incroyablement robuste et multiforme qui a \u00e9t\u00e9 sp\u00e9cifiquement con\u00e7u dans le but de permettre la cr\u00e9ation de r\u00e9pertoires sociaux qui facilitent le processus de recherche et de connexion efficace avec diverses entreprises au sein de leurs communaut\u00e9s locales respectives. B\u00e9n\u00e9ficiant d&rsquo;une vaste gamme de fonctionnalit\u00e9s de pointe ainsi qu&rsquo;une multitude d&rsquo;options personnalisables, Wyzi vous permet de fa\u00e7onner un r\u00e9pertoire impeccablement professionnel et extr\u00eamement convivial qui pr\u00e9sente sans effort un assortiment diversifi\u00e9 d&rsquo;annonces commerciales, de cartes, de critiques et de notes, tous, tous dont sont parfaitement int\u00e9gr\u00e9s dans une disposition contemporaine et esth\u00e9tique. Regardless of whether your aim is to establish a directory that caters to a specific niche or a more comprehensive local business directory, Wyzi unquestionably represents the ultimate solution for any enterprise or institution hoping to cultivate a formidable online presence while concurrently forging a profound connection with their CLIENTE ENVILLEE. Gr\u00e2ce \u00e0 son interface navigable sans effort et \u00e0 sa suite compl\u00e8te de fonctionnalit\u00e9s, Wyzi simplifie la t\u00e2che autrement ardue de construire un r\u00e9pertoire social global et visuellement captivant, tout en facilitant simultan\u00e9ment le processus par lequel les utilisateurs peuvent r\u00e9ussir \u00e0 interagir avec les entreprises dans leur proximit\u00e9 imm\u00e9diate.<\/p>\n<ul>\n<li>Un th\u00e8me WordPress r\u00e9pertoire visuellement attrayant<\/li>\n<li>Permet aux utilisateurs de cr\u00e9er et de g\u00e9rer facilement les r\u00e9pertoires d&rsquo;entreprise en ligne<\/li>\n<li>Offre une gamme d&rsquo;options de personnalisation pour r\u00e9pondre aux besoins de l&rsquo;entreprise<\/li>\n<li>Comprend un syst\u00e8me de notation et d&rsquo;examen int\u00e9gr\u00e9 pour les entreprises et les utilisateurs<\/li>\n<li>Utilise un syst\u00e8me de recherche puissant pour trouver rapidement des listes ou des cat\u00e9gories<\/li>\n<li>Fournit une conception r\u00e9active pour une visualisation optimale sur tous les appareils<\/li>\n<li>Prend en charge plusieurs options de mon\u00e9tisation telles que les listes et publicit\u00e9s payantes<\/li>\n<li>Offre une int\u00e9gration facile avec les plateformes de m\u00e9dias sociaux populaires<\/li>\n<li>Comprend divers widgets et shortcodes pour des fonctionnalit\u00e9s suppl\u00e9mentaires<\/li>\n<li>Livr\u00e9 avec une documentation approfondie et une prise en charge d\u00e9di\u00e9e aux utilisateurs.<\/li>\n<\/ul>\n","protected":false},"excerpt":{"rendered":"<p>Le th\u00e8me Wyzi Social Directory WordPress poss\u00e8de une multitude de capacit\u00e9s puissantes sp\u00e9cifiquement con\u00e7ues dans le but de construire des r\u00e9pertoires en ligne et des plateformes de r\u00e9seautage social. Arborant une conception de pointe et une vaste s\u00e9lection de fonctionnalit\u00e9s personnalisables, il fournit un moyen transparent d&rsquo;\u00e9tablir une communaut\u00e9 en ligne r\u00e9siliente. B\u00e9n\u00e9ficiant d&rsquo;un assortiment d&rsquo;offres, y compris des profils de membres, de l&rsquo;int\u00e9gration avec diverses plateformes de m\u00e9dias sociaux, ainsi que des filtres de recherche avanc\u00e9s, ce th\u00e8me sert de solution impeccable pour les entreprises \u00e0 la recherche de techniques nouvelles et inventives pour \u00e9tablir des connexions avec leur public cible. En outre, son interface conviviale et sa documentation compl\u00e8te et son soutien consolident davantage sa position comme une option exceptionnelle pour quiconque cherche \u00e0 \u00e9riger un site Web d&rsquo;annuaire social.<\/p>\n","protected":false},"featured_media":146323,"comment_status":"open","ping_status":"open","template":"","meta":[],"product_brand":[2433],"product_cat":[1242,1212,1213],"product_tag":[1366],"class_list":{"0":"post-116862","1":"product","2":"type-product","3":"status-publish","4":"has-post-thumbnail","6":"product_brand-themeforest","7":"product_cat-creatif","8":"product_cat-themes","9":"product_cat-wordpress-themes","10":"product_tag-themeforest","11":"member-discount","12":"discount-restricted","14":"first","15":"instock","16":"sale","17":"downloadable","18":"virtual","19":"sold-individually","20":"purchasable","21":"product-type-simple"},"_links":{"self":[{"href":"https:\/\/gpl-love.com\/fr\/wp-json\/wp\/v2\/product\/116862","targetHints":{"allow":["GET"]}}],"collection":[{"href":"https:\/\/gpl-love.com\/fr\/wp-json\/wp\/v2\/product"}],"about":[{"href":"https:\/\/gpl-love.com\/fr\/wp-json\/wp\/v2\/types\/product"}],"replies":[{"embeddable":true,"href":"https:\/\/gpl-love.com\/fr\/wp-json\/wp\/v2\/comments?post=116862"}],"wp:featuredmedia":[{"embeddable":true,"href":"https:\/\/gpl-love.com\/fr\/wp-json\/wp\/v2\/media\/146323"}],"wp:attachment":[{"href":"https:\/\/gpl-love.com\/fr\/wp-json\/wp\/v2\/media?parent=116862"}],"wp:term":[{"taxonomy":"product_brand","embeddable":true,"href":"https:\/\/gpl-love.com\/fr\/wp-json\/wp\/v2\/product_brand?post=116862"},{"taxonomy":"product_cat","embeddable":true,"href":"https:\/\/gpl-love.com\/fr\/wp-json\/wp\/v2\/product_cat?post=116862"},{"taxonomy":"product_tag","embeddable":true,"href":"https:\/\/gpl-love.com\/fr\/wp-json\/wp\/v2\/product_tag?post=116862"}],"curies":[{"name":"wp","href":"https:\/\/api.w.org\/{rel}","templated":true}]}}