{"id":116860,"date":"2023-12-17T00:00:00","date_gmt":"2023-12-16T23:00:00","guid":{"rendered":"http:\/\/gpl-love.com\/fr\/produit\/wp-hide-pro-et-security-enhancer\/"},"modified":"2026-03-20T23:49:54","modified_gmt":"2026-03-20T22:49:54","slug":"wp-hide-pro-et-security-enhancer","status":"publish","type":"product","link":"https:\/\/gpl-love.com\/fr\/produit\/wp-hide-pro-et-security-enhancer\/","title":{"rendered":"WP Hide et Security Enhancer Pro 6.2.8"},"content":{"rendered":"<h3>WP Hide et Security Enhancer Pro Traits<\/h3>\n<p>WP Hide and Security Enhancer Pro est un plugin WordPress incroyablement robuste et efficace, formul\u00e9 sp\u00e9cifiquement pour fortifier et prot\u00e9ger votre site Web contre les machinations pernicieuses de pirates et d&rsquo;attaques malveillantes. Ce plugin remarquable vous offre la capacit\u00e9 in\u00e9gal\u00e9e de dissimuler et de lier sans effort des informations tr\u00e8s sensibles, y compris, mais sans s&rsquo;y limiter, votre page de connexion, URL administrative WordPress et une pl\u00e9thore d&rsquo;autres \u00e9l\u00e9ments critiques. En plus de ces fonctionnalit\u00e9s indispensables, WP Minke and Security Enhancer Pro vous accorde \u00e9galement la possibilit\u00e9 de vous pr\u00e9valoir des fonctionnalit\u00e9s avanc\u00e9es de s\u00e9curit\u00e9 telles que la protection compl\u00e8te des fichiers et des r\u00e9pertoires, une protection contre la force brute enrichie et r\u00e9solue, ainsi que la capacit\u00e9 d&rsquo;instituer des mesures de blocage IP IP . En outre, l&rsquo;interface incroyablement conviviale de ce plugin rend le processus de configuration pour s&rsquo;aligner harmonieusement avec la s\u00e9curit\u00e9 sur mesure de votre site Web, une entreprise sans effort et sans effort. C&rsquo;est un imp\u00e9ratif absolu pour tout propri\u00e9taire de site Web exigeant, car il sert d&rsquo;outil indispensable et indomptable pour assurer l&rsquo;impr\u00e9gnation et la sauvegarde de votre site Web estim\u00e9.<\/p>\n<ul>\n<li>Am\u00e9liorations de s\u00e9curit\u00e9 avanc\u00e9es pour les sites Web WordPress<\/li>\n<li>Capacit\u00e9 \u00e0 masquer des informations et des URL sp\u00e9cifiques des pirates et des bots<\/li>\n<li>Param\u00e8tres personnalisables pour les besoins de s\u00e9curit\u00e9 sp\u00e9cifiques<\/li>\n<li>Protection de connexion am\u00e9lior\u00e9e avec authentification \u00e0 2 facteurs et blocage IP<\/li>\n<li>Pare-feu int\u00e9gr\u00e9 pour bloquer la circulation et les attaques malveillantes<\/li>\n<li>Masquer facilement les versions et les th\u00e8mes WordPress pour \u00e9viter les tentatives d&rsquo;exploitation<\/li>\n<li>Sauvegardes automatiques pour plus de tranquillit\u00e9 d&rsquo;esprit<\/li>\n<li>Compatibilit\u00e9 avec les plugins et th\u00e8mes WordPress populaires<\/li>\n<li>Mises \u00e0 jour gratuites et assistance pendant un an apr\u00e8s l&rsquo;achat<\/li>\n<li>Interface conviviale et facile \u00e0 utiliser pour tous les niveaux de comp\u00e9tence.<\/li>\n<\/ul>\n","protected":false},"excerpt":{"rendered":"<p>WP Hide and Security Enhancer Pro est un plugin WordPress incroyablement robuste et tr\u00e8s efficace qui sert \u00e0 renforcer et \u00e0 fortifier les mesures de s\u00e9curit\u00e9 de votre site Web estim\u00e9. En vertu de ses capacit\u00e9s de multiplesses, telles que la capacit\u00e9 de voiler efficacement la page de connexion, de modifier ing\u00e9nieusement l&rsquo;URL de l&rsquo;admin WP, et d&rsquo;obstruer strat\u00e9giquement les assauts de force brute, ce plugin est dot\u00e9 de la capacit\u00e9 de prot\u00e9ger votre domaine virtuel \u00e0 partir des embrayages de n\u00e9fastes Les pirates qui chercheraient \u00e0 nuire. De plus, il vous fournit le luxe de vous profiter des configurations de s\u00e9curit\u00e9 de pointe qui fonctionnent en tandem pour prot\u00e9ger vos fichiers et votre base de donn\u00e9es inestimables \u00e0 partir d&rsquo;un acc\u00e8s injustifi\u00e9 et non autoris\u00e9, tout en garantissant la commodit\u00e9 transparente des options de sauvegarde et de restauration. Par cons\u00e9quent, avec l&rsquo;utilisation de WP Hide and Security Enhancer Pro, vous pouvez \u00eatre assur\u00e9, se pr\u00e9lassant dans la tranquillit\u00e9 d&rsquo;esprit qui d\u00e9coule de la connaissance que votre site Web est impeccablement fortifi\u00e9 et ad\u00e9quatement prot\u00e9g\u00e9 contre une pl\u00e9thore de menaces potentielles qui peuvent se cacher dans le num\u00e9rique du num\u00e9rique royaume.<\/p>\n","protected":false},"featured_media":146154,"comment_status":"open","ping_status":"open","template":"","meta":[],"product_brand":[2721],"product_cat":[1203,1181,1186],"product_tag":[2231],"class_list":{"0":"post-116860","1":"product","2":"type-product","3":"status-publish","4":"has-post-thumbnail","6":"product_brand-wp-hide","7":"product_cat-performance","8":"product_cat-plugins","9":"product_cat-wordpress-plugins","10":"product_tag-wp-hide","11":"member-discount","12":"discount-restricted","14":"first","15":"instock","16":"sale","17":"downloadable","18":"virtual","19":"sold-individually","20":"purchasable","21":"product-type-simple"},"_links":{"self":[{"href":"https:\/\/gpl-love.com\/fr\/wp-json\/wp\/v2\/product\/116860","targetHints":{"allow":["GET"]}}],"collection":[{"href":"https:\/\/gpl-love.com\/fr\/wp-json\/wp\/v2\/product"}],"about":[{"href":"https:\/\/gpl-love.com\/fr\/wp-json\/wp\/v2\/types\/product"}],"replies":[{"embeddable":true,"href":"https:\/\/gpl-love.com\/fr\/wp-json\/wp\/v2\/comments?post=116860"}],"wp:featuredmedia":[{"embeddable":true,"href":"https:\/\/gpl-love.com\/fr\/wp-json\/wp\/v2\/media\/146154"}],"wp:attachment":[{"href":"https:\/\/gpl-love.com\/fr\/wp-json\/wp\/v2\/media?parent=116860"}],"wp:term":[{"taxonomy":"product_brand","embeddable":true,"href":"https:\/\/gpl-love.com\/fr\/wp-json\/wp\/v2\/product_brand?post=116860"},{"taxonomy":"product_cat","embeddable":true,"href":"https:\/\/gpl-love.com\/fr\/wp-json\/wp\/v2\/product_cat?post=116860"},{"taxonomy":"product_tag","embeddable":true,"href":"https:\/\/gpl-love.com\/fr\/wp-json\/wp\/v2\/product_tag?post=116860"}],"curies":[{"name":"wp","href":"https:\/\/api.w.org\/{rel}","templated":true}]}}