{"id":116845,"date":"2026-04-21T00:00:00","date_gmt":"2026-04-20T22:00:00","guid":{"rendered":"http:\/\/gpl-love.com\/fr\/produit\/embedpress-pro-embed-anything-within-your-wordpress\/"},"modified":"2026-04-21T18:30:22","modified_gmt":"2026-04-21T16:30:22","slug":"embedpress-pro-embed-anything-within-your-wordpress","status":"publish","type":"product","link":"https:\/\/gpl-love.com\/fr\/produit\/embedpress-pro-embed-anything-within-your-wordpress\/","title":{"rendered":"EmbedPress Pro Embed Anything Within Your WordPress 3.8.8"},"content":{"rendered":"<h3>EmbedPress Pro Embed Anything Within Your WordPress Traits<\/h3>\n<p>EmbedPress Pro est un plugin WordPress incroyablement robuste et riche en fonctionnalit\u00e9s qui offre un large \u00e9ventail de fonctionnalit\u00e9s, vous permettant d&rsquo;int\u00e9grer sans effort et de mani\u00e8re transparente divers types de contenu dans votre site Web. Cet outil exceptionnel vous permet d&rsquo;int\u00e9grer une gamme diversifi\u00e9e d&rsquo;\u00e9l\u00e9ments multim\u00e9dias, y compris, mais sans s&rsquo;y limiter , Vimeo, Google Maps et TypeForm. De plus, ce plugin vous accorde une flexibilit\u00e9 in\u00e9gal\u00e9e et un contr\u00f4le sur votre contenu int\u00e9gr\u00e9, car il offre une vaste gamme d&rsquo;options de personnalisation, vous permettant d&rsquo;adapter la taille, la couleur, l&rsquo;alignement et divers autres param\u00e8tres pour vous aligner parfaitement avec vos pr\u00e9f\u00e9rences et exigences sp\u00e9cifiques. En plus de sa polyvalence et de sa fonctionnalit\u00e9 remarquables, EmbedPress Pro poss\u00e8de une interface intuitive et conviviale qui ne n\u00e9cessite aucune expertise ou comp\u00e9tences de codage pr\u00e9alable, garantissant que m\u00eame les individus sans connaissances techniques \u00e9tendues peuvent naviguer sans effort et utiliser cet outil remarquable. Irrespective of whether you are a dedicated blogger, ambitious marketer, passionate educator, or astute business owner, EmbedPress Pro constitutes the ultimate solution for seamlessly and effortlessly embedding any type of content onto your WordPress website, rendering it an indispensable asset for anyone seeking to enhance L&rsquo;exp\u00e9rience utilisateur globale et l&rsquo;engagement de leur plateforme en ligne.<\/p>\n<ul>\n<li>EmbedPress Pro permet une int\u00e9gration facile de tout type de contenu dans votre site WordPress<\/li>\n<li>Le plugin est simple \u00e0 utiliser et propose une interface conviviale pour g\u00e9rer votre contenu int\u00e9gr\u00e9<\/li>\n<li>Avec EntembedPress Pro, vous pouvez int\u00e9grer des vid\u00e9os de YouTube, Vimeo et d&rsquo;autres plateformes vid\u00e9o populaires<\/li>\n<li>Les fichiers audio de SoundCloud, Spotify et d&rsquo;autres sites d&rsquo;h\u00e9bergement audio peuvent \u00e9galement \u00eatre int\u00e9gr\u00e9s<\/li>\n<li>Les publications et les flux de m\u00e9dias sociaux de Twitter, Instagram, Facebook et d&rsquo;autres plateformes populaires peuvent \u00eatre int\u00e9gr\u00e9s de mani\u00e8re transparente dans votre site WordPress<\/li>\n<li>Vous pouvez \u00e9galement int\u00e9grer Google Maps, Google Sheets, PDF et autres documents<\/li>\n<li>Le plugin propose une gamme d&rsquo;options de personnalisation, vous permettant de choisir la taille, le positionnement et le style de votre contenu int\u00e9gr\u00e9<\/li>\n<li>EmbedPress Pro est compatible avec tous les principaux th\u00e8mes WordPress et offre un soutien complet d&rsquo;une \u00e9quipe d&rsquo;experts d\u00e9di\u00e9e<\/li>\n<li>Avec des mises \u00e0 jour r\u00e9guli\u00e8res et de nouvelles fonctionnalit\u00e9s ajout\u00e9es fr\u00e9quemment, EmbedPress Pro est la solution ultime pour int\u00e9grer quoi que ce soit dans votre site WordPress.<\/li>\n<\/ul>\n","protected":false},"excerpt":{"rendered":"<p>EmbedPress Pro, un plugin WordPress exceptionnel, vous offre la commodit\u00e9 in\u00e9gal\u00e9e d&rsquo;incorporer de mani\u00e8re transparente diverses formes de contenu dans votre site Web. Sa gamme robuste de fonctionnalit\u00e9s vous permet d&rsquo;incorporer sans effort des vid\u00e9os, des fichiers audio, des cartes, des sondages, des formulaires et divers autres \u00e9l\u00e9ments, sans n\u00e9cessiter de codage manuel. Que vous vous identifiiez en tant que blogueur, marketing ou propri\u00e9taire de site Web, la nature indispensable de EntembedPress Pro ne peut pas \u00eatre surestim\u00e9e. En tirant parti de cet outil remarquable, vous avez la possibilit\u00e9 d&rsquo;augmenter consid\u00e9rablement l&rsquo;exp\u00e9rience utilisateur de votre site Web et de favoriser un engagement am\u00e9lior\u00e9 avec votre public. Pourquoi attendre? Embrassez le potentiel transformateur d&rsquo;EmbedPress Pro aujourd&rsquo;hui et propulsez votre site Web \u00e0 des hauteurs de succ\u00e8s sans pr\u00e9c\u00e9dent!<\/p>\n","protected":false},"featured_media":143741,"comment_status":"open","ping_status":"open","template":"","meta":[],"product_brand":[2537],"product_cat":[1189,1181,1186],"product_tag":[2230],"class_list":{"0":"post-116845","1":"product","2":"type-product","3":"status-publish","4":"has-post-thumbnail","6":"product_brand-embedpress","7":"product_cat-personnalisation","8":"product_cat-plugins","9":"product_cat-wordpress-plugins","10":"product_tag-embedpress","11":"member-discount","12":"discount-restricted","14":"first","15":"instock","16":"sale","17":"downloadable","18":"virtual","19":"sold-individually","20":"purchasable","21":"product-type-simple"},"_links":{"self":[{"href":"https:\/\/gpl-love.com\/fr\/wp-json\/wp\/v2\/product\/116845","targetHints":{"allow":["GET"]}}],"collection":[{"href":"https:\/\/gpl-love.com\/fr\/wp-json\/wp\/v2\/product"}],"about":[{"href":"https:\/\/gpl-love.com\/fr\/wp-json\/wp\/v2\/types\/product"}],"replies":[{"embeddable":true,"href":"https:\/\/gpl-love.com\/fr\/wp-json\/wp\/v2\/comments?post=116845"}],"wp:featuredmedia":[{"embeddable":true,"href":"https:\/\/gpl-love.com\/fr\/wp-json\/wp\/v2\/media\/143741"}],"wp:attachment":[{"href":"https:\/\/gpl-love.com\/fr\/wp-json\/wp\/v2\/media?parent=116845"}],"wp:term":[{"taxonomy":"product_brand","embeddable":true,"href":"https:\/\/gpl-love.com\/fr\/wp-json\/wp\/v2\/product_brand?post=116845"},{"taxonomy":"product_cat","embeddable":true,"href":"https:\/\/gpl-love.com\/fr\/wp-json\/wp\/v2\/product_cat?post=116845"},{"taxonomy":"product_tag","embeddable":true,"href":"https:\/\/gpl-love.com\/fr\/wp-json\/wp\/v2\/product_tag?post=116845"}],"curies":[{"name":"wp","href":"https:\/\/api.w.org\/{rel}","templated":true}]}}