{"id":116843,"date":"2021-08-09T00:00:00","date_gmt":"2021-08-08T22:00:00","guid":{"rendered":"http:\/\/gpl-love.com\/fr\/produit\/go-portfolio-wordpress-responsive-portfolio\/"},"modified":"2026-03-20T23:17:13","modified_gmt":"2026-03-20T22:17:13","slug":"go-portfolio-wordpress-responsive-portfolio","status":"publish","type":"product","link":"https:\/\/gpl-love.com\/fr\/produit\/go-portfolio-wordpress-responsive-portfolio\/","title":{"rendered":"Go Portfolio WordPress Responsive Portfolio 1.8.3"},"content":{"rendered":"<h3>Go Portfolio WordPress Responsive Portfolio Traits<\/h3>\n<p>Le portefeuille GO Portfolio WordPress est un outil incroyablement polyvalent et remarquablement convivial qui a \u00e9t\u00e9 m\u00e9ticuleusement con\u00e7u pour vous aider dans la pr\u00e9sentation efficace et impressionnante de votre travail exemplaire et de votre cr\u00e9ativit\u00e9 sans limites. Ce portefeuille impressionnant propose une vaste gamme de fonctionnalit\u00e9s, englobant une conception tr\u00e8s r\u00e9active qui s&rsquo;adapte de mani\u00e8re transparente \u00e0 diverses tailles d&rsquo;\u00e9cran, des dispositions et des param\u00e8tres hautement personnalisables, ainsi que la capacit\u00e9 remarquable d&rsquo;incorporer sans couture du contenu multim\u00e9dia tel que captivante des fichiers audio vid\u00e9o et insistants captivants et captivants et insuffisants . Avec l&rsquo;aide de ce portefeuille exceptionnel, la mode \u00e0 couper le souffle, la mode \u00e0 couper le souffle, les portefeuilles impressionnants et les curseurs fascinants devient une brise absolue, vous permettant ainsi de pr\u00e9senter en toute confiance votre travail remarquable \u00e0 des clients potentiels ou \u00e0 des employeurs potentiels. Que vous soyez provenant du domaine de la photographie, de l&rsquo;art, du design ou de toute autre vocation cr\u00e9ative, le portefeuille GO WordPress Responsive WordPress sert d&rsquo;investissement exemplaire qui garantit pour assurer votre distinction in\u00e9gal\u00e9e et un succ\u00e8s retentissant dans votre domaine choisi.<\/p>\n<ul>\n<li>Une vitrine de portefeuille visuellement magnifique avec design r\u00e9actif<\/li>\n<li>Capacit\u00e9 \u00e0 cr\u00e9er plusieurs dispositions de portefeuille avec des styles uniques<\/li>\n<li>Filtres et cat\u00e9gories de portfolio personnalisables<\/li>\n<li>Navigation fluide et interface conviviale<\/li>\n<li>Int\u00e9gration avec des plugins WordPress populaires pour des fonctionnalit\u00e9s suppl\u00e9mentaires<\/li>\n<li>SEO optimis\u00e9 pour am\u00e9liorer le classement des moteurs de recherche<\/li>\n<li>Documentation approfondie et support client pour une configuration et une maintenance faciles<\/li>\n<li>Mises \u00e0 jour r\u00e9guli\u00e8res pour am\u00e9liorer les performances et les nouvelles fonctionnalit\u00e9s<\/li>\n<li>Compatibilit\u00e9 avec tous les navigateurs et appareils Web modernes.<\/li>\n<\/ul>\n","protected":false},"excerpt":{"rendered":"<p>Le portefeuille GO Portfolio WordPress est un plugin extr\u00eamement polyvalent et remarquablement puissant qui vous offre la possibilit\u00e9 de montrer votre travail dans un portefeuille visuellement captivant et facilement personnalisable. Gr\u00e2ce \u00e0 l&rsquo;utilisation de son interface de glisser-d\u00e9poser par les utilisateurs, vous pouvez modeler sans effort des portefeuilles de beaut\u00e9 et d&rsquo;attrait extraordinaires avec la plus grande facilit\u00e9. De plus, le plugin est ing\u00e9nieusement fa\u00e7onn\u00e9 pour \u00eatre enti\u00e8rement r\u00e9actif, garantissant ainsi que votre portefeuille d\u00e9gagera de remplacer et de magnificence sur un \u00e9ventail diversifi\u00e9 d&rsquo;appareils. De plus, vous avez la libert\u00e9 de s\u00e9lectionner parmi un collecteur des styles et des dispositions de portefeuille, vous donnant ainsi la capacit\u00e9 de personnaliser et d&rsquo;individualiser chaque portefeuille \u00e0 un degr\u00e9 sans pr\u00e9c\u00e9dent gr\u00e2ce \u00e0 l&rsquo;utilisation des param\u00e8tres intrins\u00e8ques du plugin. Que vous soyez un photographe accompli, un designer innovant, un artiste ing\u00e9nieux ou toute autre forme de professionnel imaginatif, le portefeuille de WordPress GO WordPress \u00e9merge inexorablement comme l&rsquo;instrument accompli avec lequel vous pouvez pr\u00e9senter votre travail remarquable de travail et engendrer un Impression ind\u00e9l\u00e9bile sur votre client\u00e8le estim\u00e9e.<\/p>\n","protected":false},"featured_media":144031,"comment_status":"open","ping_status":"open","template":"","meta":[],"product_brand":[2435],"product_cat":[1189,1181,1186],"product_tag":[1231],"class_list":{"0":"post-116843","1":"product","2":"type-product","3":"status-publish","4":"has-post-thumbnail","6":"product_brand-codecanyon","7":"product_cat-personnalisation","8":"product_cat-plugins","9":"product_cat-wordpress-plugins","10":"product_tag-codecanyon","11":"member-discount","12":"discount-restricted","14":"first","15":"instock","16":"sale","17":"downloadable","18":"virtual","19":"sold-individually","20":"purchasable","21":"product-type-simple"},"_links":{"self":[{"href":"https:\/\/gpl-love.com\/fr\/wp-json\/wp\/v2\/product\/116843","targetHints":{"allow":["GET"]}}],"collection":[{"href":"https:\/\/gpl-love.com\/fr\/wp-json\/wp\/v2\/product"}],"about":[{"href":"https:\/\/gpl-love.com\/fr\/wp-json\/wp\/v2\/types\/product"}],"replies":[{"embeddable":true,"href":"https:\/\/gpl-love.com\/fr\/wp-json\/wp\/v2\/comments?post=116843"}],"wp:featuredmedia":[{"embeddable":true,"href":"https:\/\/gpl-love.com\/fr\/wp-json\/wp\/v2\/media\/144031"}],"wp:attachment":[{"href":"https:\/\/gpl-love.com\/fr\/wp-json\/wp\/v2\/media?parent=116843"}],"wp:term":[{"taxonomy":"product_brand","embeddable":true,"href":"https:\/\/gpl-love.com\/fr\/wp-json\/wp\/v2\/product_brand?post=116843"},{"taxonomy":"product_cat","embeddable":true,"href":"https:\/\/gpl-love.com\/fr\/wp-json\/wp\/v2\/product_cat?post=116843"},{"taxonomy":"product_tag","embeddable":true,"href":"https:\/\/gpl-love.com\/fr\/wp-json\/wp\/v2\/product_tag?post=116843"}],"curies":[{"name":"wp","href":"https:\/\/api.w.org\/{rel}","templated":true}]}}