{"id":116841,"date":"2021-08-09T00:00:00","date_gmt":"2021-08-08T22:00:00","guid":{"rendered":"http:\/\/gpl-love.com\/fr\/produit\/h-code-responsive-et-multipurpose-wordpress-theme\/"},"modified":"2026-03-20T23:19:20","modified_gmt":"2026-03-20T22:19:20","slug":"h-code-responsive-et-multipurpose-wordpress-theme","status":"publish","type":"product","link":"https:\/\/gpl-love.com\/fr\/produit\/h-code-responsive-et-multipurpose-wordpress-theme\/","title":{"rendered":"H Code Responsive et Multipurpose WordPress Theme 2.2"},"content":{"rendered":"<h3>H Code Responsive et Multipurpose WordPress Theme Traits<\/h3>\n<p>Le th\u00e8me WordPress r\u00e9actif et polyvalent du code est une option exceptionnelle pour les personnes \u00e0 la recherche d&rsquo;un th\u00e8me polyvalent et convivial pour leur site Web. Ce th\u00e8me poss\u00e8de une pl\u00e9thore de fonctionnalit\u00e9s et d&rsquo;options de personnalisation qui vous accordent la possibilit\u00e9 d&rsquo;adapter votre site Web \u00e0 vos exigences pr\u00e9cises. Avec sa r\u00e9activit\u00e9 compl\u00e8te, votre site Web pr\u00e9sentera une apparence impeccable sur n&rsquo;importe quel appareil, et son optimisation pour les moteurs de recherche facilite la d\u00e9couvre facile de votre site en ligne. De plus, le th\u00e8me du code H s&rsquo;int\u00e8gre parfaitement \u00e0 un \u00e9ventail diversifi\u00e9 de plugins populaires, permettant une int\u00e9gration sans effort des fonctionnalit\u00e9s suppl\u00e9mentaires dans votre site. Dans l&rsquo;ensemble, si vous cherchez un th\u00e8me WordPress de haut niveau qui excelle \u00e0 la fois dans la r\u00e9activit\u00e9 et les capacit\u00e9s polyvalentes, le th\u00e8me du code H m\u00e9rite incontestablement une consid\u00e9ration s\u00e9rieuse.<\/p>\n<ul>\n<li>H Code est un th\u00e8me WordPress polyvalent qui est sensible \u00e0 une vari\u00e9t\u00e9 d&rsquo;appareils.<\/li>\n<li>Le th\u00e8me est polyvalent, ce qui signifie qu&rsquo;il peut \u00eatre utilis\u00e9 pour une vari\u00e9t\u00e9 de diff\u00e9rents types de sites Web.<\/li>\n<li>Le code H est \u00e9quip\u00e9 d&rsquo;une large gamme d&rsquo;options de conception personnalisables, vous permettant de cr\u00e9er votre site Web.<\/li>\n<li>Le th\u00e8me comprend une prise en charge int\u00e9gr\u00e9e pour WooCommerce, ce qui le rend id\u00e9al pour les sites Web de commerce \u00e9lectronique.<\/li>\n<li>H Code est construit sur le framework Bootstrap populaire, en vous assurant que votre site Web sera stable et facile \u00e0 entretenir.<\/li>\n<li>Le th\u00e8me comprend plusieurs dispositions de page d&rsquo;accueil pr\u00e9d\u00e9finies qui peuvent \u00eatre facilement personnalis\u00e9es pour r\u00e9pondre \u00e0 vos besoins.<\/li>\n<li>Le code H est convivial pour le r\u00e9f\u00e9rencement, garantissant que votre site Web a de meilleures chances de se classer bien dans les pages de r\u00e9sultats des moteurs de recherche.<\/li>\n<li>Le th\u00e8me comprend la prise en charge d&rsquo;une vari\u00e9t\u00e9 de plugins WordPress populaires, vous permettant d&rsquo;ajouter facilement des fonctionnalit\u00e9s \u00e0 votre site Web.<\/li>\n<li>Le code H est livr\u00e9 avec une gamme de documents utiles pour vous guider \u00e0 travers le processus de configuration et de personnalisation.<\/li>\n<\/ul>\n","protected":false},"excerpt":{"rendered":"<p>Le th\u00e8me WordPress r\u00e9actif et polyvalent du code est une solution incroyablement polyvalente et tr\u00e8s compl\u00e8te qui r\u00e9pond \u00e0 tous les besoins de votre site Web. Sa conception resplendissante, associ\u00e9e \u00e0 sa compatibilit\u00e9 transparente avec une multitude de navigateurs Web, garantit que votre site d\u00e9gagera de la grande magnificence sur un appareil donn\u00e9. Ce th\u00e8me splendide a \u00e9t\u00e9 m\u00e9ticuleusement optimis\u00e9 pour l&rsquo;optimisation de l&rsquo;exp\u00e9dit\u00e9 et des moteurs de recherche (SEO), garantissant ainsi que vos classements de moteur de recherche sont atteints sans effort et que vos utilisateurs se d\u00e9lectent d&rsquo;une exp\u00e9rience en ligne \u00e9clair\u00e9e et gratifiante. De plus, ce th\u00e8me extraordinaire vous offre une corne d&rsquo;abondance de dispositions pr\u00e9-faites et une vaste gamme d&rsquo;options personnalisables, vous permettant de fa\u00e7onner sans effort et rapidement un site Web in\u00e9gal\u00e9 et r\u00e9solument professionnel qui r\u00e9sume parfaitement votre vision unique. Que vous tombiez dans les domaines d&rsquo;un blogueur prolifique, d&rsquo;un propri\u00e9taire commercial avis\u00e9 ou d&rsquo;un pigiste profond\u00e9ment imaginatif, le th\u00e8me du code H est incontestablement le choix par excellence et sans \u00e9quivoque pour \u00e9tablir et cultiver votre pr\u00e9sence en ligne avec une grandeur et une sophistication in\u00e9gal\u00e9es.<\/p>\n","protected":false},"featured_media":144165,"comment_status":"open","ping_status":"open","template":"","meta":[],"product_brand":[2433],"product_cat":[1214,1212,1213],"product_tag":[1366],"class_list":{"0":"post-116841","1":"product","2":"type-product","3":"status-publish","4":"has-post-thumbnail","6":"product_brand-themeforest","7":"product_cat-polyvalent","8":"product_cat-themes","9":"product_cat-wordpress-themes","10":"product_tag-themeforest","11":"member-discount","12":"discount-restricted","14":"first","15":"instock","16":"sale","17":"downloadable","18":"virtual","19":"sold-individually","20":"purchasable","21":"product-type-simple"},"_links":{"self":[{"href":"https:\/\/gpl-love.com\/fr\/wp-json\/wp\/v2\/product\/116841","targetHints":{"allow":["GET"]}}],"collection":[{"href":"https:\/\/gpl-love.com\/fr\/wp-json\/wp\/v2\/product"}],"about":[{"href":"https:\/\/gpl-love.com\/fr\/wp-json\/wp\/v2\/types\/product"}],"replies":[{"embeddable":true,"href":"https:\/\/gpl-love.com\/fr\/wp-json\/wp\/v2\/comments?post=116841"}],"wp:featuredmedia":[{"embeddable":true,"href":"https:\/\/gpl-love.com\/fr\/wp-json\/wp\/v2\/media\/144165"}],"wp:attachment":[{"href":"https:\/\/gpl-love.com\/fr\/wp-json\/wp\/v2\/media?parent=116841"}],"wp:term":[{"taxonomy":"product_brand","embeddable":true,"href":"https:\/\/gpl-love.com\/fr\/wp-json\/wp\/v2\/product_brand?post=116841"},{"taxonomy":"product_cat","embeddable":true,"href":"https:\/\/gpl-love.com\/fr\/wp-json\/wp\/v2\/product_cat?post=116841"},{"taxonomy":"product_tag","embeddable":true,"href":"https:\/\/gpl-love.com\/fr\/wp-json\/wp\/v2\/product_tag?post=116841"}],"curies":[{"name":"wp","href":"https:\/\/api.w.org\/{rel}","templated":true}]}}