{"id":116839,"date":"2024-10-22T00:00:00","date_gmt":"2024-10-21T22:00:00","guid":{"rendered":"http:\/\/gpl-love.com\/fr\/produit\/nimmo-one-page-wordpress-theme-pour-creative\/"},"modified":"2026-03-20T23:28:11","modified_gmt":"2026-03-20T22:28:11","slug":"nimmo-one-page-wordpress-theme-pour-creative","status":"publish","type":"product","link":"https:\/\/gpl-love.com\/fr\/produit\/nimmo-one-page-wordpress-theme-pour-creative\/","title":{"rendered":"Nimmo One page WordPress Th\u00e8me pour Creative 1.2.7"},"content":{"rendered":"<h3>Nimmo One page WordPress Th\u00e8me pour Creative Traits<\/h3>\n<p>Nimmo, un th\u00e8me WordPress adapt\u00e9 aux besoins des cr\u00e9atifs, se targue de sa disposition d&rsquo;une seule page. Ce th\u00e8me poss\u00e8de un design vierge et contemporain qui offre une personnalisation transparente, ce qui en fait un choix populaire parmi les utilisateurs. De plus, la r\u00e9activit\u00e9 de Nimmo garantit que votre site Web semblera visuellement \u00e9tonnant sur n&rsquo;importe quel appareil, am\u00e9liorant encore son attrait.<\/p>\n<p>L&rsquo;une des fonctionnalit\u00e9s remarquables de Nimmo est son incorporation de d\u00e9filement de parallaxe, qui ajoute de la profondeur et de l&rsquo;int\u00e9r\u00eat \u00e0 votre site Web. De plus, l&rsquo;inclusion d&rsquo;images d&rsquo;arri\u00e8re-plan en plein \u00e9cran ajoute une touche d&rsquo;\u00e9l\u00e9gance et de sophistication \u00e0 votre pr\u00e9sence en ligne. Pour couronner le tout, Nimmo comprend un constructeur de pages robuste, permettant aux utilisateurs d&rsquo;\u00e9laborer sans effort les mises en page et les conceptions souhait\u00e9es.<\/p>\n<p>La simplicit\u00e9 est essentielle avec Nimmo, car elle propose une gamme d&rsquo;options pr\u00e9-con\u00e7ues qui font du processus de configuration un jeu d&rsquo;enfant. En seulement quelques clics, vous pouvez avoir un site Web visuellement frappant et enti\u00e8rement fonctionnel op\u00e9rationnel en un rien de temps. En outre, Nimmo a \u00e9t\u00e9 optimis\u00e9 pour l&rsquo;optimisation des moteurs de recherche (SEO) et les temps de chargement rapide, garantissant que votre site Web sera facilement d\u00e9couvrable et offrira une exp\u00e9rience utilisateur optimale.<\/p>\n<p>Que vous soyez photographe, concepteur ou artiste, Nimmo est le th\u00e8me ultime pour montrer votre travail et laisser une impression durable sur vos visiteurs. Sa polyvalence accueille diverses industries cr\u00e9atives, ce qui en fait un choix tr\u00e8s polyvalent et adaptable pour pr\u00e9senter votre talent.<\/p>\n<ul>\n<li>Design moderne et accrocheur avec des sch\u00e9mas de couleurs personnalisables<\/li>\n<li>Curseur int\u00e9gr\u00e9 pour le contenu et les projets en vedette<\/li>\n<li>Plusieurs options de mise en page pour afficher le portefeuille et le contenu du blog<\/li>\n<li>Page Facile \u00e0 utiliser pour la mise en page et le contenu personnalisables<\/li>\n<li>Conception conviviale pour une visualisation optimale sur tous les appareils<\/li>\n<li>Liens de m\u00e9dias sociaux int\u00e9gr\u00e9s pour un partage et une promotion faciles<\/li>\n<li>SEO optimis\u00e9 pour une am\u00e9lioration de la visibilit\u00e9 du moteur de recherche<\/li>\n<li>Installation de d\u00e9monstration en un clic et documentation \u00e9tendue pour une configuration et une personnalisation faciles<\/li>\n<li>Support client expert pour aider \u00e0 toutes les questions ou probl\u00e8mes<\/li>\n<li>Id\u00e9al pour les professionnels cr\u00e9atifs ou les entreprises qui cherchent \u00e0 pr\u00e9senter leur travail d&rsquo;une mani\u00e8re visuellement magnifique.<\/li>\n<\/ul>\n","protected":false},"excerpt":{"rendered":"<p>Permettez-moi de pr\u00e9senter Nimmo, un th\u00e8me WordPress sophistiqu\u00e9 et contemporain qui a \u00e9t\u00e9 m\u00e9ticuleusement con\u00e7u pour les individus de l&rsquo;industrie cr\u00e9ative qui souhaitent pr\u00e9senter leur travail de mani\u00e8re distinctive et \u00e0 la mode. Avec ses images d&rsquo;arri\u00e8re-plan en pleine largeur frappantes, des sections personnalisables qui peuvent \u00eatre adapt\u00e9es aux pr\u00e9f\u00e9rences individuelles et un design r\u00e9actif qui s&rsquo;adapte de mani\u00e8re transparente \u00e0 divers appareils, Nimmo appara\u00eet comme le choix par excellence pour ceux qui cherchent \u00e0 \u00e9tablir une pr\u00e9sence en ligne remarquable. Il importe que vous vous identifiiez comme un professionnel ind\u00e9pendant, un artiste ou un photographe, car Nimmo englobe toutes les caract\u00e9ristiques essentielles n\u00e9cessaires pour construire un site Web \u00e0 couper le souffle qui laissera sans aucun doute une impression ind\u00e9l\u00e9bile \u00e0 vos visiteurs estim\u00e9s. Pourquoi reporter plus longtemps? Embarquez dans votre voyage avec Nimmo aujourd&rsquo;hui et assistez de premi\u00e8re main \u00e0 quel point il est sans effort d&rsquo;actualiser un site Web captivant et in\u00e9gal\u00e9 qui refl\u00e8te v\u00e9ritablement votre style unique et votre personnalit\u00e9 unique.<\/p>\n","protected":false},"featured_media":144752,"comment_status":"open","ping_status":"open","template":"","meta":[],"product_brand":[2433],"product_cat":[1242,1212,1213],"product_tag":[1366],"class_list":{"0":"post-116839","1":"product","2":"type-product","3":"status-publish","4":"has-post-thumbnail","6":"product_brand-themeforest","7":"product_cat-creatif","8":"product_cat-themes","9":"product_cat-wordpress-themes","10":"product_tag-themeforest","11":"member-discount","12":"discount-restricted","14":"first","15":"instock","16":"sale","17":"downloadable","18":"virtual","19":"sold-individually","20":"purchasable","21":"product-type-simple"},"_links":{"self":[{"href":"https:\/\/gpl-love.com\/fr\/wp-json\/wp\/v2\/product\/116839","targetHints":{"allow":["GET"]}}],"collection":[{"href":"https:\/\/gpl-love.com\/fr\/wp-json\/wp\/v2\/product"}],"about":[{"href":"https:\/\/gpl-love.com\/fr\/wp-json\/wp\/v2\/types\/product"}],"replies":[{"embeddable":true,"href":"https:\/\/gpl-love.com\/fr\/wp-json\/wp\/v2\/comments?post=116839"}],"wp:featuredmedia":[{"embeddable":true,"href":"https:\/\/gpl-love.com\/fr\/wp-json\/wp\/v2\/media\/144752"}],"wp:attachment":[{"href":"https:\/\/gpl-love.com\/fr\/wp-json\/wp\/v2\/media?parent=116839"}],"wp:term":[{"taxonomy":"product_brand","embeddable":true,"href":"https:\/\/gpl-love.com\/fr\/wp-json\/wp\/v2\/product_brand?post=116839"},{"taxonomy":"product_cat","embeddable":true,"href":"https:\/\/gpl-love.com\/fr\/wp-json\/wp\/v2\/product_cat?post=116839"},{"taxonomy":"product_tag","embeddable":true,"href":"https:\/\/gpl-love.com\/fr\/wp-json\/wp\/v2\/product_tag?post=116839"}],"curies":[{"name":"wp","href":"https:\/\/api.w.org\/{rel}","templated":true}]}}