{"id":116837,"date":"2022-01-27T00:00:00","date_gmt":"2022-01-26T23:00:00","guid":{"rendered":"http:\/\/gpl-love.com\/fr\/produit\/vlogger-professional-video-et-tutorials-wordpress-theme\/"},"modified":"2026-04-10T18:45:11","modified_gmt":"2026-04-10T16:45:11","slug":"vlogger-professional-video-et-tutorials-wordpress-theme","status":"publish","type":"product","link":"https:\/\/gpl-love.com\/fr\/produit\/vlogger-professional-video-et-tutorials-wordpress-theme\/","title":{"rendered":"Vlogger Professional Video et Tutorials WordPress Theme 2.6.8"},"content":{"rendered":"<h3>Vlogger Professional Video et Tutorials WordPress Theme Traits<\/h3>\n<p>Le vlogger professionnel et les tutoriels du th\u00e8me WordPress, une solution exceptionnelle pour les personnes qui aspirent \u00e0 cr\u00e9er un magnifique blog vid\u00e9o ou un site Web de tutoriel, appara\u00eet comme l&rsquo;incarnation de l&rsquo;excellence. Sp\u00e9cifiquement adapt\u00e9 aux vloggers, aux blogueurs vid\u00e9o et aux cr\u00e9ateurs de tutoriels, ce th\u00e8me englobe un \u00e9ventail complet de fonctionnalit\u00e9s qui am\u00e9lioreront sans aucun doute l&rsquo;attrait de votre contenu. En combinant un design vierge et contemporain avec un lecteur vid\u00e9o int\u00e9gr\u00e9, une page d&rsquo;accueil personnalisable et un constructeur de pages convivial, ce th\u00e8me facilite la pr\u00e9sentation de vos vid\u00e9os et tutoriels, captivant ainsi votre public cible. Que vous soyez un novice en herbe ou un v\u00e9t\u00e9ran chevronn\u00e9 dans le domaine du vlogging, le th\u00e8me de la vid\u00e9o et des tutoriels professionnels de Vlogger englobe ind\u00e9niablement tous les \u00e9l\u00e9ments essentiels n\u00e9cessaires pour \u00e9lever votre contenu vid\u00e9o \u00e0 des hauteurs sans pr\u00e9c\u00e9dent.<\/p>\n<ul>\n<li>Th\u00e8me WordPress personnalisable et polyvalent sp\u00e9cialement con\u00e7u pour les vloggers et les cr\u00e9ateurs de contenu vid\u00e9o<\/li>\n<li>Design professionnel et \u00e9l\u00e9gant pour pr\u00e9senter votre contenu vid\u00e9o d&rsquo;une mani\u00e8re engageante et visuellement attrayante<\/li>\n<li>La conception r\u00e9active et adapt\u00e9e aux mobiles garantit que votre site Web est superbe quel que soit l&rsquo;appareil que vos visiteurs utilisent<\/li>\n<li>Le constructeur de pages intuitif avec fonctionnalit\u00e9 glisser-d\u00e9poser facilite la cr\u00e9ation de dispositions et de conceptions personnalis\u00e9es<\/li>\n<li>Livr\u00e9 avec une biblioth\u00e8que de mod\u00e8les pr\u00e9-con\u00e7us pour relancer la conception de votre site Web<\/li>\n<li>Int\u00e9gr\u00e9 \u00e0 des plateformes d&rsquo;h\u00e9bergement vid\u00e9o populaires telles que YouTube et Vimeo<\/li>\n<li>Comprend un lecteur vid\u00e9o int\u00e9gr\u00e9 avec des options pour int\u00e9grer des vid\u00e9os directement sur votre site Web<\/li>\n<li>SEO optimis\u00e9 pour une visibilit\u00e9 maximale et un classement des moteurs de recherche<\/li>\n<li>Livr\u00e9 avec une gamme de widgets et de plugins personnalisables pour am\u00e9liorer la fonctionnalit\u00e9 de votre site Web<\/li>\n<li>Documentation compl\u00e8te et support client pour assurer une configuration transparente et une maintenance continue de votre site Web.<\/li>\n<\/ul>\n","protected":false},"excerpt":{"rendered":"<p>Le th\u00e8me WordPress vid\u00e9o et tutoriels professionnels Vlogger pr\u00e9sente une solution optimale pour les personnes cherchant \u00e0 \u00e9tablir un blog ou un site Web de qualit\u00e9 exceptionnelle qui se concentre principalement sur le contenu vid\u00e9o. Ce th\u00e8me hautement adaptable regorge d&rsquo;un \u00e9ventail de fonctionnalit\u00e9s qui facilitent l&rsquo;exposition transparente de vos vid\u00e9os, tutoriels et autres formes de contenu pour captiver votre public cible. B\u00e9n\u00e9ficiant d&rsquo;un design sophistiqu\u00e9 et \u00e9l\u00e9gant, de formidables options de personnalisation, ainsi que d&rsquo;un assortiment de mod\u00e8les et de widgets pr\u00e9-con\u00e7us, le th\u00e8me Vlogger comprend tous les composants essentiels n\u00e9cessaires pour forger un blog ou un site Web vid\u00e9o impressionnant et captivant. Que vous vantiez le statut d&rsquo;un vlogger professionnel assaisonn\u00e9 ou que vous preniez simplement vos premi\u00e8res \u00e9tapes dans le domaine du marketing vid\u00e9o, le th\u00e8me Vlogger sert d&rsquo;outil inestimable pour construire une pr\u00e9sence en ligne florissante. Ne perdez pas de temps et procurez-vous votre propre copie de ce th\u00e8me remarquable aujourd&rsquo;hui, et commencez le processus de g\u00e9n\u00e9ration du contenu que votre public aspire si ardemment!<\/p>\n","protected":false},"featured_media":145729,"comment_status":"open","ping_status":"open","template":"","meta":[],"product_brand":[2433],"product_cat":[1242,1212,1213],"product_tag":[1366],"class_list":{"0":"post-116837","1":"product","2":"type-product","3":"status-publish","4":"has-post-thumbnail","6":"product_brand-themeforest","7":"product_cat-creatif","8":"product_cat-themes","9":"product_cat-wordpress-themes","10":"product_tag-themeforest","11":"member-discount","12":"discount-restricted","14":"first","15":"instock","16":"sale","17":"downloadable","18":"virtual","19":"sold-individually","20":"purchasable","21":"product-type-simple"},"_links":{"self":[{"href":"https:\/\/gpl-love.com\/fr\/wp-json\/wp\/v2\/product\/116837","targetHints":{"allow":["GET"]}}],"collection":[{"href":"https:\/\/gpl-love.com\/fr\/wp-json\/wp\/v2\/product"}],"about":[{"href":"https:\/\/gpl-love.com\/fr\/wp-json\/wp\/v2\/types\/product"}],"replies":[{"embeddable":true,"href":"https:\/\/gpl-love.com\/fr\/wp-json\/wp\/v2\/comments?post=116837"}],"wp:featuredmedia":[{"embeddable":true,"href":"https:\/\/gpl-love.com\/fr\/wp-json\/wp\/v2\/media\/145729"}],"wp:attachment":[{"href":"https:\/\/gpl-love.com\/fr\/wp-json\/wp\/v2\/media?parent=116837"}],"wp:term":[{"taxonomy":"product_brand","embeddable":true,"href":"https:\/\/gpl-love.com\/fr\/wp-json\/wp\/v2\/product_brand?post=116837"},{"taxonomy":"product_cat","embeddable":true,"href":"https:\/\/gpl-love.com\/fr\/wp-json\/wp\/v2\/product_cat?post=116837"},{"taxonomy":"product_tag","embeddable":true,"href":"https:\/\/gpl-love.com\/fr\/wp-json\/wp\/v2\/product_tag?post=116837"}],"curies":[{"name":"wp","href":"https:\/\/api.w.org\/{rel}","templated":true}]}}