{"id":116835,"date":"2023-10-17T00:00:00","date_gmt":"2023-10-16T22:00:00","guid":{"rendered":"http:\/\/gpl-love.com\/fr\/produit\/woocommerce-aftership\/"},"modified":"2026-03-20T23:44:19","modified_gmt":"2026-03-20T22:44:19","slug":"woocommerce-aftership","status":"publish","type":"product","link":"https:\/\/gpl-love.com\/fr\/produit\/woocommerce-aftership\/","title":{"rendered":"WooCommerce AfterShip 9.3"},"content":{"rendered":"<h3>WooCommerce AfterShip Traits<\/h3>\n<p>WooCommerce AfterShip sert de plugin imp\u00e9ratif aux personnes qui sont propri\u00e9taires de magasins en ligne et souhaitent rationaliser leur processus d&rsquo;exp\u00e9dition. Ce plugin s&rsquo;int\u00e8gre de mani\u00e8re transparente \u00e0 votre boutique WooCommerce et vous offre la capacit\u00e9 de suivre efficacement les exp\u00e9ditions \u00e0 partir de 600 transporteurs stup\u00e9fiants dans le monde. Au moyen des mises \u00e0 jour de suivi en temps r\u00e9el et des notifications de livraison, vous avez la possibilit\u00e9 de garder syst\u00e9matiquement vos clients bien inform\u00e9s \u00e0 chaque \u00e9tape du parcours maritime. De plus, vous poss\u00e9dez \u00e9galement la capacit\u00e9 de g\u00e9n\u00e9rer sans effort des \u00e9tiquettes d&rsquo;exp\u00e9dition et des feuillets d&#8217;emballage directement \u00e0 partir de votre tableau de bord WooCommerce, entra\u00eenant ainsi une r\u00e9duction importante de temps et d&rsquo;efforts. Il convient de noter que WooCommerce AfterShip pr\u00e9sente \u00e9galement un \u00e9ventail de puissantes fonctionnalit\u00e9s d&rsquo;analyse et de rapports, qui vous donnent la possibilit\u00e9 d&rsquo;identifier les tendances et d&rsquo;optimiser votre strat\u00e9gie d&rsquo;exp\u00e9dition en cons\u00e9quence. En mettant en \u0153uvre WooCommerce AfterShip, vous pourrez \u00e9lever les niveaux de satisfaction des clients et am\u00e9liorer l&rsquo;exp\u00e9rience de livraison globale pour votre client\u00e8le estim\u00e9e.<\/p>\n<ul>\n<li>Int\u00e9grez de mani\u00e8re transparente les fonctionnalit\u00e9s de suivi apr\u00e8s le stade dans votre boutique WooCommerce<\/li>\n<li>Permettez aux clients de suivre leurs commandes directement depuis votre magasin<\/li>\n<li>Mettre \u00e0 jour instantan\u00e9ment les informations de suivi de vos clients<\/li>\n<li>Personnalisez les informations de suivi avec votre propre marque<\/li>\n<li>G\u00e9rez facilement les informations de suivi pour plusieurs transporteurs<\/li>\n<li>Envoyez automatiquement les informations de suivi aux clients via des notifications par e-mail<\/li>\n<li>Augmenter la satisfaction du client en offrant une exp\u00e9rience de suivi rationalis\u00e9e<\/li>\n<li>Surveiller la livraison et les performances d&rsquo;exp\u00e9dition avec des informations et des analyses d\u00e9taill\u00e9es<\/li>\n<li>Restez au sommet des statuts de commande avec des mises \u00e0 jour de suivi en temps r\u00e9el<\/li>\n<li>Demandes de soutien plus bas en permettant aux clients de suivre leurs commandes ind\u00e9pendamment<\/li>\n<\/ul>\n","protected":false},"excerpt":{"rendered":"<p>WooCommerce AfterShip est un plugin tr\u00e8s efficace et convivial qui a le but de faciliter le suivi sans effort de vos envois. Il s&rsquo;int\u00e8gre impeccablement \u00e0 votre boutique WooCommerce, permettant ainsi l&rsquo;extraction automatique des informations de suivi des op\u00e9rateurs de premier plan tels que UPS, USPS, FedEx et DHL. De plus, il vous permet de saisir manuellement les num\u00e9ros de suivi et de surveiller \u00e9troitement la progression de la livraison de vos commandes, le tout \u00e0 partir de la commodit\u00e9 de votre tableau de bord WooCommerce. En outre, ce plugin remarquable fait un effort suppl\u00e9mentaire en communiquant efficacement avec vos pr\u00e9cieux clients par e-mail et notifications SMS, garantissant ainsi qu&rsquo;ils restent bien inform\u00e9s sur toute mise \u00e0 jour pertinente concernant le statut de leurs livraisons. En fin de compte, en incorporant WooCommerce AfterShip dans vos op\u00e9rations, vous avez la possibilit\u00e9 de fournir un service client stellaire et d&rsquo;\u00e9lever l&rsquo;exp\u00e9rience d&rsquo;achat globale.<\/p>\n","protected":false},"featured_media":145797,"comment_status":"open","ping_status":"open","template":"","meta":[],"product_brand":[2435],"product_cat":[1182,1223,1181],"product_tag":[1231],"class_list":{"0":"post-116835","1":"product","2":"type-product","3":"status-publish","4":"has-post-thumbnail","6":"product_brand-codecanyon","7":"product_cat-commerce-electronique-plugins","8":"product_cat-personnalisation-commerce-electronique-plugins","9":"product_cat-plugins","10":"product_tag-codecanyon","11":"member-discount","12":"discount-restricted","14":"first","15":"instock","16":"sale","17":"downloadable","18":"virtual","19":"sold-individually","20":"purchasable","21":"product-type-simple"},"_links":{"self":[{"href":"https:\/\/gpl-love.com\/fr\/wp-json\/wp\/v2\/product\/116835","targetHints":{"allow":["GET"]}}],"collection":[{"href":"https:\/\/gpl-love.com\/fr\/wp-json\/wp\/v2\/product"}],"about":[{"href":"https:\/\/gpl-love.com\/fr\/wp-json\/wp\/v2\/types\/product"}],"replies":[{"embeddable":true,"href":"https:\/\/gpl-love.com\/fr\/wp-json\/wp\/v2\/comments?post=116835"}],"wp:featuredmedia":[{"embeddable":true,"href":"https:\/\/gpl-love.com\/fr\/wp-json\/wp\/v2\/media\/145797"}],"wp:attachment":[{"href":"https:\/\/gpl-love.com\/fr\/wp-json\/wp\/v2\/media?parent=116835"}],"wp:term":[{"taxonomy":"product_brand","embeddable":true,"href":"https:\/\/gpl-love.com\/fr\/wp-json\/wp\/v2\/product_brand?post=116835"},{"taxonomy":"product_cat","embeddable":true,"href":"https:\/\/gpl-love.com\/fr\/wp-json\/wp\/v2\/product_cat?post=116835"},{"taxonomy":"product_tag","embeddable":true,"href":"https:\/\/gpl-love.com\/fr\/wp-json\/wp\/v2\/product_tag?post=116835"}],"curies":[{"name":"wp","href":"https:\/\/api.w.org\/{rel}","templated":true}]}}