{"id":116833,"date":"2023-05-17T00:00:00","date_gmt":"2023-05-16T22:00:00","guid":{"rendered":"http:\/\/gpl-love.com\/fr\/produit\/woocommerce-lucky-wheel\/"},"modified":"2026-04-10T18:47:15","modified_gmt":"2026-04-10T16:47:15","slug":"woocommerce-lucky-wheel","status":"publish","type":"product","link":"https:\/\/gpl-love.com\/fr\/produit\/woocommerce-lucky-wheel\/","title":{"rendered":"WooCommerce Lucky Wheel 1.1.12"},"content":{"rendered":"<h3>WooCommerce Lucky Wheel Traits<\/h3>\n<p>WooCommerce Lucky Wheel sert d&rsquo;outil de marketing innovant et efficace qui vise \u00e0 am\u00e9liorer l&rsquo;engagement des clients et \u00e0 g\u00e9n\u00e9rer des ventes pour votre boutique en ligne. Ce plugin remarquable int\u00e8gre de mani\u00e8re transparente un composant captivant et interactif dans votre site Web, pr\u00e9sentant les clients avec une d\u00e9licieuse roue de rotation avec laquelle ils peuvent s&rsquo;engager avec impatience dans l&rsquo;espoir d&rsquo;obtenir des remises attrayantes, des coupons pr\u00e9cieux ou m\u00eame des prix souhaitables. La polyvalence de ce plugin est vraiment louable, car elle vous accorde la possibilit\u00e9 de personnaliser et d&rsquo;adapter pleinement les r\u00e9compenses, les sch\u00e9mas de couleurs et les segments de roues pour s&rsquo;aligner impeccablement avec votre identit\u00e9 de marque unique. En outre, vous poss\u00e9dez le pouvoir d&rsquo;\u00e9tablir et d&rsquo;appliquer des r\u00e8gles et des limites pour la roue, comme imposer un nombre maximum de tours par client ou restreindre s\u00e9lectivement son utilisation \u00e0 des produits sp\u00e9cifiques. Arm\u00e9 de ces fonctionnalit\u00e9s remarquables, cet outil formidable incite efficacement les clients \u00e0 effectuer un achat, favorisant ainsi un sentiment de loyaut\u00e9 accru parmi votre pr\u00e9cieux client\u00e8le.<\/p>\n<ul>\n<li>Augmenter l&rsquo;engagement des clients en offrant un moyen amusant et interactif de gagner des r\u00e9ductions ou des produits gratuits<\/li>\n<li>Conception de roues chanceuses enti\u00e8rement personnalisable pour correspondre \u00e0 votre marque et \u00e0 votre site Web<\/li>\n<li>Grande vari\u00e9t\u00e9 d&rsquo;options de personnalisation pour les r\u00e9compenses offertes sur la roue<\/li>\n<li>Int\u00e9gration facile avec la plate-forme WooCommerce<\/li>\n<li>Outils de reportage et d&rsquo;analyse complets pour suivre l&rsquo;engagement et les conversions<\/li>\n<li>Plusieurs options d&rsquo;entr\u00e9e pour que les clients puissent participer \u00e0 la roue chanceuse<\/li>\n<li>Conception r\u00e9active mobile pour les clients en d\u00e9placement<\/li>\n<li>Notification par e-mail automatique pour les clients lorsqu&rsquo;ils gagnent<\/li>\n<li>Configuration simple et interface conviviale pour un fonctionnement facile<\/li>\n<li>Mises \u00e0 jour r\u00e9guli\u00e8res et support pour assurer une exp\u00e9rience utilisateur fluide<\/li>\n<\/ul>\n","protected":false},"excerpt":{"rendered":"<p>WooCommerce Lucky Wheel repr\u00e9sente un outil de marketing pionnier qui int\u00e8gre un aspect de l&rsquo;impr\u00e9visibilit\u00e9 et de l&rsquo;enthousiasme \u00e0 votre \u00e9tablissement commercial en ligne. Au moyen de ce plugin captivant, les clients ont la possibilit\u00e9 de faire tourner une roue et d&rsquo;obtenir un assortiment de r\u00e9ductions de prix ou de propositions exclusives. Tout ce que vous avez \u00e0 faire est de personnaliser la roue chanceuse conform\u00e9ment \u00e0 vos avantages et pr\u00e9f\u00e9rences d&rsquo;activation pr\u00e9f\u00e9r\u00e9s, en observant par la suite la mont\u00e9e de vos chiffres de vente et la participation des clients Soar! Cet outil remarquable s&rsquo;av\u00e8re id\u00e9al pour la mise en \u0153uvre lors d&rsquo;occasions telles que les lecteurs de ventes saisonni\u00e8res, les promotions spontan\u00e9es ou m\u00eame en tant que g\u00e9n\u00e9reux jeton d&rsquo;appr\u00e9ciation \u00e9tendu \u00e0 la nouvelle client\u00e8le. Acqu\u00e9rir aujourd&rsquo;hui WooCommerce Lucky Wheel et commencer le processus de transformation d&rsquo;un plus grand nombre de visiteurs de sites Web en clients d\u00e9di\u00e9s et d\u00e9vou\u00e9s!<\/p>\n","protected":false},"featured_media":145916,"comment_status":"open","ping_status":"open","template":"","meta":[],"product_brand":[2435],"product_cat":[1182,1223,1181],"product_tag":[1231],"class_list":{"0":"post-116833","1":"product","2":"type-product","3":"status-publish","4":"has-post-thumbnail","6":"product_brand-codecanyon","7":"product_cat-commerce-electronique-plugins","8":"product_cat-personnalisation-commerce-electronique-plugins","9":"product_cat-plugins","10":"product_tag-codecanyon","11":"member-discount","12":"discount-restricted","14":"first","15":"instock","16":"sale","17":"downloadable","18":"virtual","19":"sold-individually","20":"purchasable","21":"product-type-simple"},"_links":{"self":[{"href":"https:\/\/gpl-love.com\/fr\/wp-json\/wp\/v2\/product\/116833","targetHints":{"allow":["GET"]}}],"collection":[{"href":"https:\/\/gpl-love.com\/fr\/wp-json\/wp\/v2\/product"}],"about":[{"href":"https:\/\/gpl-love.com\/fr\/wp-json\/wp\/v2\/types\/product"}],"replies":[{"embeddable":true,"href":"https:\/\/gpl-love.com\/fr\/wp-json\/wp\/v2\/comments?post=116833"}],"wp:featuredmedia":[{"embeddable":true,"href":"https:\/\/gpl-love.com\/fr\/wp-json\/wp\/v2\/media\/145916"}],"wp:attachment":[{"href":"https:\/\/gpl-love.com\/fr\/wp-json\/wp\/v2\/media?parent=116833"}],"wp:term":[{"taxonomy":"product_brand","embeddable":true,"href":"https:\/\/gpl-love.com\/fr\/wp-json\/wp\/v2\/product_brand?post=116833"},{"taxonomy":"product_cat","embeddable":true,"href":"https:\/\/gpl-love.com\/fr\/wp-json\/wp\/v2\/product_cat?post=116833"},{"taxonomy":"product_tag","embeddable":true,"href":"https:\/\/gpl-love.com\/fr\/wp-json\/wp\/v2\/product_tag?post=116833"}],"curies":[{"name":"wp","href":"https:\/\/api.w.org\/{rel}","templated":true}]}}