{"id":116827,"date":"2022-05-16T00:00:00","date_gmt":"2022-05-15T22:00:00","guid":{"rendered":"http:\/\/gpl-love.com\/fr\/produit\/classiera-classified-ads-wordpress-theme\/"},"modified":"2026-03-20T22:58:33","modified_gmt":"2026-03-20T21:58:33","slug":"classiera-classified-ads-wordpress-theme","status":"publish","type":"product","link":"https:\/\/gpl-love.com\/fr\/produit\/classiera-classified-ads-wordpress-theme\/","title":{"rendered":"Classiera Classified Ads WordPress Theme 4.0.21"},"content":{"rendered":"<h3>Classiera Classified Ads WordPress Theme Traits<\/h3>\n<p>Classiera Classified Ads WordPress Le th\u00e8me poss\u00e8de une pl\u00e9thore de fonctionnalit\u00e9s robustes et de pointe, ce qui le rend un outil in\u00e9gal\u00e9 dans le domaine de la fabrication de sites Web de publicit\u00e9s classifi\u00e9es. Caract\u00e9ris\u00e9e par son interface conviviale, ce th\u00e8me offre une commodit\u00e9 transparente aux utilisateurs lorsqu&rsquo;il s&rsquo;agit de publier et d&rsquo;administrer leurs publicit\u00e9s, tout en permettant simultan\u00e9ment aux propri\u00e9taires de sites de capitaliser sur leur plate-forme \u00e0 travers diverses voies de g\u00e9n\u00e9ration de revenus. La flexibilit\u00e9 remarquable de Classiera est illustr\u00e9e par sa myriade de dispositions de page d&rsquo;accueil pr\u00e9configur\u00e9es, de palettes de couleurs et d&rsquo;alternatives de police, qui accordent aux utilisateurs la libert\u00e9 de personnaliser leur site Web au d\u00e9sir de leur c\u0153ur. De plus, ce th\u00e8me est fortifi\u00e9 avec des capacit\u00e9s de recherche et de filtrage avanc\u00e9es, permettant aux utilisateurs de naviguer sans effort dans les listes copieuses disponibles. Int\u00e9gr\u00e9 \u00e0 une gamme de passerelles de paiement et de plateformes de m\u00e9dias sociaux, Classiera est vraiment une quintessence de la technologie de pointe. En exploitant la puissance de ce th\u00e8me exceptionnel, les utilisateurs peuvent \u00e9tablir rapidement et de mani\u00e8re transparente un site Web de publicit\u00e9 classifi\u00e9 sophistiqu\u00e9 et lucratif qui est adapt\u00e9 aux besoins et aux pr\u00e9f\u00e9rences de leur base d&rsquo;utilisateurs divers.<\/p>\n<ul>\n<li>Conception enti\u00e8rement r\u00e9active qui fonctionne sur tous les appareils<\/li>\n<li>Plusieurs dispositions de page d&rsquo;accueil au choix<\/li>\n<li>Champs personnalisables pour les cat\u00e9gories d&rsquo;inscription<\/li>\n<li>Options de recherche avanc\u00e9es pour les utilisateurs<\/li>\n<li>Profils d&rsquo;utilisateurs avec la possibilit\u00e9 de g\u00e9rer leurs propres listes<\/li>\n<li>Int\u00e9gration des m\u00e9dias sociaux pour un partage facile<\/li>\n<li>Syst\u00e8me de messagerie int\u00e9gr\u00e9 entre les utilisateurs<\/li>\n<li>Int\u00e9gration de la passerelle de paiement pour les annonces payantes ou les annonces promues<\/li>\n<li>Int\u00e9gration Google Maps pour les recherches bas\u00e9es sur la localisation<\/li>\n<li>Dates d&rsquo;expiration des annonces et options de renouvellement pour les utilisateurs<\/li>\n<li>GDPR conforme et s\u00e9curis\u00e9 avec des mises \u00e0 jour et un support r\u00e9guliers.<\/li>\n<\/ul>\n","protected":false},"excerpt":{"rendered":"<p>Pr\u00e9sentation du th\u00e8me WordPress ADS classifi\u00e9 Classiera, une plate-forme innovante et conviviale con\u00e7ue pour les petites annonces en ligne. Ce th\u00e8me de premier ordre est riche en fonctionnalit\u00e9s, parfait pour toute entreprise de publicit\u00e9s classifi\u00e9es. Il offre une conception r\u00e9active, assurant une visualisation et une interaction optimales sur une large gamme d&rsquo;appareils. Le th\u00e8me Classiera prend en charge WooCommerce, vous permettant d&rsquo;int\u00e9grer une boutique en ligne dans votre site Web de mani\u00e8re transparente. Avec l&rsquo;int\u00e9gration de Google Maps, vos clients peuvent trouver sans effort les listes souhait\u00e9es. Le th\u00e8me comprend \u00e9galement un liqueur de couches, qui peut aider \u00e0 mettre en \u00e9vidence vos annonces et offres premium. De plus, Classiera est livr\u00e9 avec un syst\u00e8me de soumission frontal et un plan de prix, vous donnant le pouvoir de g\u00e9rer efficacement vos annonces. Exploitez les avantages du th\u00e8me WordPress ADS classifi\u00e9 Classiera et portez votre entreprise classifi\u00e9e au niveau sup\u00e9rieur.<\/p>\n","protected":false},"featured_media":143390,"comment_status":"open","ping_status":"open","template":"","meta":[],"product_brand":[2433],"product_cat":[1242,1212,1213],"product_tag":[1366],"class_list":{"0":"post-116827","1":"product","2":"type-product","3":"status-publish","4":"has-post-thumbnail","6":"product_brand-themeforest","7":"product_cat-creatif","8":"product_cat-themes","9":"product_cat-wordpress-themes","10":"product_tag-themeforest","11":"member-discount","12":"discount-restricted","14":"first","15":"instock","16":"sale","17":"downloadable","18":"virtual","19":"sold-individually","20":"purchasable","21":"product-type-simple"},"_links":{"self":[{"href":"https:\/\/gpl-love.com\/fr\/wp-json\/wp\/v2\/product\/116827","targetHints":{"allow":["GET"]}}],"collection":[{"href":"https:\/\/gpl-love.com\/fr\/wp-json\/wp\/v2\/product"}],"about":[{"href":"https:\/\/gpl-love.com\/fr\/wp-json\/wp\/v2\/types\/product"}],"replies":[{"embeddable":true,"href":"https:\/\/gpl-love.com\/fr\/wp-json\/wp\/v2\/comments?post=116827"}],"wp:featuredmedia":[{"embeddable":true,"href":"https:\/\/gpl-love.com\/fr\/wp-json\/wp\/v2\/media\/143390"}],"wp:attachment":[{"href":"https:\/\/gpl-love.com\/fr\/wp-json\/wp\/v2\/media?parent=116827"}],"wp:term":[{"taxonomy":"product_brand","embeddable":true,"href":"https:\/\/gpl-love.com\/fr\/wp-json\/wp\/v2\/product_brand?post=116827"},{"taxonomy":"product_cat","embeddable":true,"href":"https:\/\/gpl-love.com\/fr\/wp-json\/wp\/v2\/product_cat?post=116827"},{"taxonomy":"product_tag","embeddable":true,"href":"https:\/\/gpl-love.com\/fr\/wp-json\/wp\/v2\/product_tag?post=116827"}],"curies":[{"name":"wp","href":"https:\/\/api.w.org\/{rel}","templated":true}]}}