{"id":116825,"date":"2026-02-23T00:00:00","date_gmt":"2026-02-22T23:00:00","guid":{"rendered":"http:\/\/gpl-love.com\/fr\/produit\/wordpress-timeline-plugin-cool-timeline-pro\/"},"modified":"2026-04-01T00:30:58","modified_gmt":"2026-03-31T22:30:58","slug":"wordpress-timeline-plugin-cool-timeline-pro","status":"publish","type":"product","link":"https:\/\/gpl-love.com\/fr\/produit\/wordpress-timeline-plugin-cool-timeline-pro\/","title":{"rendered":"WordPress Timeline Plugin Cool Timeline Pro 6.1.1"},"content":{"rendered":"<h3>WordPress Timeline Plugin Cool Timeline Pro Traits<\/h3>\n<p>Cool Timeline Pro est un plugin WordPress Timeline exceptionnel qui offre \u00e0 ses utilisateurs une opportunit\u00e9 remarquable de pr\u00e9senter leur contenu de mani\u00e8re contemporaine et interactive. Avec son interface conviviale et ses fonctionnalit\u00e9s personnalisables, ce plugin s&rsquo;av\u00e8re \u00eatre un choix id\u00e9al pour les personnes qui cherchent \u00e0 cr\u00e9er une chronologie visuellement captivante et informative pour leur site Web. Il poss\u00e8de une gamme diversifi\u00e9e de dispositions de chronologie, de styles et d&rsquo;animations qui peuvent \u00eatre ajust\u00e9es sans effort pour s&rsquo;harmoniser avec toute esth\u00e9tique de conception. En outre, Cool Timeline Pro va au-del\u00e0 en \u00e9tendant la prise en charge de plusieurs formats de m\u00e9dias, y compris des images, des vid\u00e9os et de l&rsquo;audio. Cela permet aux utilisateurs de g\u00e9rer une exp\u00e9rience de chronologie vraiment dynamique et immersive pour leur public. En plus de ses fonctionnalit\u00e9s \u00e9tendues, le plugin est fier d&rsquo;\u00eatre enti\u00e8rement r\u00e9actif, garantissant que la chronologie semblera visuellement frappante et transparente sur n&rsquo;importe quel appareil. Compte tenu de tous ces attributs remarquables, il est \u00e9vident que Cool Timeline Pro sert d&rsquo;outil extr\u00eamement puissant pour pr\u00e9senter efficacement le contenu et \u00e9lever l&rsquo;engagement des utilisateurs \u00e0 des hauteurs sans pr\u00e9c\u00e9dent.<\/p>\n<ul>\n<li>Plugin de chronologie engageant et personnalisable pour les sites Web WordPress<\/li>\n<li>Propose plusieurs conceptions \/ dispositions de chronologie au choix<\/li>\n<li>Capacit\u00e9 d&rsquo;afficher des images et des vid\u00e9os dans la chronologie<\/li>\n<li>Prend en charge les options de d\u00e9filement et de navigation du calendrier<\/li>\n<li>Permet une personnalisation facile des couleurs et des polices de chronologie<\/li>\n<li>Comprend des fonctionnalit\u00e9s interactives telles que le partage des m\u00e9dias sociaux et les commentaires<\/li>\n<li>Compatible avec tous les navigateurs modernes et r\u00e9actifs sur les appareils mobiles<\/li>\n<li>Fournit une documentation d\u00e9taill\u00e9e et un support client pour une installation et une configuration faciles<\/li>\n<li>Fr\u00e9quemment mis \u00e0 jour avec de nouvelles fonctionnalit\u00e9s et am\u00e9liorations<\/li>\n<li>Aucune exp\u00e9rience de codage n\u00e9cessaire pour une utilisation.<\/li>\n<\/ul>\n","protected":false},"excerpt":{"rendered":"<p>Cool Timeline Pro est un plugin WordPress Timeline tr\u00e8s recherch\u00e9 qui offre aux utilisateurs la possibilit\u00e9 de pr\u00e9senter leur r\u00e9cit de mani\u00e8re artistique et engageante. L&rsquo;interface conviviale du plugin donne aux individus la possibilit\u00e9 d&rsquo;\u00e9laborer une chronologie captivante d\u00e9pourvue de toute exigence de codage, ce qui la rend accessible aux individus sans aucune connaissance ou comp\u00e9tences de codage pr\u00e9alable. Avec une vaste gamme d&rsquo;options de personnalisation \u00e0 votre disposition, y compris une s\u00e9lection remarquable de 12 dispositions de chronologie distinctes, un \u00e9ventail illimit\u00e9 de couleurs, un assortiment de polices et une abondance d&rsquo;autres choix de conception, ce plugin garantit que votre calendrier poss\u00e9dera l&rsquo;unique Appel esth\u00e9tique que vous d\u00e9sirez. De plus, l&rsquo;inclusion d&rsquo;images, de vid\u00e9os et de liens de m\u00e9dias sociaux dans votre calendrier vous offre la possibilit\u00e9 d&rsquo;incorporer un aspect multim\u00e9dia \u00e0 votre r\u00e9cit, permettant une exp\u00e9rience utilisateur plus riche et plus dynamique. Cool Timeline Pro sert de ressource ultime pour les personnes qui cherchent \u00e0 embellir leur site Web avec un \u00e9l\u00e9ment visuellement frappant, qu&rsquo;ils souhaitent ou non pour pr\u00e9senter l&rsquo;histoire de leur entreprise ou construire un calendrier personnel chroniqueant leur propre parcours de vie.<\/p>\n","protected":false},"featured_media":146121,"comment_status":"open","ping_status":"open","template":"","meta":[],"product_brand":[2435],"product_cat":[1189,1181,1186],"product_tag":[1231],"class_list":{"0":"post-116825","1":"product","2":"type-product","3":"status-publish","4":"has-post-thumbnail","6":"product_brand-codecanyon","7":"product_cat-personnalisation","8":"product_cat-plugins","9":"product_cat-wordpress-plugins","10":"product_tag-codecanyon","11":"member-discount","12":"discount-restricted","14":"first","15":"instock","16":"sale","17":"downloadable","18":"virtual","19":"sold-individually","20":"purchasable","21":"product-type-simple"},"_links":{"self":[{"href":"https:\/\/gpl-love.com\/fr\/wp-json\/wp\/v2\/product\/116825","targetHints":{"allow":["GET"]}}],"collection":[{"href":"https:\/\/gpl-love.com\/fr\/wp-json\/wp\/v2\/product"}],"about":[{"href":"https:\/\/gpl-love.com\/fr\/wp-json\/wp\/v2\/types\/product"}],"replies":[{"embeddable":true,"href":"https:\/\/gpl-love.com\/fr\/wp-json\/wp\/v2\/comments?post=116825"}],"wp:featuredmedia":[{"embeddable":true,"href":"https:\/\/gpl-love.com\/fr\/wp-json\/wp\/v2\/media\/146121"}],"wp:attachment":[{"href":"https:\/\/gpl-love.com\/fr\/wp-json\/wp\/v2\/media?parent=116825"}],"wp:term":[{"taxonomy":"product_brand","embeddable":true,"href":"https:\/\/gpl-love.com\/fr\/wp-json\/wp\/v2\/product_brand?post=116825"},{"taxonomy":"product_cat","embeddable":true,"href":"https:\/\/gpl-love.com\/fr\/wp-json\/wp\/v2\/product_cat?post=116825"},{"taxonomy":"product_tag","embeddable":true,"href":"https:\/\/gpl-love.com\/fr\/wp-json\/wp\/v2\/product_tag?post=116825"}],"curies":[{"name":"wp","href":"https:\/\/api.w.org\/{rel}","templated":true}]}}