{"id":116821,"date":"2021-08-08T00:00:00","date_gmt":"2021-08-07T22:00:00","guid":{"rendered":"http:\/\/gpl-love.com\/fr\/produit\/retina-multi-purpose-wordpress-theme-elision\/"},"modified":"2026-04-10T18:38:18","modified_gmt":"2026-04-10T16:38:18","slug":"retina-multi-purpose-wordpress-theme-elision","status":"publish","type":"product","link":"https:\/\/gpl-love.com\/fr\/produit\/retina-multi-purpose-wordpress-theme-elision\/","title":{"rendered":"Retina Multi-Purpose WordPress Th\u00e8me Elision 4.5"},"content":{"rendered":"<h3>Retina Multi-Purpose WordPress Th\u00e8me Elision Traits<\/h3>\n<p>Elision est un th\u00e8me WordPress polyvalent r\u00e9tine exceptionnel qui a \u00e9t\u00e9 m\u00e9ticuleusement con\u00e7u pour r\u00e9pondre aux exigences diverses et sp\u00e9cifiques des entreprises, des agences et des individus \u00e0 la recherche d&rsquo;un th\u00e8me incroyablement adaptable et flexible qui peut \u00eatre adapt\u00e9 sans effort pour r\u00e9pondre \u00e0 leurs besoins distincts et individuels. Arborant un design ultra-moderne et impeccablement \u00e9l\u00e9gant, ce th\u00e8me a \u00e9t\u00e9 d\u00e9velopp\u00e9 pour \u00eatre pleinement r\u00e9actif, garantissant une exp\u00e9rience utilisateur sans faille et sans couture sur tous les appareils, et est encore am\u00e9lior\u00e9 par son optimisation pour les affichages de r\u00e9tine \u00e0 haute r\u00e9solution, permettant la livraison de stup\u00e9fait Contenu net et visuellement captivant.<\/p>\n<p>Ce th\u00e8me remarquable poss\u00e8de une vaste gamme de fonctionnalit\u00e9s robustes et puissantes, garantissant un niveau in\u00e9gal\u00e9 de possibilit\u00e9s de personnalisation et de personnalisation pour ses utilisateurs. Parmi ses fonctionnalit\u00e9s les plus notables, il y a le mega mega hautement personnalisable, permettant aux utilisateurs de concevoir et de modifier sans effort la navigation de leur site Web pour s&rsquo;aligner sur l&rsquo;identit\u00e9 de leur marque et leurs exigences sp\u00e9cifiques. De plus, Elision propose plusieurs dispositions de portefeuille, accordant aux utilisateurs la libert\u00e9 de pr\u00e9senter leur travail d&rsquo;une mani\u00e8re visuellement attrayante et engageante qui d\u00e9passe les normes conventionnelles. De plus, les utilisateurs peuvent personnaliser sans effort les en-t\u00eates et les pieds de page, leur permettant de cr\u00e9er une esth\u00e9tique vraiment unique et coh\u00e9rente pour leur site Web.<\/p>\n<p>Dans un effort pour rationaliser le processus de cr\u00e9ation du site Web et soutenir les utilisateurs dans la r\u00e9alisation de leurs r\u00e9sultats souhait\u00e9s rapidement et efficacement, Elision fournit une large gamme de pages de d\u00e9monstration pr\u00e9-con\u00e7ues qui peuvent \u00eatre import\u00e9es de mani\u00e8re transparente en un seul clic. Cette fonctionnalit\u00e9 permet non seulement aux utilisateurs de prendre un temps pr\u00e9cieux, mais garantit \u00e9galement que leur site Web aura une apparence polie et professionnelle \u00e0 partir du moment o\u00f9 il sera mis en ligne.<\/p>\n<p>Reconnaissant l&rsquo;importance critique de l&rsquo;optimisation des moteurs de recherche (SEO) Dans la maximisation de la visibilit\u00e9 en ligne et l&rsquo;attrait du trafic organique, Elision a \u00e9t\u00e9 m\u00e9ticuleusement d\u00e9velopp\u00e9e en pensant au r\u00e9f\u00e9rencement. En mettant en \u0153uvre des pratiques de pointe et en adh\u00e9rant aux derni\u00e8res directives de r\u00e9f\u00e9rencement, ce th\u00e8me garantit que votre site Web atteindra des classements \u00e9lev\u00e9s dans les r\u00e9sultats des moteurs de recherche, augmentant ainsi consid\u00e9rablement ses chances d&rsquo;\u00eatre d\u00e9couverte par votre public cible.<\/p>\n<p>Avec Elision, les possibilit\u00e9s sont vraiment infinies. Ce th\u00e8me exceptionnel permet aux utilisateurs de cr\u00e9er un site Web qui incarne non seulement le professionnalisme mais d\u00e9gage \u00e9galement de l&rsquo;unicit\u00e9, leur permettant de se diff\u00e9rencier sans effort de leurs concurrents. En tirant parti de la vaste gamme de fonctionnalit\u00e9s offertes par Elision, les utilisateurs peuvent d\u00e9velopper une pr\u00e9sence en ligne impressionnante et captivante qui laissera sans aucun doute une impression durable sur les visiteurs et les clients potentiels.<\/p>\n<ul>\n<li>Th\u00e8me WordPress hautement personnalisable adapt\u00e9 \u00e0 une gamme d&rsquo;objectifs<\/li>\n<li>Retina pr\u00eate pour les \u00e9crans haute r\u00e9solution<\/li>\n<li>Panneau d&rsquo;options de th\u00e8me avanc\u00e9 pour une personnalisation facile<\/li>\n<li>Faire glisser et d\u00e9poser le constructeur de page pour cr\u00e9er des dispositions uniques<\/li>\n<li>Conception enti\u00e8rement r\u00e9active pour une visualisation optimis\u00e9e sur n&rsquo;importe quel appareil<\/li>\n<li>Compatibilit\u00e9 avec des plugins populaires tels que WooCommerce et WPML<\/li>\n<li>Comprend plus de 6 d\u00e9mos de page d&rsquo;accueil et plus de 20 pages int\u00e9rieures pr\u00e9d\u00e9finies<\/li>\n<li>Les styles d&rsquo;en-t\u00eate et de pied de page \u00e0 choisir<\/li>\n<li>One Click Demo Import pour une configuration rapide<\/li>\n<li>SEO optimis\u00e9 pour am\u00e9liorer le classement des moteurs de recherche<\/li>\n<li>Mises \u00e0 jour r\u00e9guli\u00e8res et support client d\u00e9di\u00e9<\/li>\n<\/ul>\n","protected":false},"excerpt":{"rendered":"<p>Elision, un th\u00e8me WordPress incroyablement polyvalent, propose une gamme d&rsquo;options de personnalisation et poss\u00e8de des graphiques de r\u00e9tine de haute qualit\u00e9 pour assurer des sites Web visuellement \u00e9tonnants. Son constructeur de pages glisser-d\u00e9poser et ses mod\u00e8les pr\u00e9-con\u00e7us fait des produits de vente ou de pr\u00e9senter des portefeuilles une brise absolue. De plus, Elision poss\u00e8de des animations transparentes et est optimis\u00e9e pour le r\u00e9f\u00e9rencement, garantissant que votre site Web a non seulement l&rsquo;air fantastique, mais est \u00e9galement facilement d\u00e9couvrable par les visiteurs potentiels. Que vous soyez photographe, blogueur ou entrepreneur, Elision sert de solution id\u00e9ale pour cr\u00e9er sans effort un site Web avec une esth\u00e9tique professionnelle et sans les tracas qui l&rsquo;accompagnent.<\/p>\n","protected":false},"featured_media":145130,"comment_status":"open","ping_status":"open","template":"","meta":[],"product_brand":[2433],"product_cat":[1214,1212,1213],"product_tag":[1366],"class_list":{"0":"post-116821","1":"product","2":"type-product","3":"status-publish","4":"has-post-thumbnail","6":"product_brand-themeforest","7":"product_cat-polyvalent","8":"product_cat-themes","9":"product_cat-wordpress-themes","10":"product_tag-themeforest","11":"member-discount","12":"discount-restricted","14":"first","15":"instock","16":"sale","17":"downloadable","18":"virtual","19":"sold-individually","20":"purchasable","21":"product-type-simple"},"_links":{"self":[{"href":"https:\/\/gpl-love.com\/fr\/wp-json\/wp\/v2\/product\/116821","targetHints":{"allow":["GET"]}}],"collection":[{"href":"https:\/\/gpl-love.com\/fr\/wp-json\/wp\/v2\/product"}],"about":[{"href":"https:\/\/gpl-love.com\/fr\/wp-json\/wp\/v2\/types\/product"}],"replies":[{"embeddable":true,"href":"https:\/\/gpl-love.com\/fr\/wp-json\/wp\/v2\/comments?post=116821"}],"wp:featuredmedia":[{"embeddable":true,"href":"https:\/\/gpl-love.com\/fr\/wp-json\/wp\/v2\/media\/145130"}],"wp:attachment":[{"href":"https:\/\/gpl-love.com\/fr\/wp-json\/wp\/v2\/media?parent=116821"}],"wp:term":[{"taxonomy":"product_brand","embeddable":true,"href":"https:\/\/gpl-love.com\/fr\/wp-json\/wp\/v2\/product_brand?post=116821"},{"taxonomy":"product_cat","embeddable":true,"href":"https:\/\/gpl-love.com\/fr\/wp-json\/wp\/v2\/product_cat?post=116821"},{"taxonomy":"product_tag","embeddable":true,"href":"https:\/\/gpl-love.com\/fr\/wp-json\/wp\/v2\/product_tag?post=116821"}],"curies":[{"name":"wp","href":"https:\/\/api.w.org\/{rel}","templated":true}]}}