{"id":116819,"date":"2025-10-23T00:00:00","date_gmt":"2025-10-22T22:00:00","guid":{"rendered":"http:\/\/gpl-love.com\/fr\/produit\/smart-image-resize-pro\/"},"modified":"2026-03-20T23:36:08","modified_gmt":"2026-03-20T22:36:08","slug":"smart-image-resize-pro","status":"publish","type":"product","link":"https:\/\/gpl-love.com\/fr\/produit\/smart-image-resize-pro\/","title":{"rendered":"Smart Image Resize Pro 1.14.0"},"content":{"rendered":"<h3>Smart Image Resize Pro Traits<\/h3>\n<p>Smart Image Redimensip Pro est un outil de redimensionnement d&rsquo;images tr\u00e8s sophistiqu\u00e9 et extr\u00eamement puissant, qui donne aux utilisateurs la capacit\u00e9 remarquable de redimensionner leurs images sans effort tout en confirmant leur qualit\u00e9 in\u00e9gal\u00e9e. Gr\u00e2ce \u00e0 l&rsquo;utilisation de ses algorithmes de pointe et de ses capacit\u00e9s de traitement astucieuses, ce logiciel remarquable garantit que vos images ch\u00e8res maintiennent leur plus grande clart\u00e9 et pr\u00e9cision, m\u00eame apr\u00e8s le processus de redimensionnement. B\u00e9n\u00e9ficiant d&rsquo;une interface incroyablement conviviale et de l&rsquo;option de personnalisation, Smart Image Redize Pro est un choix exceptionnel non seulement pour les professionnels assaisonn\u00e9s, mais aussi pour les photographes en herbe. Que votre objectif soit de redimensionner les images pour l&rsquo;utilisation en ligne, les plateformes de m\u00e9dias sociaux, les objectifs d&rsquo;impression ou toute autre entreprise cr\u00e9ative, ce logiciel extraordinaire garantit l&rsquo;\u00e9radication de la pix\u00e9lation, vous permettant de vous d\u00e9lecter de la grande magnificence de votre impressionnante r\u00e9solution et haute r\u00e9solution de haute r\u00e9solution photographies. Offrez des adieux \u00e0 la situation difficile des images pix\u00e9lis\u00e9es et embrassez le domaine captivant des visuels \u00e0 couper le souffle et de premier ordre avec les prouesses remarquables de Smart Image Redimensip Pro.<\/p>\n<ul>\n<li>Redimensionnement d&rsquo;images de haute qualit\u00e9 avec une perte minimale de d\u00e9tails<\/li>\n<li>Interface intuitive et conviviale pour une utilisation facile<\/li>\n<li>Prise en charge du format de fichier multiple, y compris JPG, PNG, BMP et plus<\/li>\n<li>Capacit\u00e9 \u00e0 redimensionner les images en vrac pour un traitement plus efficace<\/li>\n<li>Options de redimensionnement personnalisables, y compris le rapport d&rsquo;aspect, les dimensions et la r\u00e9solution<\/li>\n<li>Algorithmes puissants pour assurer une qualit\u00e9 d&rsquo;image optimale<\/li>\n<li>Capacit\u00e9 \u00e0 pr\u00e9visualiser les modifications avant de les appliquer<\/li>\n<li>Option pour enregistrer les images redimensionn\u00e9es dans un autre r\u00e9pertoire ou format de fichier<\/li>\n<li>Vitesse de traitement rapide pour l&rsquo;\u00e9dition d&rsquo;images rapide et efficace<\/li>\n<li>Mises \u00e0 jour \u00e0 vie et support pour une utilisation et une am\u00e9lioration continues.<\/li>\n<\/ul>\n","protected":false},"excerpt":{"rendered":"<p>Si l&rsquo;on est \u00e0 la recherche d&rsquo;une m\u00e9thode fiable et adepte pour modifier les dimensions de leurs images num\u00e9riques, leur qu\u00eate devrait cesser avec Smart Image Redimensip Pro! Ce formidable logiciel exploite des algorithmes de pointe pour garantir que ses photographies sont toujours redimensionn\u00e9es, ind\u00e9pendamment de leur taille ou de leur r\u00e9solution initiale. B\u00e9n\u00e9ficiant de contr\u00f4les conviviaux et d&rsquo;une abondance d&rsquo;options de personnalisation, Smart Image Redimensip Pro sert de rem\u00e8de ultime pour les individus dans les domaines de la photographie, de la conception graphique et au-de . Par cons\u00e9quent, pourquoi retarder davantage? Saisissez l&rsquo;opportunit\u00e9 de d\u00e9couvrir la disparit\u00e9 de premi\u00e8re main en essayant un essai Smart Image Redize Pro d\u00e8s aujourd&rsquo;hui!<\/p>\n","protected":false},"featured_media":145269,"comment_status":"open","ping_status":"open","template":"","meta":[],"product_brand":[2659],"product_cat":[1187,1181,1186],"product_tag":[2228],"class_list":{"0":"post-116819","1":"product","2":"type-product","3":"status-publish","4":"has-post-thumbnail","6":"product_brand-sirplugin","7":"product_cat-administration-wordpress-plugins","8":"product_cat-plugins","9":"product_cat-wordpress-plugins","10":"product_tag-sirplugin","11":"member-discount","12":"discount-restricted","14":"first","15":"instock","16":"sale","17":"downloadable","18":"virtual","19":"sold-individually","20":"purchasable","21":"product-type-simple"},"_links":{"self":[{"href":"https:\/\/gpl-love.com\/fr\/wp-json\/wp\/v2\/product\/116819","targetHints":{"allow":["GET"]}}],"collection":[{"href":"https:\/\/gpl-love.com\/fr\/wp-json\/wp\/v2\/product"}],"about":[{"href":"https:\/\/gpl-love.com\/fr\/wp-json\/wp\/v2\/types\/product"}],"replies":[{"embeddable":true,"href":"https:\/\/gpl-love.com\/fr\/wp-json\/wp\/v2\/comments?post=116819"}],"wp:featuredmedia":[{"embeddable":true,"href":"https:\/\/gpl-love.com\/fr\/wp-json\/wp\/v2\/media\/145269"}],"wp:attachment":[{"href":"https:\/\/gpl-love.com\/fr\/wp-json\/wp\/v2\/media?parent=116819"}],"wp:term":[{"taxonomy":"product_brand","embeddable":true,"href":"https:\/\/gpl-love.com\/fr\/wp-json\/wp\/v2\/product_brand?post=116819"},{"taxonomy":"product_cat","embeddable":true,"href":"https:\/\/gpl-love.com\/fr\/wp-json\/wp\/v2\/product_cat?post=116819"},{"taxonomy":"product_tag","embeddable":true,"href":"https:\/\/gpl-love.com\/fr\/wp-json\/wp\/v2\/product_tag?post=116819"}],"curies":[{"name":"wp","href":"https:\/\/api.w.org\/{rel}","templated":true}]}}