{"id":116817,"date":"2021-08-08T00:00:00","date_gmt":"2021-08-07T22:00:00","guid":{"rendered":"http:\/\/gpl-love.com\/fr\/produit\/wordpress-support-all-in-one\/"},"modified":"2026-03-20T23:49:17","modified_gmt":"2026-03-20T22:49:17","slug":"wordpress-support-all-in-one","status":"publish","type":"product","link":"https:\/\/gpl-love.com\/fr\/produit\/wordpress-support-all-in-one\/","title":{"rendered":"WordPress Support All In One 2.2"},"content":{"rendered":"<h3>WordPress Support All In One Traits<\/h3>\n<p>Le support WordPress tout en un est une solution compl\u00e8te et globale qui r\u00e9pond \u00e0 votre gamme diversifi\u00e9e de besoins WordPress. Il propose une vaste gamme d&rsquo;outils, assurant une gestion transparente des sites Web. Ce service comprend diverses fonctionnalit\u00e9s indispensables telles que la maintenance du site Web, l&rsquo;optimisation, la s\u00e9curit\u00e9, les sauvegardes et le support. En utilisant les capacit\u00e9s remarquables de la prise en charge de WordPress en un, vous pouvez maintenir sans effort votre site Web \u00e0 jour et vous assurer sa fonctionnalit\u00e9 ininterrompue sans lutter contre les probl\u00e8mes techniques. Fabriqu\u00e9 avec la plus grande convivialit\u00e9 des utilisateurs, ce service poss\u00e8de une \u00e9quipe d\u00e9di\u00e9e d&rsquo;experts qui sont \u00e0 votre disposition 24\/7, facilement disponibles pour vous aider avec tous les d\u00e9fis que vous pourriez rencontrer. Quel que soit votre niveau de comp\u00e9tence, que ce soit un novice ou un utilisateur chevronn\u00e9, le support WordPress tout en un englobe tous les \u00e9l\u00e9ments essentiels n\u00e9cessaires pour assurer le fonctionnement fluide de votre site Web.<\/p>\n<ul>\n<li>Services de support WordPress complets dans un package pratique<\/li>\n<li>Disponible pour les particuliers et les entreprises de toutes tailles<\/li>\n<li>Service client rapide et r\u00e9actif avec des d\u00e9lais de redressement rapides<\/li>\n<li>\u00c9quipe de soutien exp\u00e9riment\u00e9e avec une connaissance approfondie de WordPress<\/li>\n<li>Assistance avec un large \u00e9ventail de probl\u00e8mes WordPress, y compris les installations, les mises \u00e0 jour, la s\u00e9curit\u00e9 et l&rsquo;optimisation des performances<\/li>\n<li>Des plans de support personnalis\u00e9s con\u00e7us pour r\u00e9pondre aux besoins sp\u00e9cifiques de chaque client<\/li>\n<li>Sauvegardes r\u00e9guli\u00e8res du site Web et analyses de s\u00e9curit\u00e9 pour assurer la protection des donn\u00e9es<\/li>\n<li>Acc\u00e8s \u00e0 une base de connaissances remplie d&rsquo;articles, de tutoriels et de conseils utiles<\/li>\n<li>Prix \u200b\u200babordable avec des options de paiement flexibles pour plus de commodit\u00e9<\/li>\n<li>La tranquillit\u00e9 d&rsquo;esprit sachant que votre site WordPress est entre de bonnes mains avec des services de soutien professionnels.<\/li>\n<\/ul>\n","protected":false},"excerpt":{"rendered":"<p>D\u00e9couvrez la commodit\u00e9 ultime de notre package complet de support WordPress! Avec notre support WordPress All in One, vous obtiendrez un acc\u00e8s 24\/7 exclusif et sans restriction \u00e0 notre \u00e9quipe de techniciens hautement qualifi\u00e9e, qui poss\u00e8de une expertise \u00e9tendue dans un large \u00e9ventail de domaines tels que l&rsquo;installation, la personnalisation, le d\u00e9pannage et les recommandations de plugin. De plus, vous aurez le privil\u00e8ge d&rsquo;acqu\u00e9rir sans effort des th\u00e8mes premium, des fonctionnalit\u00e9s de s\u00e9curit\u00e9 et des outils d&rsquo;optimisation des performances, en vous assurant que votre site Web fonctionne parfaitement et efficacement. Que vous soyez un blogueur d\u00e9di\u00e9, un propri\u00e9taire d&rsquo;une petite entreprise ou un utilisateur d&rsquo;entreprise, notre prise en charge WordPress All In One englobe tous les aspects essentiels n\u00e9cessaires pour maintenir la fonctionnalit\u00e9 transparente de votre site Web. Nous vous encourageons \u00e0 saisir cette opportunit\u00e9 et \u00e0 t\u00e9moigner de premi\u00e8re main l&rsquo;impact incroyable que le soutien expert, tout-en-un peut avoir sur votre pr\u00e9sence en ligne!<\/p>\n","protected":false},"featured_media":146120,"comment_status":"open","ping_status":"open","template":"","meta":[],"product_brand":[2710],"product_cat":[1189,1181,1186],"product_tag":[2227],"class_list":{"0":"post-116817","1":"product","2":"type-product","3":"status-publish","4":"has-post-thumbnail","6":"product_brand-ninjateam","7":"product_cat-personnalisation","8":"product_cat-plugins","9":"product_cat-wordpress-plugins","10":"product_tag-ninjateam","11":"member-discount","12":"discount-restricted","14":"first","15":"instock","16":"sale","17":"downloadable","18":"virtual","19":"sold-individually","20":"purchasable","21":"product-type-simple"},"_links":{"self":[{"href":"https:\/\/gpl-love.com\/fr\/wp-json\/wp\/v2\/product\/116817","targetHints":{"allow":["GET"]}}],"collection":[{"href":"https:\/\/gpl-love.com\/fr\/wp-json\/wp\/v2\/product"}],"about":[{"href":"https:\/\/gpl-love.com\/fr\/wp-json\/wp\/v2\/types\/product"}],"replies":[{"embeddable":true,"href":"https:\/\/gpl-love.com\/fr\/wp-json\/wp\/v2\/comments?post=116817"}],"wp:featuredmedia":[{"embeddable":true,"href":"https:\/\/gpl-love.com\/fr\/wp-json\/wp\/v2\/media\/146120"}],"wp:attachment":[{"href":"https:\/\/gpl-love.com\/fr\/wp-json\/wp\/v2\/media?parent=116817"}],"wp:term":[{"taxonomy":"product_brand","embeddable":true,"href":"https:\/\/gpl-love.com\/fr\/wp-json\/wp\/v2\/product_brand?post=116817"},{"taxonomy":"product_cat","embeddable":true,"href":"https:\/\/gpl-love.com\/fr\/wp-json\/wp\/v2\/product_cat?post=116817"},{"taxonomy":"product_tag","embeddable":true,"href":"https:\/\/gpl-love.com\/fr\/wp-json\/wp\/v2\/product_tag?post=116817"}],"curies":[{"name":"wp","href":"https:\/\/api.w.org\/{rel}","templated":true}]}}