{"id":116815,"date":"2021-08-08T00:00:00","date_gmt":"2021-08-07T22:00:00","guid":{"rendered":"http:\/\/gpl-love.com\/fr\/produit\/bp-story-instagram-style-stories-pour-wordpress\/"},"modified":"2026-03-20T22:57:21","modified_gmt":"2026-03-20T21:57:21","slug":"bp-story-instagram-style-stories-pour-wordpress","status":"publish","type":"product","link":"https:\/\/gpl-love.com\/fr\/produit\/bp-story-instagram-style-stories-pour-wordpress\/","title":{"rendered":"BP Story Instagram Style Stories pour WordPress 3.1.3"},"content":{"rendered":"<h3>BP Story Instagram Style Stories pour WordPress Traits<\/h3>\n<p>Les histoires de style BP Story Instagram pour WordPress sont un plugin incroyablement puissant qui offre une multitude de fonctionnalit\u00e9s et de fonctionnalit\u00e9s, apportant efficacement les histoires Instagram extr\u00eamement populaires directement \u00e0 votre propre site Web. L&rsquo;interface conviviale fournie par ce plugin permet la cr\u00e9ation sans effort d&rsquo;histoires visuellement \u00e9poustouflantes et tr\u00e8s captivantes qui ne peuvent pas saisir l&rsquo;attention indivise de votre public cible. De plus, ce plugin offre une large gamme d&rsquo;options de personnalisation, vous permettant d&rsquo;adapter vos histoires \u00e0 s&rsquo;aligner parfaitement avec et \u00e0 repr\u00e9senter efficacement votre identit\u00e9 de marque et votre style personnel uniques. Avec ce plugin \u00e0 votre disposition, vous avez la possibilit\u00e9 d&rsquo;incorporer sans effort du texte, des images, des vid\u00e9os, ainsi que des hyperliens vers votre site Web ou d&rsquo;autres profils de m\u00e9dias sociaux dans vos histoires, permettant une int\u00e9gration transparente et une exp\u00e9rience utilisateur am\u00e9lior\u00e9e. De plus, la compatibilit\u00e9 de ce plugin avec tous les th\u00e8mes WordPress accompagn\u00e9s de son optimisation pour les appareils mobiles garantit que vos histoires seront absolument impeccables, quelle que soit la taille de l&rsquo;\u00e9cran sur laquelle ils sont consult\u00e9s. En incorporant les histoires de style BP Story Instagram pour WordPress dans votre site Web, vous prenez essentiellement votre plate-forme en ligne \u00e0 des hauteurs in\u00e9gal\u00e9es, r\u00e9volutionnant efficacement la fa\u00e7on dont vous vous engagez avec et captivez votre public, d\u00e9passant ainsi tous les niveaux de r\u00e9ussite et de r\u00e9ussite pr\u00e9c\u00e9dents.<\/p>\n<ul>\n<li>Capacit\u00e9 \u00e0 cr\u00e9er des exp\u00e9riences d&rsquo;histoire engageantes et immersives sur votre site WordPress<\/li>\n<li>Interface facile \u00e0 utiliser similaire aux histoires Instagram<\/li>\n<li>Mod\u00e8les personnalisables pour s&rsquo;adapter \u00e0 votre marque ou \u00e0 votre style personnel<\/li>\n<li>Design complet et compatible mobile pour une visualisation optimale sur tous les appareils<\/li>\n<li>Int\u00e9gration avec des plateformes de m\u00e9dias sociaux populaires pour un partage facile et une port\u00e9e accrue<\/li>\n<li>Options d&rsquo;ajout d&rsquo;\u00e9l\u00e9ments interactifs comme les sondages, les quiz et le compte \u00e0 rebours pour augmenter l&rsquo;engagement<\/li>\n<li>Analytique et informations pour suivre l&rsquo;engagement et prendre des d\u00e9cisions de contenu bas\u00e9es sur les donn\u00e9es<\/li>\n<li>Int\u00e9gration transparente avec votre site WordPress existant, sans comp\u00e9tences de codage requises<\/li>\n<li>Mises \u00e0 jour r\u00e9guli\u00e8res et soutien pour assurer la compatibilit\u00e9 avec les derni\u00e8res tendances et technologies<\/li>\n<\/ul>\n","protected":false},"excerpt":{"rendered":"<p>Rendez votre site WordPress plus engageant avec BP Story Plugin, inspir\u00e9 des histoires de style Instagram. Avec BP Story, vous pouvez partager sans effort des mises \u00e0 jour quotidiennes, des offres sp\u00e9ciales ou des aper\u00e7us en coulisses dans un format immersif et plein \u00e9cran. Ce plugin am\u00e9liore non seulement l&rsquo;attrait visuel de votre site, mais stimule \u00e9galement l&rsquo;engagement des utilisateurs. Les utilisateurs peuvent cr\u00e9er, modifier et t\u00e9l\u00e9charger leurs propres histoires, favorisant une communaut\u00e9 dynamique et interactive. De plus, BP Story prend en charge le contenu multim\u00e9dia, permettant aux histoires de prendre vie avec des images, des vid\u00e9os et des GIF. Que vous soyez un blogueur, un site de commerce \u00e9lectronique ou une entreprise, BP Story est l&rsquo;outil parfait pour garder votre public accroch\u00e9 et revenir pour plus. D\u00e9veloppez vos capacit\u00e9s WordPress et enrichissez votre exp\u00e9rience utilisateur avec les histoires de style Instagram de BP Story!<\/p>\n","protected":false},"featured_media":143311,"comment_status":"open","ping_status":"open","template":"","meta":[],"product_brand":[2435],"product_cat":[1189,1181,1186],"product_tag":[1231],"class_list":{"0":"post-116815","1":"product","2":"type-product","3":"status-publish","4":"has-post-thumbnail","6":"product_brand-codecanyon","7":"product_cat-personnalisation","8":"product_cat-plugins","9":"product_cat-wordpress-plugins","10":"product_tag-codecanyon","11":"member-discount","12":"discount-restricted","14":"first","15":"instock","16":"sale","17":"downloadable","18":"virtual","19":"sold-individually","20":"purchasable","21":"product-type-simple"},"_links":{"self":[{"href":"https:\/\/gpl-love.com\/fr\/wp-json\/wp\/v2\/product\/116815","targetHints":{"allow":["GET"]}}],"collection":[{"href":"https:\/\/gpl-love.com\/fr\/wp-json\/wp\/v2\/product"}],"about":[{"href":"https:\/\/gpl-love.com\/fr\/wp-json\/wp\/v2\/types\/product"}],"replies":[{"embeddable":true,"href":"https:\/\/gpl-love.com\/fr\/wp-json\/wp\/v2\/comments?post=116815"}],"wp:featuredmedia":[{"embeddable":true,"href":"https:\/\/gpl-love.com\/fr\/wp-json\/wp\/v2\/media\/143311"}],"wp:attachment":[{"href":"https:\/\/gpl-love.com\/fr\/wp-json\/wp\/v2\/media?parent=116815"}],"wp:term":[{"taxonomy":"product_brand","embeddable":true,"href":"https:\/\/gpl-love.com\/fr\/wp-json\/wp\/v2\/product_brand?post=116815"},{"taxonomy":"product_cat","embeddable":true,"href":"https:\/\/gpl-love.com\/fr\/wp-json\/wp\/v2\/product_cat?post=116815"},{"taxonomy":"product_tag","embeddable":true,"href":"https:\/\/gpl-love.com\/fr\/wp-json\/wp\/v2\/product_tag?post=116815"}],"curies":[{"name":"wp","href":"https:\/\/api.w.org\/{rel}","templated":true}]}}