{"id":116813,"date":"2021-08-08T00:00:00","date_gmt":"2021-08-07T22:00:00","guid":{"rendered":"http:\/\/gpl-love.com\/fr\/produit\/glossary-pro-wordpress-plugin\/"},"modified":"2026-03-20T23:17:11","modified_gmt":"2026-03-20T22:17:11","slug":"glossary-pro-wordpress-plugin","status":"publish","type":"product","link":"https:\/\/gpl-love.com\/fr\/produit\/glossary-pro-wordpress-plugin\/","title":{"rendered":"Glossary Pro WordPress Plugin 2.0.13"},"content":{"rendered":"<h3>Glossary Pro WordPress Plugin Traits<\/h3>\n<p>Le plugin Glossary Pro WordPress est un outil exceptionnellement puissant qui r\u00e9pond aux besoins des propri\u00e9taires de sites Web et des cr\u00e9ateurs de contenu qui souhaitent offrir des d\u00e9finitions et des explications compl\u00e8tes des termes et du jargon sp\u00e9cifiques \u00e0 l&rsquo;industrie. Avec l&rsquo;utilisation de ce plugin, la cr\u00e9ation et la gestion sans effort d&rsquo;un glossaire des termes auxquels les visiteurs peuvent acc\u00e9der facilement \u00e0 partir de n&rsquo;importe quelle page de votre site Web devient une r\u00e9alit\u00e9. De plus, le glossaire peut \u00eatre m\u00e9ticuleusement adapt\u00e9 pour s&rsquo;aligner sur l&rsquo;esth\u00e9tique de votre marque, tout en permettant \u00e0 l&rsquo;inclusion de contenu multim\u00e9dia, tels que des images visuellement captivantes et des vid\u00e9os informatives, pour enrichir l&rsquo;exp\u00e9rience utilisateur globale. De plus, le Glossary Pro remarquable comprend des outils d&rsquo;optimisation SEO qui servent \u00e0 \u00e9lever consid\u00e9rablement votre visibilit\u00e9 sur les moteurs de recherche, facilitant ainsi la d\u00e9couverte transparente de votre contenu par votre public cible vis\u00e9. Ind\u00e9pendamment de savoir si vous exploitez un blog, une plate-forme de commerce \u00e9lectronique ou un site Web riche en informations, les capacit\u00e9s remarquables du plugin Glossary Pro WordPress sont garanties pour vous aider \u00e0 fournir des informations inestimables \u00e0 vos visiteurs estim\u00e9s, ce qui a finalement abouti \u00e0 l&rsquo;augmentation de l&rsquo;augmentation Engagement des utilisateurs.<\/p>\n<ul>\n<li>Glossary Pro est un puissant plugin WordPress con\u00e7u pour cr\u00e9er et g\u00e9rer des glossaires dans votre site Web.<\/li>\n<li>Avec Glossary Pro, vous pouvez facilement d\u00e9finir des termes, surveiller et modifier vos entr\u00e9es de glossaire en un seul endroit.<\/li>\n<li>Ajoutez des liens vers vos termes de glossaire pour acheminer vos visiteurs vers des publications, des pages ou des ressources externes connexes.<\/li>\n<li>Cr\u00e9ez des infractions personnalis\u00e9es pour afficher vos d\u00e9finitions de glossaires de mani\u00e8re visuellement attrayante sans compromettre l&rsquo;esth\u00e9tique de votre site Web.<\/li>\n<li>Glossary Pro est livr\u00e9 avec une gamme de fonctionnalit\u00e9s, notamment la liaison automatique, la prise en charge de la rupture de fil et la pagination pour faciliter la navigation pour les visiteurs de votre glossaire.<\/li>\n<li>Le plugin est enti\u00e8rement personnalisable avec la possibilit\u00e9 de modifier presque tous les aspects de Glossary Pro, des polices aux info-bulles.<\/li>\n<li>Utilisez ce plugin WordPress pour ajouter de la profondeur et du contexte au contenu de votre site Web et mieux engager votre public.<\/li>\n<li>Glossary Pro est facile \u00e0 installer et l&rsquo;interface conviviale facilite l&rsquo;ajout, g\u00e9rer et personnaliser votre glossaire.<\/li>\n<\/ul>\n","protected":false},"excerpt":{"rendered":"<p>Pour les personnes qui poss\u00e8dent un site Web ou qui sont engag\u00e9es dans les blogs et le d\u00e9sir de rationaliser leur processus de cr\u00e9ation de contenu, l&rsquo;indispensabilit\u00e9 du plugin Glossary Pro WordPress ne peut pas \u00eatre surestim\u00e9e. Ce plugin extr\u00eamement puissant vous donne la possibilit\u00e9 de g\u00e9n\u00e9rer et d&rsquo;administrer sans effort des glossaires sur votre site Web, facilitant ainsi la compr\u00e9hension de vos lecteurs de toute terminologie complexe ou vernaculaire employ\u00e9e dans votre contenu. Arm\u00e9 du plugin Glossary Pro WordPress, vous avez la capacit\u00e9 d&rsquo;ajouter rapidement les d\u00e9finitions, les synonymes et m\u00eame l&rsquo;imagerie \u00e0 vos \u00e9l\u00e9ments de glossaire, cultivant ainsi un environnement qui favorise l&rsquo;engagement et l&rsquo;illumination am\u00e9lior\u00e9s pour votre lectorat. Que vous vous identifiiez en tant que blogueur, sp\u00e9cialiste du marketing de contenu ou propri\u00e9taire d&rsquo;une entreprise \u00e0 petite \u00e9chelle, le plugin Glossary Pro WordPress constitue un outil polyvalent et convivial qui poss\u00e8de un immense potentiel en catapultant votre site Web \u00e0 des hauteurs sans pr\u00e9c\u00e9dent.<\/p>\n","protected":false},"featured_media":144029,"comment_status":"open","ping_status":"open","template":"","meta":[],"product_brand":[2562],"product_cat":[1189,1181,1186],"product_tag":[2226],"class_list":{"0":"post-116813","1":"product","2":"type-product","3":"status-publish","4":"has-post-thumbnail","6":"product_brand-codeat","7":"product_cat-personnalisation","8":"product_cat-plugins","9":"product_cat-wordpress-plugins","10":"product_tag-codeat","11":"member-discount","12":"discount-restricted","14":"first","15":"instock","16":"sale","17":"downloadable","18":"virtual","19":"sold-individually","20":"purchasable","21":"product-type-simple"},"_links":{"self":[{"href":"https:\/\/gpl-love.com\/fr\/wp-json\/wp\/v2\/product\/116813","targetHints":{"allow":["GET"]}}],"collection":[{"href":"https:\/\/gpl-love.com\/fr\/wp-json\/wp\/v2\/product"}],"about":[{"href":"https:\/\/gpl-love.com\/fr\/wp-json\/wp\/v2\/types\/product"}],"replies":[{"embeddable":true,"href":"https:\/\/gpl-love.com\/fr\/wp-json\/wp\/v2\/comments?post=116813"}],"wp:featuredmedia":[{"embeddable":true,"href":"https:\/\/gpl-love.com\/fr\/wp-json\/wp\/v2\/media\/144029"}],"wp:attachment":[{"href":"https:\/\/gpl-love.com\/fr\/wp-json\/wp\/v2\/media?parent=116813"}],"wp:term":[{"taxonomy":"product_brand","embeddable":true,"href":"https:\/\/gpl-love.com\/fr\/wp-json\/wp\/v2\/product_brand?post=116813"},{"taxonomy":"product_cat","embeddable":true,"href":"https:\/\/gpl-love.com\/fr\/wp-json\/wp\/v2\/product_cat?post=116813"},{"taxonomy":"product_tag","embeddable":true,"href":"https:\/\/gpl-love.com\/fr\/wp-json\/wp\/v2\/product_tag?post=116813"}],"curies":[{"name":"wp","href":"https:\/\/api.w.org\/{rel}","templated":true}]}}