{"id":116811,"date":"2021-08-08T00:00:00","date_gmt":"2021-08-07T22:00:00","guid":{"rendered":"http:\/\/gpl-love.com\/fr\/produit\/qreate-creative-agency-wordpress-theme\/"},"modified":"2026-04-10T18:37:34","modified_gmt":"2026-04-10T16:37:34","slug":"qreate-creative-agency-wordpress-theme","status":"publish","type":"product","link":"https:\/\/gpl-love.com\/fr\/produit\/qreate-creative-agency-wordpress-theme\/","title":{"rendered":"Qreate Creative Agency WordPress Theme 1.1.1"},"content":{"rendered":"<h3>Qreate Creative Agency WordPress Theme Traits<\/h3>\n<p>Le th\u00e8me WordPress de l&rsquo;agence de cr\u00e9ation Qreate se pr\u00e9sente comme une solution impeccable sp\u00e9cialement con\u00e7ue pour les personnes op\u00e9rant dans l&rsquo;industrie cr\u00e9ative. B\u00e9n\u00e9ficiant d&rsquo;un design contemporain et \u00e9l\u00e9gant, ce th\u00e8me offre une vaste gamme d&rsquo;options de personnalisation, facilitant ainsi la cr\u00e9ation d&rsquo;un site Web distinctif et professionnel. De plus, le th\u00e8me est enti\u00e8rement r\u00e9actif, garantissant ainsi son adaptabilit\u00e9 transparente \u00e0 tout dispositif de navigation. De plus, il a \u00e9t\u00e9 m\u00e9ticuleusement optimis\u00e9 \u00e0 des fins de r\u00e9f\u00e9rencement, garantissant un classement favorable sur divers moteurs de recherche. De plus, le th\u00e8me Qreate poss\u00e8de une compatibilit\u00e9 WooCommerce, permettant sans effort aux utilisateurs de donner directement leurs produits ou services via leur site Web. De plus, le th\u00e8me poss\u00e8de un constructeur de pages de glisser-d\u00e9poser intuitif, simplifiant le processus de fabrication de pages et de publications engageants. De plus, le th\u00e8me comprend une s\u00e9lection diversifi\u00e9e de mod\u00e8les pr\u00e9-con\u00e7us, y compris le portefeuille, le blog et les pages de contact, qui peuvent tous \u00eatre adapt\u00e9s sans effort pour r\u00e9pondre aux exigences sp\u00e9cifiques de l&rsquo;utilisateur. En utilisant le th\u00e8me WordPress de l&rsquo;agence de cr\u00e9ation Qreate, les individus poss\u00e9deront une bo\u00eete \u00e0 outils compl\u00e8te, les permettant de montrer efficacement leurs cr\u00e9ations et des clients potentiels en allure.<\/p>\n<ul>\n<li>Un th\u00e8me WordPress moderne et \u00e9l\u00e9gant con\u00e7u sp\u00e9cifiquement pour les agences de cr\u00e9ation<\/li>\n<li>Conception enti\u00e8rement r\u00e9active qui a fi\u00e8re allure sur tous les appareils<\/li>\n<li>Options de personnalisation faciles avec un constructeur de pages int\u00e9gr\u00e9 et de nombreux widgets<\/li>\n<li>Une vari\u00e9t\u00e9 de pages et de dispositions pr\u00e9d\u00e9finies pour le portefeuille, l&rsquo;\u00e9quipe, les services, et plus<\/li>\n<li>Int\u00e9gration avec des plugins populaires comme le formulaire de contact 7 et MailChimp<\/li>\n<li>Optimisation SEO et vitesse de chargement rapide<\/li>\n<li>Mises \u00e0 jour \u00e0 vie et soutien des d\u00e9veloppeurs du th\u00e8me<\/li>\n<li>Compatibilit\u00e9 entre les navigateurs avec tous les principaux navigateurs Web<\/li>\n<li>Interface conviviale avec une navigation intuitive et des informations faciles \u00e0 trouver.<\/li>\n<\/ul>\n","protected":false},"excerpt":{"rendered":"<p>Nous sommes ravis de vous pr\u00e9senter le th\u00e8me WordPress de l&rsquo;agence de cr\u00e9ation Qreate, une solution impeccable et in\u00e9gal\u00e9e m\u00e9ticuleusement con\u00e7ue pour les individus et les organisations de l&rsquo;industrie cr\u00e9ative qui aspirent \u00e0 exposer leurs travaux et services exceptionnels dans le vaste domaine du monde num\u00e9rique. B\u00e9n\u00e9ficiant d&rsquo;un design contemporain et \u00e0 la mode, Qreate englobe une interface conviviale et une vaste gamme de fonctionnalit\u00e9s personnalisables, vous permettant de fa\u00e7onner un site Web qui se distingue sans effort au milieu de la multitude de plates-formes en ligne. Que vous cherchiez \u00e0 pr\u00e9senter votre portefeuille, \u00e0 annoncer vos services ou \u00e0 raconter l&rsquo;histoire captivante de votre marque, Qreate simplifie la t\u00e2che ardue et vous permet de manifester facilement vos ambitions. Alors, pourquoi retarder plus longtemps? Embarquez dans ce voyage transformateur aujourd&rsquo;hui et propulsez votre pr\u00e9sence en ligne \u00e0 des sommets sans pr\u00e9c\u00e9dent en embrassant le remarquable Qreate!<\/p>\n","protected":false},"featured_media":145060,"comment_status":"open","ping_status":"open","template":"","meta":[],"product_brand":[2433],"product_cat":[1242,1212,1213],"product_tag":[1366],"class_list":{"0":"post-116811","1":"product","2":"type-product","3":"status-publish","4":"has-post-thumbnail","6":"product_brand-themeforest","7":"product_cat-creatif","8":"product_cat-themes","9":"product_cat-wordpress-themes","10":"product_tag-themeforest","11":"member-discount","12":"discount-restricted","14":"first","15":"instock","16":"sale","17":"downloadable","18":"virtual","19":"sold-individually","20":"purchasable","21":"product-type-simple"},"_links":{"self":[{"href":"https:\/\/gpl-love.com\/fr\/wp-json\/wp\/v2\/product\/116811","targetHints":{"allow":["GET"]}}],"collection":[{"href":"https:\/\/gpl-love.com\/fr\/wp-json\/wp\/v2\/product"}],"about":[{"href":"https:\/\/gpl-love.com\/fr\/wp-json\/wp\/v2\/types\/product"}],"replies":[{"embeddable":true,"href":"https:\/\/gpl-love.com\/fr\/wp-json\/wp\/v2\/comments?post=116811"}],"wp:featuredmedia":[{"embeddable":true,"href":"https:\/\/gpl-love.com\/fr\/wp-json\/wp\/v2\/media\/145060"}],"wp:attachment":[{"href":"https:\/\/gpl-love.com\/fr\/wp-json\/wp\/v2\/media?parent=116811"}],"wp:term":[{"taxonomy":"product_brand","embeddable":true,"href":"https:\/\/gpl-love.com\/fr\/wp-json\/wp\/v2\/product_brand?post=116811"},{"taxonomy":"product_cat","embeddable":true,"href":"https:\/\/gpl-love.com\/fr\/wp-json\/wp\/v2\/product_cat?post=116811"},{"taxonomy":"product_tag","embeddable":true,"href":"https:\/\/gpl-love.com\/fr\/wp-json\/wp\/v2\/product_tag?post=116811"}],"curies":[{"name":"wp","href":"https:\/\/api.w.org\/{rel}","templated":true}]}}