{"id":116809,"date":"2021-08-07T00:00:00","date_gmt":"2021-08-06T22:00:00","guid":{"rendered":"http:\/\/gpl-love.com\/fr\/produit\/nyla-a-fresh-et-modern-woocommerce-theme\/"},"modified":"2026-04-10T18:34:54","modified_gmt":"2026-04-10T16:34:54","slug":"nyla-a-fresh-et-modern-woocommerce-theme","status":"publish","type":"product","link":"https:\/\/gpl-love.com\/fr\/produit\/nyla-a-fresh-et-modern-woocommerce-theme\/","title":{"rendered":"Nyla A Fresh et Modern WooCommerce Theme 1.6.11"},"content":{"rendered":"<h3>Nyla A Fresh et Modern WooCommerce Theme Traits<\/h3>\n<p>Nyla, un th\u00e8me WooCommerce exceptionnel et contemporain, incarne la solution ultime pour tout magasin virtuel. Son design immacul\u00e9 et sophistiqu\u00e9 garantit sans \u00e9quivoque que vos produits rayeront de brillance. Le th\u00e8me est \u00e9quip\u00e9 d&rsquo;une r\u00e9activit\u00e9 compl\u00e8te, garantissant ainsi son adaptabilit\u00e9 transparente sur tous les appareils, allant des ordinateurs de bureau conventionnels aux t\u00e9l\u00e9phones mobiles toujours pr\u00e9sents. De plus, vous poss\u00e9dez la capacit\u00e9 de personnaliser le th\u00e8me en fonction des teintes et du design distinctifs de votre marque, augment\u00e9s par un \u00e9ventail de dispositions de page d&rsquo;accueil m\u00e9ticuleusement con\u00e7ues qui sont \u00e0 votre disposition. L&rsquo;interface conviviale de Nyla et le processus de configuration sans effort en font un choix in\u00e9gal\u00e9 pour les propri\u00e9taires de magasins num\u00e9riques assaisonn\u00e9s et naissants. En conclusion, Nyla repr\u00e9sente une alternative extraordinaire pour les individus \u00e0 la recherche d&rsquo;un th\u00e8me WooCommerce de pointe, \u00e0 la mode et convivial.<\/p>\n<ul>\n<li>Design \u00e9l\u00e9gant et moderne, parfait pour toute boutique en ligne<\/li>\n<li>Facile \u00e0 personnaliser avec diverses options et fonctionnalit\u00e9s int\u00e9gr\u00e9es<\/li>\n<li>Tr\u00e8s r\u00e9actif et convivial pour une exp\u00e9rience d&rsquo;achat sans couture sur n&rsquo;importe quel appareil<\/li>\n<li>Int\u00e9gration avec des plugins et des extensions populaires pour une fonctionnalit\u00e9 am\u00e9lior\u00e9e<\/li>\n<li>Optimis\u00e9 pour la vitesse et les performances pour des temps de chargement plus rapides et un SEO am\u00e9lior\u00e9<\/li>\n<li>Options de disposition flexibles pour s&rsquo;adapter \u00e0 tous les produits ou esth\u00e9tiques de la marque<\/li>\n<li>Documentation d\u00e9taill\u00e9e et support utile pour une exp\u00e9rience en douceur et une exp\u00e9rience d&rsquo;utilisation<\/li>\n<li>Mises \u00e0 jour et am\u00e9liorations r\u00e9guli\u00e8res pour assurer la compatibilit\u00e9 et la satisfaction continue.<\/li>\n<\/ul>\n","protected":false},"excerpt":{"rendered":"<p>Permettez-moi de vous pr\u00e9senter Nyla, un th\u00e8me WooCommerce exquis et contemporain habilement con\u00e7u pour montrer votre emporium virtuel de mani\u00e8re chic et raffin\u00e9e. Id\u00e9al pour les royaumes de la mode, de la beaut\u00e9, du style de vie et des produits de maison, la disposition immacul\u00e9e de Nyla et la navigation compr\u00e9hensible sans effort garantissent une exp\u00e9rience transparente pour les acheteurs potentiels, leur permettant de parcourir sans effort et de faire des achats de votre \u00e9ventail \u00e9tonnant de marchandises. B\u00e9n\u00e9ficiant d&rsquo;une pl\u00e9thore d&rsquo;attributs personnalisables et d&rsquo;une esth\u00e9tique \u00e9l\u00e9gante et de pointe, Nyla poss\u00e8de sans aucun doute le pouvoir de propulser votre magasin num\u00e9rique \u00e0 des hauteurs de succ\u00e8s sans pr\u00e9c\u00e9dent.<\/p>\n","protected":false},"featured_media":144832,"comment_status":"open","ping_status":"open","template":"","meta":[],"product_brand":[2433],"product_cat":[1238,1851,1212],"product_tag":[1366],"class_list":{"0":"post-116809","1":"product","2":"type-product","3":"status-publish","4":"has-post-thumbnail","6":"product_brand-themeforest","7":"product_cat-commerce-electronique-themes","8":"product_cat-entreprise-commerce-electronique-themes","9":"product_cat-themes","10":"product_tag-themeforest","11":"member-discount","12":"discount-restricted","14":"first","15":"instock","16":"sale","17":"downloadable","18":"virtual","19":"sold-individually","20":"purchasable","21":"product-type-simple"},"_links":{"self":[{"href":"https:\/\/gpl-love.com\/fr\/wp-json\/wp\/v2\/product\/116809","targetHints":{"allow":["GET"]}}],"collection":[{"href":"https:\/\/gpl-love.com\/fr\/wp-json\/wp\/v2\/product"}],"about":[{"href":"https:\/\/gpl-love.com\/fr\/wp-json\/wp\/v2\/types\/product"}],"replies":[{"embeddable":true,"href":"https:\/\/gpl-love.com\/fr\/wp-json\/wp\/v2\/comments?post=116809"}],"wp:featuredmedia":[{"embeddable":true,"href":"https:\/\/gpl-love.com\/fr\/wp-json\/wp\/v2\/media\/144832"}],"wp:attachment":[{"href":"https:\/\/gpl-love.com\/fr\/wp-json\/wp\/v2\/media?parent=116809"}],"wp:term":[{"taxonomy":"product_brand","embeddable":true,"href":"https:\/\/gpl-love.com\/fr\/wp-json\/wp\/v2\/product_brand?post=116809"},{"taxonomy":"product_cat","embeddable":true,"href":"https:\/\/gpl-love.com\/fr\/wp-json\/wp\/v2\/product_cat?post=116809"},{"taxonomy":"product_tag","embeddable":true,"href":"https:\/\/gpl-love.com\/fr\/wp-json\/wp\/v2\/product_tag?post=116809"}],"curies":[{"name":"wp","href":"https:\/\/api.w.org\/{rel}","templated":true}]}}