{"id":116807,"date":"2025-12-18T00:00:00","date_gmt":"2025-12-17T23:00:00","guid":{"rendered":"http:\/\/gpl-love.com\/fr\/produit\/multistep-checkout-pro-pour-woocommerce\/"},"modified":"2026-03-20T23:25:53","modified_gmt":"2026-03-20T22:25:53","slug":"multistep-checkout-pro-pour-woocommerce","status":"publish","type":"product","link":"https:\/\/gpl-love.com\/fr\/produit\/multistep-checkout-pro-pour-woocommerce\/","title":{"rendered":"Multistep Checkout Pro pour WooCommerce 2.43"},"content":{"rendered":"<h3>Multistep Checkout Pro pour WooCommerce Traits<\/h3>\n<p>Le PRO de Checkout Pro de WooCommerce est un plugin remarquablement efficace et convivial qui vise \u00e0 rationaliser le processus de paiement pour les propri\u00e9taires de magasins en ligne. Il y parvient en mettant en \u0153uvre un processus de paiement en plusieurs \u00e9tapes qui d\u00e9compose efficacement les formes longues en \u00e9tapes plus g\u00e9rables, facilitant ainsi une exp\u00e9rience plus facile et plus transparente pour les clients lors de la fin de leurs achats. Ce plugin offre l&rsquo;avantage suppl\u00e9mentaire de vous permettre de personnaliser et de concevoir la page de paiement d&rsquo;une mani\u00e8re qui s&rsquo;aligne sur la marque de votre magasin, am\u00e9liorant finalement l&rsquo;exp\u00e9rience utilisateur globale. Non seulement il contribue de mani\u00e8re significative \u00e0 une meilleure satisfaction des clients en simplifiant le processus de paiement, mais il aborde \u00e9galement efficacement la question des taux d&rsquo;abandon de CART et augmente par la suite les conversions, conduisant finalement \u00e0 une g\u00e9n\u00e9ration de revenus plus \u00e9lev\u00e9e pour votre entreprise. En outre, il convient de noter que la caisse multisttep Pro pour WooCommerce est fi\u00e8re de fournir un support r\u00e9actif et des mises \u00e0 jour r\u00e9guli\u00e8res pour assurer sa compatibilit\u00e9 avec les versions les plus r\u00e9centes de WooCommerce. En r\u00e9sum\u00e9, il s&rsquo;agit d&rsquo;un outil indispensable pour tout propri\u00e9taire de magasin WooCommerce cherchant \u00e0 optimiser leur processus de paiement et \u00e0 \u00e9lever l&rsquo;exp\u00e9rience d&rsquo;achat pour leurs pr\u00e9cieux clients.<\/p>\n<ul>\n<li>Rationalise le processus de paiement pour les clients en le d\u00e9composant en \u00e9tapes individuelles<\/li>\n<li>R\u00e9duit les taux d&rsquo;abandon des pannes et augmente les taux de conversion<\/li>\n<li>Hautement personnalisable pour s&rsquo;adapter \u00e0 l&rsquo;apparence de votre boutique en ligne<\/li>\n<li>Permet plusieurs options de paiement, y compris PayPal, Stripe et Credit Card<\/li>\n<li>Fournit une exp\u00e9rience de paiement adapt\u00e9e aux mobiles pour les clients \u00e0 l&rsquo;heure actuelle<\/li>\n<li>Offre des tarifs d&rsquo;exp\u00e9dition en temps r\u00e9el et des estimations de date de livraison<\/li>\n<li>Comprend la possibilit\u00e9 d&rsquo;ajouter des champs personnalis\u00e9s pour des informations suppl\u00e9mentaires sur les clients ou des instructions sp\u00e9ciales<\/li>\n<li>Compatible avec WooCommerce et WordPress<\/li>\n<li>Int\u00e9gre parfaitement avec d&rsquo;autres plugins WooCommerce populaires pour une fonctionnalit\u00e9 am\u00e9lior\u00e9e<\/li>\n<li>Offre un excellent support et documentation pour une configuration et une utilisation faciles.<\/li>\n<\/ul>\n","protected":false},"excerpt":{"rendered":"<p>MultiStep Checkout Pro for WooCommerce est un plugin incroyablement robuste et efficace qui vise \u00e0 optimiser et \u00e0 rationaliser le processus de paiement sur votre boutique WooCommerce, en fin de compte d&rsquo;une exp\u00e9rience fluide et sans tracas pour vos pr\u00e9cieux clients. En incorporant un syst\u00e8me de caisse dynamique en plusieurs \u00e9tapes, ce plugin vous permet d&rsquo;\u00e9lever la satisfaction des utilisateurs tout en am\u00e9liorant simultan\u00e9ment la probabilit\u00e9 de convertir les prospects potentiels en ventes r\u00e9ussies. De plus, ce plugin exceptionnel poss\u00e8de une vaste gamme d&rsquo;options hautement personnalisables, vous permettant d&rsquo;adapter sans effort les diff\u00e9rentes \u00e9tapes de paiement et l&rsquo;interface utilisateur pour s&rsquo;aligner parfaitement avec l&rsquo;esth\u00e9tique unique de votre marque. De plus, MultiStep Checkout Pro pour WooCommerce s&rsquo;int\u00e8gre de mani\u00e8re transparente \u00e0 un assortiment de passerelles de paiement renomm\u00e9es, solidifiant son statut d&rsquo;outil essentiel et indispensable pour toute entreprise de commerce \u00e9lectronique. \u00c9quipez-vous de ce plugin remarquable et pr\u00e9parez-vous \u00e0 assister \u00e0 une augmentation substantielle des ventes, tout en d\u00e9passant les attentes de vos clients et en d\u00e9passant les rep\u00e8res de l&rsquo;industrie pour la satisfaction des clients.<\/p>\n","protected":false},"featured_media":144601,"comment_status":"open","ping_status":"open","template":"","meta":[],"product_brand":[2597],"product_cat":[1182,1223,1181],"product_tag":[1835],"class_list":{"0":"post-116807","1":"product","2":"type-product","3":"status-publish","4":"has-post-thumbnail","6":"product_brand-silkypress","7":"product_cat-commerce-electronique-plugins","8":"product_cat-personnalisation-commerce-electronique-plugins","9":"product_cat-plugins","10":"product_tag-silkypress","11":"member-discount","12":"discount-restricted","14":"first","15":"instock","16":"sale","17":"downloadable","18":"virtual","19":"sold-individually","20":"purchasable","21":"product-type-simple"},"_links":{"self":[{"href":"https:\/\/gpl-love.com\/fr\/wp-json\/wp\/v2\/product\/116807","targetHints":{"allow":["GET"]}}],"collection":[{"href":"https:\/\/gpl-love.com\/fr\/wp-json\/wp\/v2\/product"}],"about":[{"href":"https:\/\/gpl-love.com\/fr\/wp-json\/wp\/v2\/types\/product"}],"replies":[{"embeddable":true,"href":"https:\/\/gpl-love.com\/fr\/wp-json\/wp\/v2\/comments?post=116807"}],"wp:featuredmedia":[{"embeddable":true,"href":"https:\/\/gpl-love.com\/fr\/wp-json\/wp\/v2\/media\/144601"}],"wp:attachment":[{"href":"https:\/\/gpl-love.com\/fr\/wp-json\/wp\/v2\/media?parent=116807"}],"wp:term":[{"taxonomy":"product_brand","embeddable":true,"href":"https:\/\/gpl-love.com\/fr\/wp-json\/wp\/v2\/product_brand?post=116807"},{"taxonomy":"product_cat","embeddable":true,"href":"https:\/\/gpl-love.com\/fr\/wp-json\/wp\/v2\/product_cat?post=116807"},{"taxonomy":"product_tag","embeddable":true,"href":"https:\/\/gpl-love.com\/fr\/wp-json\/wp\/v2\/product_tag?post=116807"}],"curies":[{"name":"wp","href":"https:\/\/api.w.org\/{rel}","templated":true}]}}