{"id":116805,"date":"2026-03-13T00:00:00","date_gmt":"2026-03-12T23:00:00","guid":{"rendered":"http:\/\/gpl-love.com\/fr\/produit\/memberpress-wp-simple-pay-pro\/"},"modified":"2026-04-10T18:31:19","modified_gmt":"2026-04-10T16:31:19","slug":"memberpress-wp-simple-pay-pro","status":"publish","type":"product","link":"https:\/\/gpl-love.com\/fr\/produit\/memberpress-wp-simple-pay-pro\/","title":{"rendered":"MemberPress WP Simple Pay Pro 1.0.3"},"content":{"rendered":"<h3>MemberPress WP Simple Pay Pro Traits<\/h3>\n<p>MemberPress WP Simple Pay Pro est une solution de paiement robuste et tr\u00e8s efficace sp\u00e9cialement con\u00e7ue pour les sites Web WordPress. Il offre une large gamme de fonctionnalit\u00e9s qui vous permettent de recevoir sans effort les paiements de vos pr\u00e9cieux clients. Non seulement ce plugin exceptionnel vous permet de cr\u00e9er sans effort des formulaires de paiement personnalis\u00e9s, mais il vous permet \u00e9galement d&rsquo;accepter les paiements ponctuels et r\u00e9currents. De plus, il vous offre m\u00eame la capacit\u00e9 de vendre des produits num\u00e9riques, am\u00e9liorant la polyvalence de votre entreprise en ligne. L&rsquo;int\u00e9gration transparente entre ce plugin et MembrePress rationalise et simplifie davantage la gestion de vos abonnements et abonnements. De plus, la nature enti\u00e8rement personnalisable de WP Simple Pay Pro vous permet d&rsquo;exercer un contr\u00f4le total sur les aspects esth\u00e9tiques et fonctionnels de vos formulaires de paiement. Ainsi, que vous soyez engag\u00e9 dans la vente de biens tangibles, la fourniture de services ou la distribution de contenu num\u00e9rique, le membre WP Simple Pay Pro pr\u00e9sente une avenue hautement s\u00e9curis\u00e9e et conviviale pour faciliter les paiements sur votre site Web estim\u00e9.<\/p>\n<ul>\n<li>Int\u00e9gration transparente de MemberPress et WP Simple Pay Pro<\/li>\n<li>Permet une gestion facile de l&rsquo;abonnement pour facturer des paiements r\u00e9currents<\/li>\n<li>Capacit\u00e9 \u00e0 effectuer un paiement unique pour les frais non r\u00e9currents<\/li>\n<li>Formulaires de paiement personnalisables pour correspondre \u00e0 votre marque<\/li>\n<li>Traitement des paiements s\u00e9curis\u00e9s avec bande<\/li>\n<li>Rapports d\u00e9taill\u00e9s et historique des transactions pour une gestion et un suivi faciles<\/li>\n<li>Documentation d&rsquo;assistance utile et service client<\/li>\n<li>Capacit\u00e9 pour plusieurs niveaux de prix et plans d&rsquo;abonnement<\/li>\n<\/ul>\n","protected":false},"excerpt":{"rendered":"<p>Le membre WP simple Pay Pro est une solution de paiement exceptionnellement robuste et efficace sp\u00e9cialement con\u00e7ue pour les sites Web WordPress. Cet outil remarquable vous permet d&rsquo;\u00e9tablir et de personnaliser sans effort des options de paiement ainsi que des plans d&rsquo;abonnement sur votre site Web estim\u00e9, facilitant ainsi la mon\u00e9tisation lucrative de votre contenu inestimable et vous permettant finalement de g\u00e9n\u00e9rer des revenus substantiels. Avec son processus de configuration remarquablement convivial et simple et son interface utilisateur tr\u00e8s intuitive, vous pouvez rapidement vous lancer dans l&rsquo;acceptation des paiements en un rien de temps. Si vous vous efforcez de vendre des produits num\u00e9riques, des produits tangibles ou m\u00eame de fournir un contenu premium exclusif, soyez assur\u00e9 que ce plugin ph\u00e9nom\u00e9nal poss\u00e8de toutes les caract\u00e9ristiques et fonctionnalit\u00e9s essentielles pour r\u00e9pondre \u00e0 vos besoins et exigences diverses. De plus, il s&rsquo;int\u00e8gre de mani\u00e8re transparente au plugin Membelepress in\u00e9gal\u00e9, vous donnant ainsi une solution compl\u00e8te et holistique pour g\u00e9rer et superviser sans effort vos abonnements et paiements avec la plus grande efficacit\u00e9 et efficacit\u00e9. Ne perdez pas de temps et ne ressentez pas les avantages in\u00e9gal\u00e9s et les avantages inestimables du membre WP simple Pay Pro aujourd&rsquo;hui, et \u00e9l\u00e8ve votre entreprise en ligne \u00e0 des hauteurs de succ\u00e8s et de prosp\u00e9rit\u00e9 sans pr\u00e9c\u00e9dent.<\/p>\n","protected":false},"featured_media":144525,"comment_status":"open","ping_status":"open","template":"","meta":[],"product_brand":[2592],"product_cat":[1300,1181,1186],"product_tag":[1302],"class_list":{"0":"post-116805","1":"product","2":"type-product","3":"status-publish","4":"has-post-thumbnail","6":"product_brand-memberpress","7":"product_cat-adhesion","8":"product_cat-plugins","9":"product_cat-wordpress-plugins","10":"product_tag-memberpress","11":"member-discount","12":"discount-restricted","14":"first","15":"instock","16":"sale","17":"downloadable","18":"virtual","19":"sold-individually","20":"purchasable","21":"product-type-simple"},"_links":{"self":[{"href":"https:\/\/gpl-love.com\/fr\/wp-json\/wp\/v2\/product\/116805","targetHints":{"allow":["GET"]}}],"collection":[{"href":"https:\/\/gpl-love.com\/fr\/wp-json\/wp\/v2\/product"}],"about":[{"href":"https:\/\/gpl-love.com\/fr\/wp-json\/wp\/v2\/types\/product"}],"replies":[{"embeddable":true,"href":"https:\/\/gpl-love.com\/fr\/wp-json\/wp\/v2\/comments?post=116805"}],"wp:featuredmedia":[{"embeddable":true,"href":"https:\/\/gpl-love.com\/fr\/wp-json\/wp\/v2\/media\/144525"}],"wp:attachment":[{"href":"https:\/\/gpl-love.com\/fr\/wp-json\/wp\/v2\/media?parent=116805"}],"wp:term":[{"taxonomy":"product_brand","embeddable":true,"href":"https:\/\/gpl-love.com\/fr\/wp-json\/wp\/v2\/product_brand?post=116805"},{"taxonomy":"product_cat","embeddable":true,"href":"https:\/\/gpl-love.com\/fr\/wp-json\/wp\/v2\/product_cat?post=116805"},{"taxonomy":"product_tag","embeddable":true,"href":"https:\/\/gpl-love.com\/fr\/wp-json\/wp\/v2\/product_tag?post=116805"}],"curies":[{"name":"wp","href":"https:\/\/api.w.org\/{rel}","templated":true}]}}