{"id":116803,"date":"2021-08-07T00:00:00","date_gmt":"2021-08-06T22:00:00","guid":{"rendered":"http:\/\/gpl-love.com\/fr\/produit\/memberpress-woocommerce\/"},"modified":"2026-04-10T18:31:19","modified_gmt":"2026-04-10T16:31:19","slug":"memberpress-woocommerce","status":"publish","type":"product","link":"https:\/\/gpl-love.com\/fr\/produit\/memberpress-woocommerce\/","title":{"rendered":"MemberPress WooCommerce 1.0.5"},"content":{"rendered":"<h3>MemberPress WooCommerce Traits<\/h3>\n<p>MemberPress WooCommerce est une solution de commerce \u00e9lectronique tr\u00e8s robuste et sophistiqu\u00e9e qui offre aux utilisateurs la capacit\u00e9 remarquable de vendre et de g\u00e9rer efficacement les abonnements, d&rsquo;abonnements et de produits num\u00e9riques. Cette int\u00e9gration exceptionnelle sert de catalyseur \u00e0 vous accorder le pouvoir inestimable de r\u00e9guler m\u00e9ticuleusement l&rsquo;acc\u00e8s \u00e0 vos produits estim\u00e9s et \u00e0 un contenu inestimable, tous subordonn\u00e9s aux niveaux d&rsquo;adh\u00e9sion divers et distinctifs. De plus, il facilite \u00e9galement l&rsquo;automatisation des paiements r\u00e9currents et facilite la fourniture de remises exclusives aux membres r\u00e9solus et d\u00e9vou\u00e9s. Avec l&rsquo;assistance in\u00e9gal\u00e9e de MemberPress WooCommerce, vous \u00eates accord\u00e9 d&rsquo;un sens d&rsquo;autorit\u00e9 in\u00e9gal\u00e9 et de contr\u00f4le sur votre boutique en ligne estim\u00e9e, vous accordant ainsi la capacit\u00e9 sans pr\u00e9c\u00e9dent \u00e0 g\u00e9rer m\u00e9ticuleusement les informations des clients et \u00e0 acc\u00e9l\u00e9rer consid\u00e9rablement et \u00e0 optimiser le processus de paiement souvent souvent laborieux et souvent pro\u00e9ducteur. Collectivement, ce plugin extraordinaire et indispensable est sans aucun doute un choix incomparable et le plus optimal pour un \u00e9ventail d&rsquo;entreprises aspirant efficacement \u00e0 mon\u00e9tiser efficacement leur pr\u00e9sence en ligne inestimable et \u00e0 offrir un \u00e9ventail de contenu s\u00e9duisant et captivant r\u00e9serv\u00e9 aux membres avec une plus grande facilit\u00e9 et une efficacit\u00e9 transparente.<\/p>\n<ul>\n<li>Int\u00e9gration entre membres et WooCommerce<\/li>\n<li>Capacit\u00e9 \u00e0 vendre des adh\u00e9sions aux membres en tant que produits dans WooCommerce<\/li>\n<li>Processus de paiement simplifi\u00e9 pour les clients achetant des abonnements via WooCommerce<\/li>\n<li>La cr\u00e9ation automatique de comptes de membres de membre pour les clients qui ach\u00e8tent des produits d&rsquo;adh\u00e9sion via WooCommerce<\/li>\n<li>Rapports d\u00e9taill\u00e9s et suivi des ventes d&rsquo;adh\u00e9sion via WooCommerce<\/li>\n<li>Synchronisation transparente des donn\u00e9es d&rsquo;adh\u00e9sion entre MemberPress et WooCommerce pour une gestion pr\u00e9cise des membres<\/li>\n<li>Possibilit\u00e9 d&rsquo;offrir des ventes ou des modules compl\u00e9mentaires avec des produits d&rsquo;adh\u00e9sion dans WooCommerce<\/li>\n<li>Option pour les abonnements r\u00e9currents pour les abonnements vendus via WooCommerce<\/li>\n<li>Gestion pratique des abonnements et des ventes dans un seul emplacement central avec l&rsquo;utilisation de membre \u00e0 la fois et WooCommerce<\/li>\n<\/ul>\n","protected":false},"excerpt":{"rendered":"<p>MemberPress WooCommerce, un plugin incroyablement robuste, combine sans effort le brillant logiciel de site d&rsquo;adh\u00e9sion membre avec la plate-forme polyvalente WooCommerce. Gr\u00e2ce \u00e0 cette int\u00e9gration transparente, vous gagnez la capacit\u00e9 remarquable de commercialiser sans effort et de vendre des plans d&rsquo;adh\u00e9sion et divers produits dans votre boutique WooCommerce. De plus, cette int\u00e9gration offre \u00e9galement un acc\u00e8s exclusif au contenu restreint et aux fonctionnalit\u00e9s exclusives bas\u00e9es sur les niveaux d&rsquo;adh\u00e9sion uniques. En exploitant la puissance de MemberPress WooCommerce, vous pouvez construire efficacement une vitrine en ligne compl\u00e8tement personnalis\u00e9e et harmonieusement int\u00e9gr\u00e9e, en garantissant une exp\u00e9rience utilisateur transparente et fluide pour votre client\u00e8le estim\u00e9e.<\/p>\n","protected":false},"featured_media":144524,"comment_status":"open","ping_status":"open","template":"","meta":[],"product_brand":[2592],"product_cat":[1300,1181,1186],"product_tag":[1302],"class_list":{"0":"post-116803","1":"product","2":"type-product","3":"status-publish","4":"has-post-thumbnail","6":"product_brand-memberpress","7":"product_cat-adhesion","8":"product_cat-plugins","9":"product_cat-wordpress-plugins","10":"product_tag-memberpress","11":"member-discount","12":"discount-restricted","14":"first","15":"instock","16":"sale","17":"downloadable","18":"virtual","19":"sold-individually","20":"purchasable","21":"product-type-simple"},"_links":{"self":[{"href":"https:\/\/gpl-love.com\/fr\/wp-json\/wp\/v2\/product\/116803","targetHints":{"allow":["GET"]}}],"collection":[{"href":"https:\/\/gpl-love.com\/fr\/wp-json\/wp\/v2\/product"}],"about":[{"href":"https:\/\/gpl-love.com\/fr\/wp-json\/wp\/v2\/types\/product"}],"replies":[{"embeddable":true,"href":"https:\/\/gpl-love.com\/fr\/wp-json\/wp\/v2\/comments?post=116803"}],"wp:featuredmedia":[{"embeddable":true,"href":"https:\/\/gpl-love.com\/fr\/wp-json\/wp\/v2\/media\/144524"}],"wp:attachment":[{"href":"https:\/\/gpl-love.com\/fr\/wp-json\/wp\/v2\/media?parent=116803"}],"wp:term":[{"taxonomy":"product_brand","embeddable":true,"href":"https:\/\/gpl-love.com\/fr\/wp-json\/wp\/v2\/product_brand?post=116803"},{"taxonomy":"product_cat","embeddable":true,"href":"https:\/\/gpl-love.com\/fr\/wp-json\/wp\/v2\/product_cat?post=116803"},{"taxonomy":"product_tag","embeddable":true,"href":"https:\/\/gpl-love.com\/fr\/wp-json\/wp\/v2\/product_tag?post=116803"}],"curies":[{"name":"wp","href":"https:\/\/api.w.org\/{rel}","templated":true}]}}