{"id":116801,"date":"2021-08-07T00:00:00","date_gmt":"2021-08-06T22:00:00","guid":{"rendered":"http:\/\/gpl-love.com\/fr\/produit\/memberpress-user-roles\/"},"modified":"2026-04-10T18:31:18","modified_gmt":"2026-04-10T16:31:18","slug":"memberpress-user-roles","status":"publish","type":"product","link":"https:\/\/gpl-love.com\/fr\/produit\/memberpress-user-roles\/","title":{"rendered":"MemberPress User Roles 1.0.5"},"content":{"rendered":"<h3>MemberPress User Roles Traits<\/h3>\n<p>Les r\u00f4les utilisateur de MemberPress sont un plugin extr\u00eamement puissant qui offre aux propri\u00e9taires de sites Web la capacit\u00e9 pratique de g\u00e9rer et d&rsquo;attribuer efficacement les r\u00f4les et autorisations utilisateur sur leurs sites WordPress. En utilisant cet outil, les utilisateurs ont la possibilit\u00e9 de g\u00e9n\u00e9rer des r\u00f4les utilisateur sur mesure, de r\u00e9guler l&rsquo;accessibilit\u00e9 \u00e0 des pages ou des publications sp\u00e9cifiques, et m\u00eame \u00e0 prot\u00e9ger leur contenu \u00e0 partir de tout acc\u00e8s non autoris\u00e9. Avec son interface remarquablement conviviale, les r\u00f4les utilisateur de MemberPress rationalisent efficacement le processus de gestion des autorisations des utilisateurs, assurant finalement la s\u00e9curit\u00e9 fortifi\u00e9e de votre site. Que vous poss\u00e9diez un blog modeste ou un site de commerce \u00e9lectronique tentaculaire, ce plugin repr\u00e9sente ind\u00e9niablement un outil indispensable pour tout utilisateur WordPress qui cherche \u00e0 maintenir la plus grande organisation et la s\u00e9curit\u00e9 sur leur site. Par cons\u00e9quent, si vous poss\u00e9dez le d\u00e9sir de prendre le contr\u00f4le des r\u00f4les et des autorisations utilisateur de votre site, il devient \u00e9vident que les r\u00f4les utilisateur de membre sont la solution par excellence pour vous.<\/p>\n<ul>\n<li>Permet aux propri\u00e9taires de sites Web de cr\u00e9er et de g\u00e9rer plusieurs r\u00f4les d&rsquo;utilisateurs pour leur site d&rsquo;adh\u00e9sion<\/li>\n<li>Fournit des options de flexibilit\u00e9 et de personnalisation pour diff\u00e9rents niveaux d&rsquo;acc\u00e8s et d&rsquo;autorisations<\/li>\n<li>Permet aux propri\u00e9taires de sites de configurer des restrictions de contenu uniques et des r\u00e8gles d&rsquo;acc\u00e8s pour chaque r\u00f4le utilisateur<\/li>\n<li>Rationalise les t\u00e2ches administratives en automatisant l&rsquo;affectation et la gestion des r\u00f4les des utilisateurs<\/li>\n<li>INTRESSE INT\u00c9RIEUX DU PLUGIN DE L&rsquo;ADPPUCEMENT PRESSE pour une exp\u00e9rience utilisateur sans tracas<\/li>\n<li>Fournit des analyses d\u00e9taill\u00e9es et des rapports pour suivre l&rsquo;activit\u00e9 et l&rsquo;engagement des utilisateurs<\/li>\n<li>Offre des protocoles de connexion et d&rsquo;authentification s\u00e9curis\u00e9s pour prot\u00e9ger les donn\u00e9es et le contenu des utilisateurs<\/li>\n<li>Autorise les propri\u00e9taires de sites Web \u00e0 cr\u00e9er une exp\u00e9rience utilisateur personnalis\u00e9e et engageante pour leurs membres.<\/li>\n<\/ul>\n","protected":false},"excerpt":{"rendered":"<p>Les r\u00f4les utilisateur de MemberPress sont un plugin WordPress incroyablement robuste et hautement fonctionnel qui fournit un moyen vraiment dynamique et polyvalent d&rsquo;adapter les r\u00f4les utilisateur sur votre site Web. Ce plugin exceptionnel poss\u00e8de une vaste gamme de fonctionnalit\u00e9s exceptionnellement avanc\u00e9es, vous offrant la plus grande commodit\u00e9 et facilit\u00e9 lorsqu&rsquo;il s&rsquo;agit de fa\u00e7onner sans effort, de modifier et de superviser les r\u00f4les conform\u00e9ment \u00e0 vos exigences uniques et sp\u00e9cifiques. En utilisant les capacit\u00e9s remarquables des r\u00f4les des utilisateurs de membres, vous pouvez exercer efficacement et efficacement un contr\u00f4le complet sur l&rsquo;acc\u00e8s \u00e0 divers composants de votre site Web, ainsi que de restreindre habilement le contenu et de vous int\u00e9grer de mani\u00e8re transparente \u00e0 une pl\u00e9thore d&rsquo;autres plugins. Que vous vous trouviez \u00e0 la t\u00eate d&rsquo;un site de commerce \u00e9lectronique anim\u00e9, d&rsquo;un site d&rsquo;adh\u00e9sion florissant ou m\u00eame d&rsquo;un blog captivant et engageant, ce plugin remarquable est pr\u00eat et pr\u00eat \u00e0 vous offrir une solution in\u00e9gal\u00e9e et extr\u00eamement efficace pour g\u00e9rer habilement vos r\u00f4les utilisateur avec une facilit\u00e9 in\u00e9gal\u00e9e.<\/p>\n","protected":false},"featured_media":144523,"comment_status":"open","ping_status":"open","template":"","meta":[],"product_brand":[2592],"product_cat":[1300,1181,1186],"product_tag":[1302],"class_list":{"0":"post-116801","1":"product","2":"type-product","3":"status-publish","4":"has-post-thumbnail","6":"product_brand-memberpress","7":"product_cat-adhesion","8":"product_cat-plugins","9":"product_cat-wordpress-plugins","10":"product_tag-memberpress","11":"member-discount","12":"discount-restricted","14":"first","15":"instock","16":"sale","17":"downloadable","18":"virtual","19":"sold-individually","20":"purchasable","21":"product-type-simple"},"_links":{"self":[{"href":"https:\/\/gpl-love.com\/fr\/wp-json\/wp\/v2\/product\/116801","targetHints":{"allow":["GET"]}}],"collection":[{"href":"https:\/\/gpl-love.com\/fr\/wp-json\/wp\/v2\/product"}],"about":[{"href":"https:\/\/gpl-love.com\/fr\/wp-json\/wp\/v2\/types\/product"}],"replies":[{"embeddable":true,"href":"https:\/\/gpl-love.com\/fr\/wp-json\/wp\/v2\/comments?post=116801"}],"wp:featuredmedia":[{"embeddable":true,"href":"https:\/\/gpl-love.com\/fr\/wp-json\/wp\/v2\/media\/144523"}],"wp:attachment":[{"href":"https:\/\/gpl-love.com\/fr\/wp-json\/wp\/v2\/media?parent=116801"}],"wp:term":[{"taxonomy":"product_brand","embeddable":true,"href":"https:\/\/gpl-love.com\/fr\/wp-json\/wp\/v2\/product_brand?post=116801"},{"taxonomy":"product_cat","embeddable":true,"href":"https:\/\/gpl-love.com\/fr\/wp-json\/wp\/v2\/product_cat?post=116801"},{"taxonomy":"product_tag","embeddable":true,"href":"https:\/\/gpl-love.com\/fr\/wp-json\/wp\/v2\/product_tag?post=116801"}],"curies":[{"name":"wp","href":"https:\/\/api.w.org\/{rel}","templated":true}]}}