{"id":116799,"date":"2021-08-07T00:00:00","date_gmt":"2021-08-06T22:00:00","guid":{"rendered":"http:\/\/gpl-love.com\/fr\/produit\/memberpress-sendy\/"},"modified":"2026-04-10T18:31:17","modified_gmt":"2026-04-10T16:31:17","slug":"memberpress-sendy","status":"publish","type":"product","link":"https:\/\/gpl-love.com\/fr\/produit\/memberpress-sendy\/","title":{"rendered":"MemberPress Sendy 1.0.5"},"content":{"rendered":"<h3>MemberPress Sendy Traits<\/h3>\n<p>L&rsquo;int\u00e9gration de Sendy MemberPress est un outil incroyablement robuste et dynamique qui permet aux propri\u00e9taires de sites de connecter de mani\u00e8re transparente leur site d&rsquo;adh\u00e9sion \u00e0 membre du membre avec le logiciel de marketing par e-mail Sendy tr\u00e8s efficace. Cette int\u00e9gration offre aux utilisateurs la capacit\u00e9 in\u00e9gal\u00e9e de diffuser sans effort des campagnes de messagerie personnalis\u00e9es et cibl\u00e9es avec pr\u00e9cision \u00e0 leurs membres estim\u00e9s directement de Sendy, le tout sans avoir besoin de plugins ou d&rsquo;outils suppl\u00e9mentaires. Gr\u00e2ce \u00e0 l&rsquo;utilisation de l&rsquo;int\u00e9gration de Sendy Memberpress, les propri\u00e9taires de sites Web ont la capacit\u00e9 de superviser et de g\u00e9rer sans effort leurs diverses listes de messagerie, d&rsquo;artisanat et d&rsquo;adapter les segments personnalis\u00e9s, de surveiller et d&rsquo;\u00e9valuer \u00e9troitement les performances de leurs campagnes de messagerie respectives et m\u00eame d&rsquo;automatiser l&rsquo;ensemble du processus. MemberPress Sendy est vraiment un outil r\u00e9volutionnaire et r\u00e9volutionnaire qui facilite non seulement une communication efficace entre les propri\u00e9taires de sites Web et leurs pr\u00e9cieux membres, mais sert \u00e9galement de catalyseur \u00e0 un engagement accru et, finalement, des conversions accrues. Il s&rsquo;agit d&rsquo;un actif indispensable pour toute entreprise qui cherche \u00e0 optimiser et \u00e0 \u00e9lever leurs efforts de marketing par e-mail.<\/p>\n<ul>\n<li>Int\u00e9gration transparente entre membres et Sendy<\/li>\n<li>Mettez \u00e0 jour instantan\u00e9ment votre liste de diffusion Sendy avec les nouvelles donn\u00e9es des membres de MemberPress<\/li>\n<li>Automatiser la communication par e-mail aux membres avec les puissants outils de marketing par e-mail de Sendy<\/li>\n<li>Gagnez du temps et augmentez l&rsquo;efficacit\u00e9 en \u00e9liminant le besoin de saisie de donn\u00e9es manuelles ou de transferts de fichiers CSV<\/li>\n<li>Am\u00e9liorer l&rsquo;engagement et la r\u00e9tention des membres avec des campagnes par e-mail personnalis\u00e9es et cibl\u00e9es de Sendy<\/li>\n<li>Interface conviviale pour une configuration et une personnalisation faciles des campagnes de messagerie<\/li>\n<li>Une solution rentable pour les besoins en marketing par e-mail et en gestion des membres.<\/li>\n<\/ul>\n","protected":false},"excerpt":{"rendered":"<p>MemberPress Sendy, un outil d&rsquo;int\u00e9gration incroyablement puissant, vous offre l&rsquo;occasion remarquable d&rsquo;\u00e9tablir sans effort une connexion transparente entre votre site d&rsquo;adh\u00e9sion et la plate-forme de marketing par e-mail largement acclam\u00e9e connue sous le nom de Sendy. En vertu de cette int\u00e9gration exceptionnelle, vous gagnez la possibilit\u00e9 d&rsquo;automatiser vos campagnes d&rsquo;e-mail avec la plus grande facilit\u00e9, de diffuser du contenu personnalis\u00e9 \u00e0 vos abonn\u00e9s ch\u00e9ris et de surveiller m\u00e9ticuleusement les mesures de performance, tout au long de la commodit\u00e9 de votre tableau de bord membre. De plus, cette int\u00e9gration se pr\u00eate \u00e0 vous offrir une commande in\u00e9gal\u00e9e sur les notifications par e-mail, garantissant ainsi que vos membres estim\u00e9s restent compl\u00e8tement engag\u00e9s et extr\u00eamement inform\u00e9s, tout en exer\u00e7ant un effort minimal de votre part. Par cons\u00e9quent, si vous aspirez \u00e0 \u00e9lever votre site d&rsquo;adh\u00e9sion \u00e0 des hauteurs sans pr\u00e9c\u00e9dent, soyez assur\u00e9 que la solution ph\u00e9nom\u00e9nale qui est membre de l&rsquo;envoi vous attend \u00e0 bras ouverts!<\/p>\n","protected":false},"featured_media":144522,"comment_status":"open","ping_status":"open","template":"","meta":[],"product_brand":[2592],"product_cat":[1300,1181,1186],"product_tag":[1302],"class_list":{"0":"post-116799","1":"product","2":"type-product","3":"status-publish","4":"has-post-thumbnail","6":"product_brand-memberpress","7":"product_cat-adhesion","8":"product_cat-plugins","9":"product_cat-wordpress-plugins","10":"product_tag-memberpress","11":"member-discount","12":"discount-restricted","14":"first","15":"instock","16":"sale","17":"downloadable","18":"virtual","19":"sold-individually","20":"purchasable","21":"product-type-simple"},"_links":{"self":[{"href":"https:\/\/gpl-love.com\/fr\/wp-json\/wp\/v2\/product\/116799","targetHints":{"allow":["GET"]}}],"collection":[{"href":"https:\/\/gpl-love.com\/fr\/wp-json\/wp\/v2\/product"}],"about":[{"href":"https:\/\/gpl-love.com\/fr\/wp-json\/wp\/v2\/types\/product"}],"replies":[{"embeddable":true,"href":"https:\/\/gpl-love.com\/fr\/wp-json\/wp\/v2\/comments?post=116799"}],"wp:featuredmedia":[{"embeddable":true,"href":"https:\/\/gpl-love.com\/fr\/wp-json\/wp\/v2\/media\/144522"}],"wp:attachment":[{"href":"https:\/\/gpl-love.com\/fr\/wp-json\/wp\/v2\/media?parent=116799"}],"wp:term":[{"taxonomy":"product_brand","embeddable":true,"href":"https:\/\/gpl-love.com\/fr\/wp-json\/wp\/v2\/product_brand?post=116799"},{"taxonomy":"product_cat","embeddable":true,"href":"https:\/\/gpl-love.com\/fr\/wp-json\/wp\/v2\/product_cat?post=116799"},{"taxonomy":"product_tag","embeddable":true,"href":"https:\/\/gpl-love.com\/fr\/wp-json\/wp\/v2\/product_tag?post=116799"}],"curies":[{"name":"wp","href":"https:\/\/api.w.org\/{rel}","templated":true}]}}